{"id":86,"date":"2013-11-05T23:19:24","date_gmt":"2013-11-05T23:19:24","guid":{"rendered":"http:\/\/hermandadesperanzaarahal.es\/blog\/?page_id=607"},"modified":"2020-12-15T11:43:06","modified_gmt":"2020-12-15T11:43:06","slug":"informe-de-la-restauracion-de-nuestra-senora-de-las-angustias","status":"publish","type":"page","link":"https:\/\/hermandadesperanzaarahal.es\/blog\/informe-de-la-restauracion-de-nuestra-senora-de-las-angustias\/","title":{"rendered":"RESTAURACI\u00d3N DE NUESTRA SE\u00d1ORA DE LAS ANGUSTIAS"},"content":{"rendered":"<p style=\"text-align: justify;\">El estado de conservaci\u00f3n que presentaba la imagen de Nuestra Se\u00f1ora de las Angustias no era el adecuado para cumplir la funci\u00f3n evangelizadora para la que fue concebida por los antiguos miembros de la Hermandad Sacramental y Cofrad\u00eda de Nazarenos del Sant\u00edsimo Cristo de la Esperanza, Nuestra Se\u00f1ora de las Angustias, San Juan Evangelista y Santa Mar\u00eda Magdalena y materializada en madera por el prol\u00edfico imaginero Manuel Pineda Calder\u00f3n en el a\u00f1o 1938. Esta circunstancia ha motivado una intervenci\u00f3n de conservaci\u00f3n y restauraci\u00f3n integral, es decir se ha actuado a nivel de soporte principalmente y en menor medida a nivel de policrom\u00eda. El resultado final mantiene la impronta que el escultor dio a su obra, como no pod\u00eda ser de otra manera, conserv\u00e1ndola, para que contin\u00fae transmitiendo sus valores devocionales sin perturbar la contemplaci\u00f3n que de la misma tienen sus fi eles y devotos. En sus escasos setenta y cinco a\u00f1os de existencia, el amor, mimo, respeto y devoci\u00f3n con los que ha sido tratada no ha impedido que la materia se haya degradado, debido principalmente a la deficiente construcci\u00f3n de la estructura en origen, el intenso uso cultual de la misma y los cambios bruscos entre la humedad relativa y la temperatura, a los que indefectiblemente se ve sometida la madera y por ende el resto de estratos depositados sobre ella para dar color a las formas de la talla.<\/p>\n<p style=\"text-align: center;\"><img loading=\"lazy\" decoding=\"async\" class=\"size-medium wp-image-775 alignnone\" src=\"http:\/\/hermandadesperanzaarahal.es\/blog\/wp-content\/uploads\/2013\/11\/Brazos2-199x300.jpg\" alt=\"Brazos2\" width=\"199\" height=\"300\" \/> <img loading=\"lazy\" decoding=\"async\" class=\"alignnone size-medium wp-image-773\" src=\"http:\/\/hermandadesperanzaarahal.es\/blog\/wp-content\/uploads\/2013\/11\/Policromia6-199x300.jpg\" alt=\"Policromia6\" width=\"199\" height=\"300\" \/> <img loading=\"lazy\" decoding=\"async\" class=\"alignnone size-medium wp-image-772\" src=\"http:\/\/hermandadesperanzaarahal.es\/blog\/wp-content\/uploads\/2013\/11\/Candelero3-199x300.jpg\" alt=\"Candelero3\" width=\"199\" height=\"300\" \/><\/p>\n<p style=\"text-align: justify;\">\u201cManuel Pineda Calder\u00f3n (1906-1974), fue uno de los imagineros m\u00e1s activos en la etapa posterior a la Guerra civil espa\u00f1ola de 1936, en la que se hab\u00eda destruido una ingente cantidad de obras de arte, sobre todo religiosas. Su abultado cat\u00e1logo lo convierte en uno de los m\u00e1s prol\u00edficos de esos a\u00f1os.<\/p>\n<p style=\"text-align: justify;\">Sin embargo, el hecho de haber mantenido siempre su taller en Alcal\u00e1 de Guadaira, su ciudad natal, as\u00ed como no haber recibido encargos de importancia por parte de las Cofrad\u00edas de Sevilla, ha motivado que sea todav\u00eda muy desconocido.<\/p>\n<p style=\"text-align: justify;\">Sus obras se extienden por numerosos pueblos y ciudades de la geograf\u00eda andaluza, extreme\u00f1a, castellana, vasca, etc. En general, todas siguen las l\u00edneas de los grandes maestros del siglo de oro de la imaginer\u00eda sevillana, siendo las suyas f\u00e1cilmente identificables, merced a unos grafismos propios que las hacen inconfundibles.<\/p>\n<p style=\"text-align: justify;\">Pero su quehacer art\u00edstico no se limit\u00f3 s\u00f3lo a la escultura religiosa, sino que cultiv\u00f3 otros muchos campos como la pintura de caballete (tanto de tema profano como sagrado, sobre pan de oro), la talla de retablos, el dise\u00f1o de pasos procesionales, la pintura mural para la decoraci\u00f3n de capillas, la pintura sobre tejido, etc.<\/p>\n<p style=\"text-align: justify;\">Menci\u00f3n aparte merece el preciosismo con que elabora las policrom\u00edas y estofados de sus obras, destacando en este sentido las im\u00e1genes de peque\u00f1o formato, que son todo un tratado o cat\u00e1logo de t\u00e9cnicas y motivos decorativos.<\/p>\n<p style=\"text-align: justify;\">De car\u00e1cter sencillo, amigo de sus amigos, hombre servicial en extremo, fue toda una instituci\u00f3n en la Alcal\u00e1 de su \u00e9poca, y a\u00fan hoy su memoria perdura entre sus paisanos, habiendo recibido varios homenajes en vida, as\u00ed como la rotulaci\u00f3n de una calle con su nombre; de igual modo, fue nombrado Hijo Predilecto de la ciudad, estando enterrado en la Capilla de Nuestra Se\u00f1ora del Dulce Nombre de Mar\u00eda, de la Parroquia de San Sebasti\u00e1n.\u201d<\/p>\n<p style=\"text-align: justify;\">La imagen de Nuestra Se\u00f1ora de las Angustias no ha tenido una intervenci\u00f3n de restauraci\u00f3n desde una perspectiva cient\u00edfica, metodol\u00f3gica y rigurosa como la que se ha realizado desde que fue terminada por su autor. La historia material de la escultura tan solo recoge algunas modificaciones que realiz\u00f3 el propio Pineda Calder\u00f3n a instancias de Antonio Camacho en el rostro de la Virgen y la colocaci\u00f3n de nuevas pesta\u00f1as a cargo del hermano Luis Fernando Camacho Cintado.<\/p>\n<p style=\"text-align: justify;\">Una intervenci\u00f3n de restauraci\u00f3n de esta naturaleza no se entiende sin el apoyo de medios cient\u00edfico t\u00e9cnicos aplicados al estudio y conocimiento de aquellos aspectos de la construcci\u00f3n interna de la estructura de la imagen as\u00ed como de su estado de conservaci\u00f3n. Por ello en el mes de mayo del a\u00f1o 2011 se realiz\u00f3 un estudio mediante im\u00e1genes m\u00e9dicas sobre los que sustentar un informe diagn\u00f3stico del estado de conservaci\u00f3n de la imagen y una propuesta de intervenci\u00f3n que fue aprobada en Cabildo de Hermanos el d\u00eda 28 de septiembre del a\u00f1o 2012.<\/p>\n<p style=\"text-align: justify;\">El 29 de octubre del a\u00f1o 2012 es trasladada al taller para iniciar el tratamiento propuesto. Los principales problemas de conservaci\u00f3n que presentaba la imagen eran los siguientes:<\/p>\n<ul>\n<li>El candelero era un elemento deficiente por las siguientes razones: a nivel de construcci\u00f3n, ya que la carpinter\u00eda que presenta no es de calidad, tambi\u00e9n estructural, por cuanto sujeta al cuerpo de la imagen mediante puntillas y por \u00faltimo est\u00e9tico ya que tanto las maderas usadas como el corte de las mismas ha de ser cubierto por una tela para no llamar la atenci\u00f3n. En la base se localiz\u00f3 un orificio de salida producido por un ataque de insectos xil\u00f3fagos.<\/li>\n<\/ul>\n<ul>\n<li>Los brazos, articulados mediante el sistema denominado com\u00fanmente de \u201cgalleta\u201d presentaban amplias holguras entre sus piezas de uni\u00f3n, as\u00ed como en las espigas de hombros, codos y mu\u00f1ecas. Las modificaciones efectuadas en arreglos puntuales hab\u00edan perjudicado seriamente la funcionalidad de los mismos, ya que se manten\u00edan fijos mediante puntillas.<\/li>\n<\/ul>\n<ul>\n<li>El cuerpo, al igual que el candelero, se encontraba cubierto con telas y relleno de una serie de tejidos con la finalidad de dar forma a la anatom\u00eda del cuerpo, sobre todo en los hombros, ya que al no disponer de la terminaci\u00f3n de los mismos para alojar la articulaci\u00f3n de los brazos, queda en hueco y hac\u00eda necesario y justificado su relleno. El estrato de preparaci\u00f3n y color del cuerpo se encontraba sumamente degradado debido principalmente a los movimientos de la madera y los clavos y grapas usados para sujetar las telas que lo recubr\u00edan.<\/li>\n<\/ul>\n<ul>\n<li>Las piezas de madera que conforman la imagen se encuentran sujetas por una gran cantidad de puntillas, como desvelaron las radiograf\u00edas y la Tomograf\u00eda Axial Computarizada realizadas.<\/li>\n<\/ul>\n<ul>\n<li>Las manos presentaban fisuras superficiales sobre la policrom\u00eda que proced\u00edan de los movimientos de la madera.<\/li>\n<\/ul>\n<ul>\n<li>La policrom\u00eda presentaba un nivel de suciedad superficial medio. As\u00ed como importantes p\u00e9rdidas en la policrom\u00eda de las sienes, hombros y mu\u00f1ecas debido a los alfileres usados para vestirla. La adhesi\u00f3n de estos estratos al soporte era deficitaria en dichas zonas.<\/li>\n<\/ul>\n<ul>\n<li>Las pesta\u00f1as eran inadecuadas para el rostro de la imagen debido a su grosor, extensi\u00f3n y p\u00e9rdida de parte de la pesta\u00f1a izquierda.<\/li>\n<\/ul>\n<ul>\n<li>El sistema de sujeci\u00f3n de la corona es mejorable desde el punto de vista funcional y est\u00e9tico.<\/li>\n<\/ul>\n<p style=\"text-align: justify;\">El tratamiento realizado a nivel gen\u00e9rico ha sido el siguiente:<\/p>\n<ul>\n<li>Sustituci\u00f3n del candelero por otro de ocho palos en madera de cedro.<\/li>\n<\/ul>\n<ul>\n<li>Sustituci\u00f3n de los brazos por otros en madera de sapelli, articulados multidireccionalmente mediante el sistema de fosa y bola.<\/li>\n<\/ul>\n<ul>\n<li>Sustituci\u00f3n de las espigas de madera de las mu\u00f1ecas de las manos que se alojan en los antebrazos por un sistema en acero inoxidable que permite la fijaci\u00f3n de las mismas e impide su posible ca\u00edda.<\/li>\n<\/ul>\n<ul>\n<li>Eliminaci\u00f3n del recubrimiento de fibra de c\u00e1\u00f1amo y yeso del cuerpo de la imagen.<\/li>\n<\/ul>\n<ul>\n<li>Sustituci\u00f3n de las maderas que conforman las caderas y parte del abdomen.<\/li>\n<\/ul>\n<ul>\n<li>Construcci\u00f3n de hombros o \u201csombrerillos\u201d para alojar los brazos.<\/li>\n<\/ul>\n<ul>\n<li>Sustituci\u00f3n del sistema de sujeci\u00f3n de la corona por otro en acero inoxidable, consistente en una pieza cil\u00edndrica con rosca interior que queda alojada en la zona superior de la cabeza en la cual rosca un perno, que puede ser extra\u00eddo f\u00e1cilmente.<\/li>\n<\/ul>\n<ul>\n<li>Sustituci\u00f3n de las pesta\u00f1as.<\/li>\n<\/ul>\n<ul>\n<li>Extracci\u00f3n de puntillas y su sustituci\u00f3n por espigas de madera.<\/li>\n<\/ul>\n<ul>\n<li>Consolidaci\u00f3n de las fisuras.<\/li>\n<\/ul>\n<ul>\n<li>Cierre de agujeros.<\/li>\n<\/ul>\n<ul>\n<li>Fijaci\u00f3n de la policrom\u00eda que no se encontraba adherida al soporte. Principalmente en las fisuras y zonas afectadas por los alfileres.<\/li>\n<\/ul>\n<ul>\n<li>Realizaci\u00f3n de un test de solubilidad para determinar el disolvente o la mezcla de estos m\u00e1s adecuada para efectuar una limpieza superficial de la encarnadura.<\/li>\n<\/ul>\n<ul>\n<li>Limpieza del vidrio de los ojos y l\u00e1grimas.<\/li>\n<\/ul>\n<ul>\n<li>Estucado de lagunas.<\/li>\n<\/ul>\n<ul>\n<li>Reintegraci\u00f3n crom\u00e1tica de las mismas no diferenciada.<\/li>\n<\/ul>\n<ul>\n<li>Aplicaci\u00f3n de una capa de protecci\u00f3n final.<\/li>\n<\/ul>\n<p style=\"text-align: justify;\">Al margen de \u00e9sta propuesta se recomend\u00f3, como medida de conservaci\u00f3n preventiva, la realizaci\u00f3n de un corpi\u00f1o, gorro y mu\u00f1equeras en cuero para proteger la encarnadura de los alfileres usados para vestir la imagen, el cual se ha realizado as\u00ed como la confecci\u00f3n de un \u201cpollero\u201d telesc\u00f3pico que libere a la cabeza de soportar el peso de la corona y del manto de salida.<\/p>\n<p style=\"text-align: center;\"><img loading=\"lazy\" decoding=\"async\" class=\"alignnone size-medium wp-image-783\" src=\"http:\/\/hermandadesperanzaarahal.es\/blog\/wp-content\/uploads\/2013\/11\/restaurada-217x300.jpg\" alt=\"restaurada\" width=\"217\" height=\"300\" \/><\/p>\n<p style=\"text-align: justify;\">El tratamiento de restauraci\u00f3n concluy\u00f3 el d\u00eda 23 de enero del presente a\u00f1o 2013.<\/p>\n","protected":false},"excerpt":{"rendered":"<p>El estado de conservaci\u00f3n que presentaba la imagen de Nuestra Se\u00f1ora de las Angustias no era el adecuado para cumplir la funci\u00f3n evangelizadora para la que fue concebida por los antiguos miembros de la Hermandad Sacramental y Cofrad\u00eda de Nazarenos del Sant\u00edsimo Cristo de la Esperanza, Nuestra Se\u00f1ora de las Angustias, San Juan Evangelista y [&hellip;]<\/p>\n","protected":false},"author":1,"featured_media":0,"parent":0,"menu_order":0,"comment_status":"closed","ping_status":"closed","template":"","meta":{"_editorskit_title_hidden":false,"_editorskit_reading_time":5,"_editorskit_is_block_options_detached":false,"_editorskit_block_options_position":"{}","footnotes":""},"class_list":["post-86","page","type-page","status-publish","hentry"],"yoast_head":"<!-- This site is optimized with the Yoast SEO plugin v24.7 - https:\/\/yoast.com\/wordpress\/plugins\/seo\/ -->\n<title>RESTAURACI\u00d3N DE NUESTRA SE\u00d1ORA DE LAS ANGUSTIAS<\/title>\n<meta name=\"description\" content=\"El estado de conservaci\u00f3n que presentaba la imagen de Nuestra Se\u00f1ora de las Angustias no era el adecuado para cumplir la funci\u00f3n evangelizadora para la\" \/>\n<meta name=\"robots\" content=\"index, follow, max-snippet:-1, max-image-preview:large, max-video-preview:-1\" \/>\n<link rel=\"canonical\" href=\"https:\/\/hermandadesperanzaarahal.es\/blog\/informe-de-la-restauracion-de-nuestra-senora-de-las-angustias\/\" \/>\n<meta property=\"og:locale\" content=\"es_ES\" \/>\n<meta property=\"og:type\" content=\"article\" \/>\n<meta property=\"og:title\" content=\"RESTAURACI\u00d3N DE NUESTRA SE\u00d1ORA DE LAS ANGUSTIAS\" \/>\n<meta property=\"og:description\" content=\"El estado de conservaci\u00f3n que presentaba la imagen de Nuestra Se\u00f1ora de las Angustias no era el adecuado para cumplir la funci\u00f3n evangelizadora para la\" \/>\n<meta property=\"og:url\" content=\"https:\/\/hermandadesperanzaarahal.es\/blog\/informe-de-la-restauracion-de-nuestra-senora-de-las-angustias\/\" \/>\n<meta property=\"og:site_name\" content=\"Real Hermandad Sacramental del Sant\u00edsimo Cristo de la Esperanza, Nuestra Se\u00f1ora de las Angustias, San Juan Evangelista y Santa Mar\u00eda Magdalena\" \/>\n<meta property=\"article:publisher\" content=\"https:\/\/www.facebook.com\/RealHermandadEsperanzaDeArahal\" \/>\n<meta property=\"article:modified_time\" content=\"2020-12-15T11:43:06+00:00\" \/>\n<meta property=\"og:image\" content=\"http:\/\/hermandadesperanzaarahal.es\/blog\/wp-content\/uploads\/2013\/11\/Brazos2-199x300.jpg\" \/>\n<meta name=\"twitter:card\" content=\"summary_large_image\" \/>\n<meta name=\"twitter:site\" content=\"@hesperanzarahal\" \/>\n<meta name=\"twitter:label1\" content=\"Tiempo de lectura\" \/>\n\t<meta name=\"twitter:data1\" content=\"8 minutos\" \/>\n<script type=\"application\/ld+json\" class=\"yoast-schema-graph\">{\"@context\":\"https:\/\/schema.org\",\"@graph\":[{\"@type\":\"WebPage\",\"@id\":\"https:\/\/hermandadesperanzaarahal.es\/blog\/informe-de-la-restauracion-de-nuestra-senora-de-las-angustias\/\",\"url\":\"https:\/\/hermandadesperanzaarahal.es\/blog\/informe-de-la-restauracion-de-nuestra-senora-de-las-angustias\/\",\"name\":\"RESTAURACI\u00d3N DE NUESTRA SE\u00d1ORA DE LAS ANGUSTIAS\",\"isPartOf\":{\"@id\":\"https:\/\/hermandadesperanzaarahal.es\/blog\/#website\"},\"primaryImageOfPage\":{\"@id\":\"https:\/\/hermandadesperanzaarahal.es\/blog\/informe-de-la-restauracion-de-nuestra-senora-de-las-angustias\/#primaryimage\"},\"image\":{\"@id\":\"https:\/\/hermandadesperanzaarahal.es\/blog\/informe-de-la-restauracion-de-nuestra-senora-de-las-angustias\/#primaryimage\"},\"thumbnailUrl\":\"http:\/\/hermandadesperanzaarahal.es\/blog\/wp-content\/uploads\/2013\/11\/Brazos2-199x300.jpg\",\"datePublished\":\"2013-11-05T23:19:24+00:00\",\"dateModified\":\"2020-12-15T11:43:06+00:00\",\"description\":\"El estado de conservaci\u00f3n que presentaba la imagen de Nuestra Se\u00f1ora de las Angustias no era el adecuado para cumplir la funci\u00f3n evangelizadora para la\",\"breadcrumb\":{\"@id\":\"https:\/\/hermandadesperanzaarahal.es\/blog\/informe-de-la-restauracion-de-nuestra-senora-de-las-angustias\/#breadcrumb\"},\"inLanguage\":\"es\",\"potentialAction\":[{\"@type\":\"ReadAction\",\"target\":[\"https:\/\/hermandadesperanzaarahal.es\/blog\/informe-de-la-restauracion-de-nuestra-senora-de-las-angustias\/\"]}]},{\"@type\":\"ImageObject\",\"inLanguage\":\"es\",\"@id\":\"https:\/\/hermandadesperanzaarahal.es\/blog\/informe-de-la-restauracion-de-nuestra-senora-de-las-angustias\/#primaryimage\",\"url\":\"http:\/\/hermandadesperanzaarahal.es\/blog\/wp-content\/uploads\/2013\/11\/Brazos2-199x300.jpg\",\"contentUrl\":\"http:\/\/hermandadesperanzaarahal.es\/blog\/wp-content\/uploads\/2013\/11\/Brazos2-199x300.jpg\"},{\"@type\":\"BreadcrumbList\",\"@id\":\"https:\/\/hermandadesperanzaarahal.es\/blog\/informe-de-la-restauracion-de-nuestra-senora-de-las-angustias\/#breadcrumb\",\"itemListElement\":[{\"@type\":\"ListItem\",\"position\":1,\"name\":\"Portada\",\"item\":\"https:\/\/hermandadesperanzaarahal.es\/blog\/\"},{\"@type\":\"ListItem\",\"position\":2,\"name\":\"RESTAURACI\u00d3N DE NUESTRA SE\u00d1ORA DE LAS ANGUSTIAS\"}]},{\"@type\":\"WebSite\",\"@id\":\"https:\/\/hermandadesperanzaarahal.es\/blog\/#website\",\"url\":\"https:\/\/hermandadesperanzaarahal.es\/blog\/\",\"name\":\"Web Oficial de la Real Hermandad Sacramental y Cofrad\u00eda de Nazarenos del Sant\u00edsimo Cristo de la Esperanza, Nuestra Se\u00f1ora de las Angustias, San Juan Evangelista y Santa Mar\u00eda Magdalena de Arahal (Sevilla).\",\"description\":\"Web Oficial de la Real Hermandad Sacramental y Cofrad\u00eda de Nazarenos del Sant\u00edsimo Cristo de la Esperanza, Nuestra Se\u00f1ora de las Angustias, San Juan Evangelista y Santa Mar\u00eda Magdalena de Arahal (Sevilla).\",\"publisher\":{\"@id\":\"https:\/\/hermandadesperanzaarahal.es\/blog\/#organization\"},\"alternateName\":\"Real Hermandad Sacramental y Cofrad\u00eda de Nazarenos del Sant\u00edsimo Cristo de la Esperanza, Nuestra Se\u00f1ora de las Angustias, San Juan Evangelista y Santa Mar\u00eda Magdalena de Arahal (Sevilla)\",\"potentialAction\":[{\"@type\":\"SearchAction\",\"target\":{\"@type\":\"EntryPoint\",\"urlTemplate\":\"https:\/\/hermandadesperanzaarahal.es\/blog\/?s={search_term_string}\"},\"query-input\":{\"@type\":\"PropertyValueSpecification\",\"valueRequired\":true,\"valueName\":\"search_term_string\"}}],\"inLanguage\":\"es\"},{\"@type\":\"Organization\",\"@id\":\"https:\/\/hermandadesperanzaarahal.es\/blog\/#organization\",\"name\":\"Real Hermandad Sacramental del Sant\u00edsimo Cristo de la Esperanza, Nuestra Se\u00f1ora de las Angustias, San Juan Evangelista y Santa Mar\u00eda Magdalena\",\"alternateName\":\"Real Hermandad Sacramental del Sant\u00edsimo Cristo de la Esperanza - Arahal (Sevilla)\",\"url\":\"https:\/\/hermandadesperanzaarahal.es\/blog\/\",\"logo\":{\"@type\":\"ImageObject\",\"inLanguage\":\"es\",\"@id\":\"https:\/\/hermandadesperanzaarahal.es\/blog\/#\/schema\/logo\/image\/\",\"url\":\"https:\/\/hermandadesperanzaarahal.es\/blog\/wp-content\/uploads\/2021\/03\/ESCUDO-HERMANDAD-ESPERANZA-ARAHAL.png\",\"contentUrl\":\"https:\/\/hermandadesperanzaarahal.es\/blog\/wp-content\/uploads\/2021\/03\/ESCUDO-HERMANDAD-ESPERANZA-ARAHAL.png\",\"width\":1793,\"height\":2472,\"caption\":\"Real Hermandad Sacramental del Sant\u00edsimo Cristo de la Esperanza, Nuestra Se\u00f1ora de las Angustias, San Juan Evangelista y Santa Mar\u00eda Magdalena\"},\"image\":{\"@id\":\"https:\/\/hermandadesperanzaarahal.es\/blog\/#\/schema\/logo\/image\/\"},\"sameAs\":[\"https:\/\/www.facebook.com\/RealHermandadEsperanzaDeArahal\",\"https:\/\/x.com\/hesperanzarahal\"]}]}<\/script>\n<!-- \/ Yoast SEO plugin. -->","yoast_head_json":{"title":"RESTAURACI\u00d3N DE NUESTRA SE\u00d1ORA DE LAS ANGUSTIAS","description":"El estado de conservaci\u00f3n que presentaba la imagen de Nuestra Se\u00f1ora de las Angustias no era el adecuado para cumplir la funci\u00f3n evangelizadora para la","robots":{"index":"index","follow":"follow","max-snippet":"max-snippet:-1","max-image-preview":"max-image-preview:large","max-video-preview":"max-video-preview:-1"},"canonical":"https:\/\/hermandadesperanzaarahal.es\/blog\/informe-de-la-restauracion-de-nuestra-senora-de-las-angustias\/","og_locale":"es_ES","og_type":"article","og_title":"RESTAURACI\u00d3N DE NUESTRA SE\u00d1ORA DE LAS ANGUSTIAS","og_description":"El estado de conservaci\u00f3n que presentaba la imagen de Nuestra Se\u00f1ora de las Angustias no era el adecuado para cumplir la funci\u00f3n evangelizadora para la","og_url":"https:\/\/hermandadesperanzaarahal.es\/blog\/informe-de-la-restauracion-de-nuestra-senora-de-las-angustias\/","og_site_name":"Real Hermandad Sacramental del Sant\u00edsimo Cristo de la Esperanza, Nuestra Se\u00f1ora de las Angustias, San Juan Evangelista y Santa Mar\u00eda Magdalena","article_publisher":"https:\/\/www.facebook.com\/RealHermandadEsperanzaDeArahal","article_modified_time":"2020-12-15T11:43:06+00:00","og_image":[{"url":"http:\/\/hermandadesperanzaarahal.es\/blog\/wp-content\/uploads\/2013\/11\/Brazos2-199x300.jpg","type":"","width":"","height":""}],"twitter_card":"summary_large_image","twitter_site":"@hesperanzarahal","twitter_misc":{"Tiempo de lectura":"8 minutos"},"schema":{"@context":"https:\/\/schema.org","@graph":[{"@type":"WebPage","@id":"https:\/\/hermandadesperanzaarahal.es\/blog\/informe-de-la-restauracion-de-nuestra-senora-de-las-angustias\/","url":"https:\/\/hermandadesperanzaarahal.es\/blog\/informe-de-la-restauracion-de-nuestra-senora-de-las-angustias\/","name":"RESTAURACI\u00d3N DE NUESTRA SE\u00d1ORA DE LAS ANGUSTIAS","isPartOf":{"@id":"https:\/\/hermandadesperanzaarahal.es\/blog\/#website"},"primaryImageOfPage":{"@id":"https:\/\/hermandadesperanzaarahal.es\/blog\/informe-de-la-restauracion-de-nuestra-senora-de-las-angustias\/#primaryimage"},"image":{"@id":"https:\/\/hermandadesperanzaarahal.es\/blog\/informe-de-la-restauracion-de-nuestra-senora-de-las-angustias\/#primaryimage"},"thumbnailUrl":"http:\/\/hermandadesperanzaarahal.es\/blog\/wp-content\/uploads\/2013\/11\/Brazos2-199x300.jpg","datePublished":"2013-11-05T23:19:24+00:00","dateModified":"2020-12-15T11:43:06+00:00","description":"El estado de conservaci\u00f3n que presentaba la imagen de Nuestra Se\u00f1ora de las Angustias no era el adecuado para cumplir la funci\u00f3n evangelizadora para la","breadcrumb":{"@id":"https:\/\/hermandadesperanzaarahal.es\/blog\/informe-de-la-restauracion-de-nuestra-senora-de-las-angustias\/#breadcrumb"},"inLanguage":"es","potentialAction":[{"@type":"ReadAction","target":["https:\/\/hermandadesperanzaarahal.es\/blog\/informe-de-la-restauracion-de-nuestra-senora-de-las-angustias\/"]}]},{"@type":"ImageObject","inLanguage":"es","@id":"https:\/\/hermandadesperanzaarahal.es\/blog\/informe-de-la-restauracion-de-nuestra-senora-de-las-angustias\/#primaryimage","url":"http:\/\/hermandadesperanzaarahal.es\/blog\/wp-content\/uploads\/2013\/11\/Brazos2-199x300.jpg","contentUrl":"http:\/\/hermandadesperanzaarahal.es\/blog\/wp-content\/uploads\/2013\/11\/Brazos2-199x300.jpg"},{"@type":"BreadcrumbList","@id":"https:\/\/hermandadesperanzaarahal.es\/blog\/informe-de-la-restauracion-de-nuestra-senora-de-las-angustias\/#breadcrumb","itemListElement":[{"@type":"ListItem","position":1,"name":"Portada","item":"https:\/\/hermandadesperanzaarahal.es\/blog\/"},{"@type":"ListItem","position":2,"name":"RESTAURACI\u00d3N DE NUESTRA SE\u00d1ORA DE LAS ANGUSTIAS"}]},{"@type":"WebSite","@id":"https:\/\/hermandadesperanzaarahal.es\/blog\/#website","url":"https:\/\/hermandadesperanzaarahal.es\/blog\/","name":"Web Oficial de la Real Hermandad Sacramental y Cofrad\u00eda de Nazarenos del Sant\u00edsimo Cristo de la Esperanza, Nuestra Se\u00f1ora de las Angustias, San Juan Evangelista y Santa Mar\u00eda Magdalena de Arahal (Sevilla).","description":"Web Oficial de la Real Hermandad Sacramental y Cofrad\u00eda de Nazarenos del Sant\u00edsimo Cristo de la Esperanza, Nuestra Se\u00f1ora de las Angustias, San Juan Evangelista y Santa Mar\u00eda Magdalena de Arahal (Sevilla).","publisher":{"@id":"https:\/\/hermandadesperanzaarahal.es\/blog\/#organization"},"alternateName":"Real Hermandad Sacramental y Cofrad\u00eda de Nazarenos del Sant\u00edsimo Cristo de la Esperanza, Nuestra Se\u00f1ora de las Angustias, San Juan Evangelista y Santa Mar\u00eda Magdalena de Arahal (Sevilla)","potentialAction":[{"@type":"SearchAction","target":{"@type":"EntryPoint","urlTemplate":"https:\/\/hermandadesperanzaarahal.es\/blog\/?s={search_term_string}"},"query-input":{"@type":"PropertyValueSpecification","valueRequired":true,"valueName":"search_term_string"}}],"inLanguage":"es"},{"@type":"Organization","@id":"https:\/\/hermandadesperanzaarahal.es\/blog\/#organization","name":"Real Hermandad Sacramental del Sant\u00edsimo Cristo de la Esperanza, Nuestra Se\u00f1ora de las Angustias, San Juan Evangelista y Santa Mar\u00eda Magdalena","alternateName":"Real Hermandad Sacramental del Sant\u00edsimo Cristo de la Esperanza - Arahal (Sevilla)","url":"https:\/\/hermandadesperanzaarahal.es\/blog\/","logo":{"@type":"ImageObject","inLanguage":"es","@id":"https:\/\/hermandadesperanzaarahal.es\/blog\/#\/schema\/logo\/image\/","url":"https:\/\/hermandadesperanzaarahal.es\/blog\/wp-content\/uploads\/2021\/03\/ESCUDO-HERMANDAD-ESPERANZA-ARAHAL.png","contentUrl":"https:\/\/hermandadesperanzaarahal.es\/blog\/wp-content\/uploads\/2021\/03\/ESCUDO-HERMANDAD-ESPERANZA-ARAHAL.png","width":1793,"height":2472,"caption":"Real Hermandad Sacramental del Sant\u00edsimo Cristo de la Esperanza, Nuestra Se\u00f1ora de las Angustias, San Juan Evangelista y Santa Mar\u00eda Magdalena"},"image":{"@id":"https:\/\/hermandadesperanzaarahal.es\/blog\/#\/schema\/logo\/image\/"},"sameAs":["https:\/\/www.facebook.com\/RealHermandadEsperanzaDeArahal","https:\/\/x.com\/hesperanzarahal"]}]}},"_links":{"self":[{"href":"https:\/\/hermandadesperanzaarahal.es\/blog\/wp-json\/wp\/v2\/pages\/86","targetHints":{"allow":["GET"]}}],"collection":[{"href":"https:\/\/hermandadesperanzaarahal.es\/blog\/wp-json\/wp\/v2\/pages"}],"about":[{"href":"https:\/\/hermandadesperanzaarahal.es\/blog\/wp-json\/wp\/v2\/types\/page"}],"author":[{"embeddable":true,"href":"https:\/\/hermandadesperanzaarahal.es\/blog\/wp-json\/wp\/v2\/users\/1"}],"replies":[{"embeddable":true,"href":"https:\/\/hermandadesperanzaarahal.es\/blog\/wp-json\/wp\/v2\/comments?post=86"}],"version-history":[{"count":2,"href":"https:\/\/hermandadesperanzaarahal.es\/blog\/wp-json\/wp\/v2\/pages\/86\/revisions"}],"predecessor-version":[{"id":2359,"href":"https:\/\/hermandadesperanzaarahal.es\/blog\/wp-json\/wp\/v2\/pages\/86\/revisions\/2359"}],"wp:attachment":[{"href":"https:\/\/hermandadesperanzaarahal.es\/blog\/wp-json\/wp\/v2\/media?parent=86"}],"curies":[{"name":"wp","href":"https:\/\/api.w.org\/{rel}","templated":true}]}}