{"id":83,"date":"2013-10-25T17:08:08","date_gmt":"2013-10-25T17:08:08","guid":{"rendered":"http:\/\/hermandadesperanzaarahal.es\/blog\/?page_id=437"},"modified":"2024-08-07T14:06:08","modified_gmt":"2024-08-07T14:06:08","slug":"hermano-mayor","status":"publish","type":"page","link":"https:\/\/hermandadesperanzaarahal.es\/blog\/hermano-mayor\/","title":{"rendered":"HERMANA MAYOR"},"content":{"rendered":"<div class=\"wp-block-image\">\n<figure class=\"aligncenter size-full is-resized\"><img loading=\"lazy\" decoding=\"async\" width=\"6912\" height=\"2880\" src=\"https:\/\/hermandadesperanzaarahal.es\/blog\/wp-content\/uploads\/2024\/07\/mati-encabezado-HM.png\" alt=\"\" class=\"wp-image-2975\" style=\"width:511px;height:auto\" srcset=\"https:\/\/hermandadesperanzaarahal.es\/blog\/wp-content\/uploads\/2024\/07\/mati-encabezado-HM.png 6912w, https:\/\/hermandadesperanzaarahal.es\/blog\/wp-content\/uploads\/2024\/07\/mati-encabezado-HM-300x125.png 300w, https:\/\/hermandadesperanzaarahal.es\/blog\/wp-content\/uploads\/2024\/07\/mati-encabezado-HM-1024x427.png 1024w, https:\/\/hermandadesperanzaarahal.es\/blog\/wp-content\/uploads\/2024\/07\/mati-encabezado-HM-768x320.png 768w, https:\/\/hermandadesperanzaarahal.es\/blog\/wp-content\/uploads\/2024\/07\/mati-encabezado-HM-1536x640.png 1536w, https:\/\/hermandadesperanzaarahal.es\/blog\/wp-content\/uploads\/2024\/07\/mati-encabezado-HM-2048x853.png 2048w, https:\/\/hermandadesperanzaarahal.es\/blog\/wp-content\/uploads\/2024\/07\/mati-encabezado-HM-624x260.png 624w\" sizes=\"auto, (max-width: 6912px) 100vw, 6912px\" \/><\/figure><\/div>\n\n\n<p class=\"has-text-align-justify\">Queridos hermanos y hermanas,<\/p>\n\n\n\n<p class=\"has-text-align-justify\">Bienvenido a la p\u00e1gina web de la Real Hermandad Sacramental de la Esperanza, y recibe un fraternal saludo en mi nombre y en el de la Junta de Gobierno que tengo el honor de presidir.<\/p>\n\n\n\n<p class=\"has-text-align-justify\">Este portal en el que te encuentras, ser\u00e1 un lugar de acercamiento entre los hermanos de la Esperanza, y todos los que nos quieran conocer. Aqu\u00ed encontrar\u00e1s nuestra historia, fraguada desde hace 400 a\u00f1os. Tambi\u00e9n nuestro patrimonio cultural y humano, tan importantes en la vida de nuestra Hermandad. Por supuesto, este canal, nos mantiene informados de las actividades, formaci\u00f3n, cultos a nuestros titulares, y novedades que se vayan sucediendo a lo largo del a\u00f1o.<\/p>\n\n\n\n<p class=\"has-text-align-justify\">Pero no s\u00f3lo eso, queremos tambi\u00e9n, agilizar y modernizar nuestra comunicaci\u00f3n con nuestros hermanos, por lo que podremos atender los requerimientos y consultas que nos quer\u00e1is hacer.<\/p>\n\n\n\n<p class=\"has-text-align-justify\">Espero que est\u00e1 p\u00e1gina web os sea \u00fatil.<\/p>\n\n\n\n<p class=\"has-text-align-justify\">Recibe un fraternal abrazo en Cristo sacramentado, nuestra \u00fanica Esperanza.<\/p>\n\n\n\n<p class=\"has-text-align-right\"><strong>VUESTRA HERMANA MAYOR<\/strong><\/p>\n\n\n\n<p class=\"has-text-align-right\"><strong>Matilde Caballero Lobato<\/strong><\/p>\n","protected":false},"excerpt":{"rendered":"<p>Queridos hermanos y hermanas, Bienvenido a la p\u00e1gina web de la Real Hermandad Sacramental de la Esperanza, y recibe un fraternal saludo en mi nombre y en el de la Junta de Gobierno que tengo el honor de presidir. Este portal en el que te encuentras, ser\u00e1 un lugar de acercamiento entre los hermanos de [&hellip;]<\/p>\n","protected":false},"author":1,"featured_media":0,"parent":0,"menu_order":0,"comment_status":"closed","ping_status":"closed","template":"","meta":{"_editorskit_title_hidden":false,"_editorskit_reading_time":0,"_editorskit_is_block_options_detached":false,"_editorskit_block_options_position":"{}","footnotes":""},"class_list":["post-83","page","type-page","status-publish","hentry"],"yoast_head":"<!-- This site is optimized with the Yoast SEO plugin v24.7 - https:\/\/yoast.com\/wordpress\/plugins\/seo\/ -->\n<title>HERMANA MAYOR<\/title>\n<meta name=\"description\" content=\"Queridos hermanos y hermanas, Bienvenido a la p\u00e1gina web de la Real Hermandad Sacramental de la Esperanza, y recibe un fraternal saludo en mi nombre y en\" \/>\n<meta name=\"robots\" content=\"index, follow, max-snippet:-1, max-image-preview:large, max-video-preview:-1\" \/>\n<link rel=\"canonical\" href=\"https:\/\/hermandadesperanzaarahal.es\/blog\/hermano-mayor\/\" \/>\n<meta property=\"og:locale\" content=\"es_ES\" \/>\n<meta property=\"og:type\" content=\"article\" \/>\n<meta property=\"og:title\" content=\"HERMANA MAYOR\" \/>\n<meta property=\"og:description\" content=\"Queridos hermanos y hermanas, Bienvenido a la p\u00e1gina web de la Real Hermandad Sacramental de la Esperanza, y recibe un fraternal saludo en mi nombre y en\" \/>\n<meta property=\"og:url\" content=\"https:\/\/hermandadesperanzaarahal.es\/blog\/hermano-mayor\/\" \/>\n<meta property=\"og:site_name\" content=\"Real Hermandad Sacramental del Sant\u00edsimo Cristo de la Esperanza, Nuestra Se\u00f1ora de las Angustias, San Juan Evangelista y Santa Mar\u00eda Magdalena\" \/>\n<meta property=\"article:publisher\" content=\"https:\/\/www.facebook.com\/RealHermandadEsperanzaDeArahal\" \/>\n<meta property=\"article:modified_time\" content=\"2024-08-07T14:06:08+00:00\" \/>\n<meta property=\"og:image\" content=\"https:\/\/hermandadesperanzaarahal.es\/blog\/wp-content\/uploads\/2024\/07\/mati-encabezado-HM.png\" \/>\n<meta name=\"twitter:card\" content=\"summary_large_image\" \/>\n<meta name=\"twitter:site\" content=\"@hesperanzarahal\" \/>\n<meta name=\"twitter:label1\" content=\"Tiempo de lectura\" \/>\n\t<meta name=\"twitter:data1\" content=\"1 minuto\" \/>\n<script type=\"application\/ld+json\" class=\"yoast-schema-graph\">{\"@context\":\"https:\/\/schema.org\",\"@graph\":[{\"@type\":\"WebPage\",\"@id\":\"https:\/\/hermandadesperanzaarahal.es\/blog\/hermano-mayor\/\",\"url\":\"https:\/\/hermandadesperanzaarahal.es\/blog\/hermano-mayor\/\",\"name\":\"HERMANA MAYOR\",\"isPartOf\":{\"@id\":\"https:\/\/hermandadesperanzaarahal.es\/blog\/#website\"},\"primaryImageOfPage\":{\"@id\":\"https:\/\/hermandadesperanzaarahal.es\/blog\/hermano-mayor\/#primaryimage\"},\"image\":{\"@id\":\"https:\/\/hermandadesperanzaarahal.es\/blog\/hermano-mayor\/#primaryimage\"},\"thumbnailUrl\":\"https:\/\/hermandadesperanzaarahal.es\/blog\/wp-content\/uploads\/2024\/07\/mati-encabezado-HM.png\",\"datePublished\":\"2013-10-25T17:08:08+00:00\",\"dateModified\":\"2024-08-07T14:06:08+00:00\",\"description\":\"Queridos hermanos y hermanas, Bienvenido a la p\u00e1gina web de la Real Hermandad Sacramental de la Esperanza, y recibe un fraternal saludo en mi nombre y en\",\"breadcrumb\":{\"@id\":\"https:\/\/hermandadesperanzaarahal.es\/blog\/hermano-mayor\/#breadcrumb\"},\"inLanguage\":\"es\",\"potentialAction\":[{\"@type\":\"ReadAction\",\"target\":[\"https:\/\/hermandadesperanzaarahal.es\/blog\/hermano-mayor\/\"]}]},{\"@type\":\"ImageObject\",\"inLanguage\":\"es\",\"@id\":\"https:\/\/hermandadesperanzaarahal.es\/blog\/hermano-mayor\/#primaryimage\",\"url\":\"https:\/\/hermandadesperanzaarahal.es\/blog\/wp-content\/uploads\/2024\/07\/mati-encabezado-HM.png\",\"contentUrl\":\"https:\/\/hermandadesperanzaarahal.es\/blog\/wp-content\/uploads\/2024\/07\/mati-encabezado-HM.png\",\"width\":6912,\"height\":2880},{\"@type\":\"BreadcrumbList\",\"@id\":\"https:\/\/hermandadesperanzaarahal.es\/blog\/hermano-mayor\/#breadcrumb\",\"itemListElement\":[{\"@type\":\"ListItem\",\"position\":1,\"name\":\"Portada\",\"item\":\"https:\/\/hermandadesperanzaarahal.es\/blog\/\"},{\"@type\":\"ListItem\",\"position\":2,\"name\":\"HERMANA MAYOR\"}]},{\"@type\":\"WebSite\",\"@id\":\"https:\/\/hermandadesperanzaarahal.es\/blog\/#website\",\"url\":\"https:\/\/hermandadesperanzaarahal.es\/blog\/\",\"name\":\"Web Oficial de la Real Hermandad Sacramental y Cofrad\u00eda de Nazarenos del Sant\u00edsimo Cristo de la Esperanza, Nuestra Se\u00f1ora de las Angustias, San Juan Evangelista y Santa Mar\u00eda Magdalena de Arahal (Sevilla).\",\"description\":\"Web Oficial de la Real Hermandad Sacramental y Cofrad\u00eda de Nazarenos del Sant\u00edsimo Cristo de la Esperanza, Nuestra Se\u00f1ora de las Angustias, San Juan Evangelista y Santa Mar\u00eda Magdalena de Arahal (Sevilla).\",\"publisher\":{\"@id\":\"https:\/\/hermandadesperanzaarahal.es\/blog\/#organization\"},\"alternateName\":\"Real Hermandad Sacramental y Cofrad\u00eda de Nazarenos del Sant\u00edsimo Cristo de la Esperanza, Nuestra Se\u00f1ora de las Angustias, San Juan Evangelista y Santa Mar\u00eda Magdalena de Arahal (Sevilla)\",\"potentialAction\":[{\"@type\":\"SearchAction\",\"target\":{\"@type\":\"EntryPoint\",\"urlTemplate\":\"https:\/\/hermandadesperanzaarahal.es\/blog\/?s={search_term_string}\"},\"query-input\":{\"@type\":\"PropertyValueSpecification\",\"valueRequired\":true,\"valueName\":\"search_term_string\"}}],\"inLanguage\":\"es\"},{\"@type\":\"Organization\",\"@id\":\"https:\/\/hermandadesperanzaarahal.es\/blog\/#organization\",\"name\":\"Real Hermandad Sacramental del Sant\u00edsimo Cristo de la Esperanza, Nuestra Se\u00f1ora de las Angustias, San Juan Evangelista y Santa Mar\u00eda Magdalena\",\"alternateName\":\"Real Hermandad Sacramental del Sant\u00edsimo Cristo de la Esperanza - Arahal (Sevilla)\",\"url\":\"https:\/\/hermandadesperanzaarahal.es\/blog\/\",\"logo\":{\"@type\":\"ImageObject\",\"inLanguage\":\"es\",\"@id\":\"https:\/\/hermandadesperanzaarahal.es\/blog\/#\/schema\/logo\/image\/\",\"url\":\"https:\/\/hermandadesperanzaarahal.es\/blog\/wp-content\/uploads\/2021\/03\/ESCUDO-HERMANDAD-ESPERANZA-ARAHAL.png\",\"contentUrl\":\"https:\/\/hermandadesperanzaarahal.es\/blog\/wp-content\/uploads\/2021\/03\/ESCUDO-HERMANDAD-ESPERANZA-ARAHAL.png\",\"width\":1793,\"height\":2472,\"caption\":\"Real Hermandad Sacramental del Sant\u00edsimo Cristo de la Esperanza, Nuestra Se\u00f1ora de las Angustias, San Juan Evangelista y Santa Mar\u00eda Magdalena\"},\"image\":{\"@id\":\"https:\/\/hermandadesperanzaarahal.es\/blog\/#\/schema\/logo\/image\/\"},\"sameAs\":[\"https:\/\/www.facebook.com\/RealHermandadEsperanzaDeArahal\",\"https:\/\/x.com\/hesperanzarahal\"]}]}<\/script>\n<!-- \/ Yoast SEO plugin. -->","yoast_head_json":{"title":"HERMANA MAYOR","description":"Queridos hermanos y hermanas, Bienvenido a la p\u00e1gina web de la Real Hermandad Sacramental de la Esperanza, y recibe un fraternal saludo en mi nombre y en","robots":{"index":"index","follow":"follow","max-snippet":"max-snippet:-1","max-image-preview":"max-image-preview:large","max-video-preview":"max-video-preview:-1"},"canonical":"https:\/\/hermandadesperanzaarahal.es\/blog\/hermano-mayor\/","og_locale":"es_ES","og_type":"article","og_title":"HERMANA MAYOR","og_description":"Queridos hermanos y hermanas, Bienvenido a la p\u00e1gina web de la Real Hermandad Sacramental de la Esperanza, y recibe un fraternal saludo en mi nombre y en","og_url":"https:\/\/hermandadesperanzaarahal.es\/blog\/hermano-mayor\/","og_site_name":"Real Hermandad Sacramental del Sant\u00edsimo Cristo de la Esperanza, Nuestra Se\u00f1ora de las Angustias, San Juan Evangelista y Santa Mar\u00eda Magdalena","article_publisher":"https:\/\/www.facebook.com\/RealHermandadEsperanzaDeArahal","article_modified_time":"2024-08-07T14:06:08+00:00","og_image":[{"url":"https:\/\/hermandadesperanzaarahal.es\/blog\/wp-content\/uploads\/2024\/07\/mati-encabezado-HM.png","type":"","width":"","height":""}],"twitter_card":"summary_large_image","twitter_site":"@hesperanzarahal","twitter_misc":{"Tiempo de lectura":"1 minuto"},"schema":{"@context":"https:\/\/schema.org","@graph":[{"@type":"WebPage","@id":"https:\/\/hermandadesperanzaarahal.es\/blog\/hermano-mayor\/","url":"https:\/\/hermandadesperanzaarahal.es\/blog\/hermano-mayor\/","name":"HERMANA MAYOR","isPartOf":{"@id":"https:\/\/hermandadesperanzaarahal.es\/blog\/#website"},"primaryImageOfPage":{"@id":"https:\/\/hermandadesperanzaarahal.es\/blog\/hermano-mayor\/#primaryimage"},"image":{"@id":"https:\/\/hermandadesperanzaarahal.es\/blog\/hermano-mayor\/#primaryimage"},"thumbnailUrl":"https:\/\/hermandadesperanzaarahal.es\/blog\/wp-content\/uploads\/2024\/07\/mati-encabezado-HM.png","datePublished":"2013-10-25T17:08:08+00:00","dateModified":"2024-08-07T14:06:08+00:00","description":"Queridos hermanos y hermanas, Bienvenido a la p\u00e1gina web de la Real Hermandad Sacramental de la Esperanza, y recibe un fraternal saludo en mi nombre y en","breadcrumb":{"@id":"https:\/\/hermandadesperanzaarahal.es\/blog\/hermano-mayor\/#breadcrumb"},"inLanguage":"es","potentialAction":[{"@type":"ReadAction","target":["https:\/\/hermandadesperanzaarahal.es\/blog\/hermano-mayor\/"]}]},{"@type":"ImageObject","inLanguage":"es","@id":"https:\/\/hermandadesperanzaarahal.es\/blog\/hermano-mayor\/#primaryimage","url":"https:\/\/hermandadesperanzaarahal.es\/blog\/wp-content\/uploads\/2024\/07\/mati-encabezado-HM.png","contentUrl":"https:\/\/hermandadesperanzaarahal.es\/blog\/wp-content\/uploads\/2024\/07\/mati-encabezado-HM.png","width":6912,"height":2880},{"@type":"BreadcrumbList","@id":"https:\/\/hermandadesperanzaarahal.es\/blog\/hermano-mayor\/#breadcrumb","itemListElement":[{"@type":"ListItem","position":1,"name":"Portada","item":"https:\/\/hermandadesperanzaarahal.es\/blog\/"},{"@type":"ListItem","position":2,"name":"HERMANA MAYOR"}]},{"@type":"WebSite","@id":"https:\/\/hermandadesperanzaarahal.es\/blog\/#website","url":"https:\/\/hermandadesperanzaarahal.es\/blog\/","name":"Web Oficial de la Real Hermandad Sacramental y Cofrad\u00eda de Nazarenos del Sant\u00edsimo Cristo de la Esperanza, Nuestra Se\u00f1ora de las Angustias, San Juan Evangelista y Santa Mar\u00eda Magdalena de Arahal (Sevilla).","description":"Web Oficial de la Real Hermandad Sacramental y Cofrad\u00eda de Nazarenos del Sant\u00edsimo Cristo de la Esperanza, Nuestra Se\u00f1ora de las Angustias, San Juan Evangelista y Santa Mar\u00eda Magdalena de Arahal (Sevilla).","publisher":{"@id":"https:\/\/hermandadesperanzaarahal.es\/blog\/#organization"},"alternateName":"Real Hermandad Sacramental y Cofrad\u00eda de Nazarenos del Sant\u00edsimo Cristo de la Esperanza, Nuestra Se\u00f1ora de las Angustias, San Juan Evangelista y Santa Mar\u00eda Magdalena de Arahal (Sevilla)","potentialAction":[{"@type":"SearchAction","target":{"@type":"EntryPoint","urlTemplate":"https:\/\/hermandadesperanzaarahal.es\/blog\/?s={search_term_string}"},"query-input":{"@type":"PropertyValueSpecification","valueRequired":true,"valueName":"search_term_string"}}],"inLanguage":"es"},{"@type":"Organization","@id":"https:\/\/hermandadesperanzaarahal.es\/blog\/#organization","name":"Real Hermandad Sacramental del Sant\u00edsimo Cristo de la Esperanza, Nuestra Se\u00f1ora de las Angustias, San Juan Evangelista y Santa Mar\u00eda Magdalena","alternateName":"Real Hermandad Sacramental del Sant\u00edsimo Cristo de la Esperanza - Arahal (Sevilla)","url":"https:\/\/hermandadesperanzaarahal.es\/blog\/","logo":{"@type":"ImageObject","inLanguage":"es","@id":"https:\/\/hermandadesperanzaarahal.es\/blog\/#\/schema\/logo\/image\/","url":"https:\/\/hermandadesperanzaarahal.es\/blog\/wp-content\/uploads\/2021\/03\/ESCUDO-HERMANDAD-ESPERANZA-ARAHAL.png","contentUrl":"https:\/\/hermandadesperanzaarahal.es\/blog\/wp-content\/uploads\/2021\/03\/ESCUDO-HERMANDAD-ESPERANZA-ARAHAL.png","width":1793,"height":2472,"caption":"Real Hermandad Sacramental del Sant\u00edsimo Cristo de la Esperanza, Nuestra Se\u00f1ora de las Angustias, San Juan Evangelista y Santa Mar\u00eda Magdalena"},"image":{"@id":"https:\/\/hermandadesperanzaarahal.es\/blog\/#\/schema\/logo\/image\/"},"sameAs":["https:\/\/www.facebook.com\/RealHermandadEsperanzaDeArahal","https:\/\/x.com\/hesperanzarahal"]}]}},"_links":{"self":[{"href":"https:\/\/hermandadesperanzaarahal.es\/blog\/wp-json\/wp\/v2\/pages\/83","targetHints":{"allow":["GET"]}}],"collection":[{"href":"https:\/\/hermandadesperanzaarahal.es\/blog\/wp-json\/wp\/v2\/pages"}],"about":[{"href":"https:\/\/hermandadesperanzaarahal.es\/blog\/wp-json\/wp\/v2\/types\/page"}],"author":[{"embeddable":true,"href":"https:\/\/hermandadesperanzaarahal.es\/blog\/wp-json\/wp\/v2\/users\/1"}],"replies":[{"embeddable":true,"href":"https:\/\/hermandadesperanzaarahal.es\/blog\/wp-json\/wp\/v2\/comments?post=83"}],"version-history":[{"count":6,"href":"https:\/\/hermandadesperanzaarahal.es\/blog\/wp-json\/wp\/v2\/pages\/83\/revisions"}],"predecessor-version":[{"id":3017,"href":"https:\/\/hermandadesperanzaarahal.es\/blog\/wp-json\/wp\/v2\/pages\/83\/revisions\/3017"}],"wp:attachment":[{"href":"https:\/\/hermandadesperanzaarahal.es\/blog\/wp-json\/wp\/v2\/media?parent=83"}],"curies":[{"name":"wp","href":"https:\/\/api.w.org\/{rel}","templated":true}]}}