{"id":80,"date":"2013-10-24T09:17:29","date_gmt":"2013-10-24T09:17:29","guid":{"rendered":"http:\/\/hermandadesperanzaarahal.es\/blog\/?page_id=390"},"modified":"2020-12-15T11:43:08","modified_gmt":"2020-12-15T11:43:08","slug":"santa-maria-magdalena","status":"publish","type":"page","link":"https:\/\/hermandadesperanzaarahal.es\/blog\/santa-maria-magdalena\/","title":{"rendered":"SANTA MAR\u00cdA MAGDALENA"},"content":{"rendered":"<p style=\"text-align: justify;\"><img loading=\"lazy\" decoding=\"async\" class=\"alignleft\" alt=\"magdalena\" src=\"http:\/\/hermandadesperanzaarahal.es\/blog\/wp-content\/uploads\/2013\/10\/magdalena-182x300.jpg\" width=\"182\" height=\"300\" \/>La Hermandad de la Esperanza no introduce el culto penitencial a Santa Mar\u00eda Madalena hasta el siglo XIX. No aparecen antecedentes documentales de la imagen hasta el a\u00f1o 1882, con una anotaci\u00f3n en un libro de cuentas de 1.030 reales destinados al escultor de Sevilla que la hizo \u2013sin m\u00e1s datos- y otra peque\u00f1a cantidad, muy pr\u00f3xima en el tiempo, \u00abpor su tratamiento\u00bb.<\/p>\n<p style=\"text-align: justify;\">La escultura es una imagen de candelero, realizada en madera de pino, policromada y que en su morfolog\u00eda conserva algunos detalles heredados del XVIII: ojos de cristal y peluca.<\/p>\n<p style=\"text-align: justify;\">Esta Magdalena acompa\u00f1\u00f3 en su paso a los tres crucificados que ha poseido la Hermandad, desde el a\u00f1o antes mencionado hasta mediados del siglo XX. En el incendio del 36, se destruy\u00f3 gran parte del cuerpo quedando la cabeza muy deteriorada. Fue el escultor Pineda Calder\u00f3n el encargado de su restauraci\u00f3n.<\/p>\n<p style=\"text-align: justify;\">En la d\u00e9cada de los 50, fue trasladada a la vecina localidad de La Puebla de Cazalla, cedida en dep\u00f3sito a una hermandad de all\u00ed. La imagen, despu\u00e9s de unos a\u00f1os, fue olvidada por la hermandad de La Puebla y abandonada, m\u00e1s que almacenada, expuesta a la acci\u00f3n de la humedad y otras inclemencias. En 1992, la Junta de Gobierno de la Hermandad propone rescatar la escultura de la Santa Patrona. Tras varias gestiones, se consigue la recuperaci\u00f3n el viernes 8 de mayo. El estado era deprimente: mutilaciones, desencolado de piezas, grietas, p\u00e9rdida de policrom\u00eda, etc.<\/p>\n<p style=\"text-align: justify;\">Ante tal panorama, la Hermandad acuerda su recuperaci\u00f3n y contrata con Ressur la restauraci\u00f3n de la imagen. Todo el trabajo es realizado por los t\u00e9cnicos en un almac\u00e9n propiedad de la Hermandad, concluy\u00e9ndose el 2 de julio de 1993. Es bendecida el d\u00eda de su festividad y recorre las principales calles de la ciudad en un sencillo paso improvisado por varios hermanos. Al a\u00f1o siguiente tras profundas desavenencias entre partidarios y contrarios, la imagen acompa\u00f1\u00f3 al Cristo de la Esperanza en su estaci\u00f3n del Viernes Santo. Hoy su advocaci\u00f3n se ha unido a los t\u00edtulos de la Hermandad y se venera en el altar al pie de la Cruz, pero no ha figurado m\u00e1s en el paso.<\/p>\n","protected":false},"excerpt":{"rendered":"<p>La Hermandad de la Esperanza no introduce el culto penitencial a Santa Mar\u00eda Madalena hasta el siglo XIX. No aparecen antecedentes documentales de la imagen hasta el a\u00f1o 1882, con una anotaci\u00f3n en un libro de cuentas de 1.030 reales destinados al escultor de Sevilla que la hizo \u2013sin m\u00e1s datos- y otra peque\u00f1a cantidad, [&hellip;]<\/p>\n","protected":false},"author":1,"featured_media":0,"parent":0,"menu_order":0,"comment_status":"closed","ping_status":"closed","template":"","meta":{"_editorskit_title_hidden":false,"_editorskit_reading_time":0,"_editorskit_is_block_options_detached":false,"_editorskit_block_options_position":"{}","footnotes":""},"class_list":["post-80","page","type-page","status-publish","hentry"],"yoast_head":"<!-- This site is optimized with the Yoast SEO plugin v24.7 - https:\/\/yoast.com\/wordpress\/plugins\/seo\/ -->\n<title>SANTA MAR\u00cdA MAGDALENA<\/title>\n<meta name=\"description\" content=\"La Hermandad de la Esperanza no introduce el culto penitencial a Santa Mar\u00eda Madalena hasta el siglo XIX. No aparecen antecedentes documentales de la\" \/>\n<meta name=\"robots\" content=\"index, follow, max-snippet:-1, max-image-preview:large, max-video-preview:-1\" \/>\n<link rel=\"canonical\" href=\"https:\/\/hermandadesperanzaarahal.es\/blog\/santa-maria-magdalena\/\" \/>\n<meta property=\"og:locale\" content=\"es_ES\" \/>\n<meta property=\"og:type\" content=\"article\" \/>\n<meta property=\"og:title\" content=\"SANTA MAR\u00cdA MAGDALENA\" \/>\n<meta property=\"og:description\" content=\"La Hermandad de la Esperanza no introduce el culto penitencial a Santa Mar\u00eda Madalena hasta el siglo XIX. No aparecen antecedentes documentales de la\" \/>\n<meta property=\"og:url\" content=\"https:\/\/hermandadesperanzaarahal.es\/blog\/santa-maria-magdalena\/\" \/>\n<meta property=\"og:site_name\" content=\"Real Hermandad Sacramental del Sant\u00edsimo Cristo de la Esperanza, Nuestra Se\u00f1ora de las Angustias, San Juan Evangelista y Santa Mar\u00eda Magdalena\" \/>\n<meta property=\"article:publisher\" content=\"https:\/\/www.facebook.com\/RealHermandadEsperanzaDeArahal\" \/>\n<meta property=\"article:modified_time\" content=\"2020-12-15T11:43:08+00:00\" \/>\n<meta property=\"og:image\" content=\"http:\/\/hermandadesperanzaarahal.es\/blog\/wp-content\/uploads\/2013\/10\/magdalena-182x300.jpg\" \/>\n<meta name=\"twitter:card\" content=\"summary_large_image\" \/>\n<meta name=\"twitter:site\" content=\"@hesperanzarahal\" \/>\n<meta name=\"twitter:label1\" content=\"Tiempo de lectura\" \/>\n\t<meta name=\"twitter:data1\" content=\"2 minutos\" \/>\n<script type=\"application\/ld+json\" class=\"yoast-schema-graph\">{\"@context\":\"https:\/\/schema.org\",\"@graph\":[{\"@type\":\"WebPage\",\"@id\":\"https:\/\/hermandadesperanzaarahal.es\/blog\/santa-maria-magdalena\/\",\"url\":\"https:\/\/hermandadesperanzaarahal.es\/blog\/santa-maria-magdalena\/\",\"name\":\"SANTA MAR\u00cdA MAGDALENA\",\"isPartOf\":{\"@id\":\"https:\/\/hermandadesperanzaarahal.es\/blog\/#website\"},\"primaryImageOfPage\":{\"@id\":\"https:\/\/hermandadesperanzaarahal.es\/blog\/santa-maria-magdalena\/#primaryimage\"},\"image\":{\"@id\":\"https:\/\/hermandadesperanzaarahal.es\/blog\/santa-maria-magdalena\/#primaryimage\"},\"thumbnailUrl\":\"http:\/\/hermandadesperanzaarahal.es\/blog\/wp-content\/uploads\/2013\/10\/magdalena-182x300.jpg\",\"datePublished\":\"2013-10-24T09:17:29+00:00\",\"dateModified\":\"2020-12-15T11:43:08+00:00\",\"description\":\"La Hermandad de la Esperanza no introduce el culto penitencial a Santa Mar\u00eda Madalena hasta el siglo XIX. No aparecen antecedentes documentales de la\",\"breadcrumb\":{\"@id\":\"https:\/\/hermandadesperanzaarahal.es\/blog\/santa-maria-magdalena\/#breadcrumb\"},\"inLanguage\":\"es\",\"potentialAction\":[{\"@type\":\"ReadAction\",\"target\":[\"https:\/\/hermandadesperanzaarahal.es\/blog\/santa-maria-magdalena\/\"]}]},{\"@type\":\"ImageObject\",\"inLanguage\":\"es\",\"@id\":\"https:\/\/hermandadesperanzaarahal.es\/blog\/santa-maria-magdalena\/#primaryimage\",\"url\":\"http:\/\/hermandadesperanzaarahal.es\/blog\/wp-content\/uploads\/2013\/10\/magdalena-182x300.jpg\",\"contentUrl\":\"http:\/\/hermandadesperanzaarahal.es\/blog\/wp-content\/uploads\/2013\/10\/magdalena-182x300.jpg\"},{\"@type\":\"BreadcrumbList\",\"@id\":\"https:\/\/hermandadesperanzaarahal.es\/blog\/santa-maria-magdalena\/#breadcrumb\",\"itemListElement\":[{\"@type\":\"ListItem\",\"position\":1,\"name\":\"Portada\",\"item\":\"https:\/\/hermandadesperanzaarahal.es\/blog\/\"},{\"@type\":\"ListItem\",\"position\":2,\"name\":\"SANTA MAR\u00cdA MAGDALENA\"}]},{\"@type\":\"WebSite\",\"@id\":\"https:\/\/hermandadesperanzaarahal.es\/blog\/#website\",\"url\":\"https:\/\/hermandadesperanzaarahal.es\/blog\/\",\"name\":\"Web Oficial de la Real Hermandad Sacramental y Cofrad\u00eda de Nazarenos del Sant\u00edsimo Cristo de la Esperanza, Nuestra Se\u00f1ora de las Angustias, San Juan Evangelista y Santa Mar\u00eda Magdalena de Arahal (Sevilla).\",\"description\":\"Web Oficial de la Real Hermandad Sacramental y Cofrad\u00eda de Nazarenos del Sant\u00edsimo Cristo de la Esperanza, Nuestra Se\u00f1ora de las Angustias, San Juan Evangelista y Santa Mar\u00eda Magdalena de Arahal (Sevilla).\",\"publisher\":{\"@id\":\"https:\/\/hermandadesperanzaarahal.es\/blog\/#organization\"},\"alternateName\":\"Real Hermandad Sacramental y Cofrad\u00eda de Nazarenos del Sant\u00edsimo Cristo de la Esperanza, Nuestra Se\u00f1ora de las Angustias, San Juan Evangelista y Santa Mar\u00eda Magdalena de Arahal (Sevilla)\",\"potentialAction\":[{\"@type\":\"SearchAction\",\"target\":{\"@type\":\"EntryPoint\",\"urlTemplate\":\"https:\/\/hermandadesperanzaarahal.es\/blog\/?s={search_term_string}\"},\"query-input\":{\"@type\":\"PropertyValueSpecification\",\"valueRequired\":true,\"valueName\":\"search_term_string\"}}],\"inLanguage\":\"es\"},{\"@type\":\"Organization\",\"@id\":\"https:\/\/hermandadesperanzaarahal.es\/blog\/#organization\",\"name\":\"Real Hermandad Sacramental del Sant\u00edsimo Cristo de la Esperanza, Nuestra Se\u00f1ora de las Angustias, San Juan Evangelista y Santa Mar\u00eda Magdalena\",\"alternateName\":\"Real Hermandad Sacramental del Sant\u00edsimo Cristo de la Esperanza - Arahal (Sevilla)\",\"url\":\"https:\/\/hermandadesperanzaarahal.es\/blog\/\",\"logo\":{\"@type\":\"ImageObject\",\"inLanguage\":\"es\",\"@id\":\"https:\/\/hermandadesperanzaarahal.es\/blog\/#\/schema\/logo\/image\/\",\"url\":\"https:\/\/hermandadesperanzaarahal.es\/blog\/wp-content\/uploads\/2021\/03\/ESCUDO-HERMANDAD-ESPERANZA-ARAHAL.png\",\"contentUrl\":\"https:\/\/hermandadesperanzaarahal.es\/blog\/wp-content\/uploads\/2021\/03\/ESCUDO-HERMANDAD-ESPERANZA-ARAHAL.png\",\"width\":1793,\"height\":2472,\"caption\":\"Real Hermandad Sacramental del Sant\u00edsimo Cristo de la Esperanza, Nuestra Se\u00f1ora de las Angustias, San Juan Evangelista y Santa Mar\u00eda Magdalena\"},\"image\":{\"@id\":\"https:\/\/hermandadesperanzaarahal.es\/blog\/#\/schema\/logo\/image\/\"},\"sameAs\":[\"https:\/\/www.facebook.com\/RealHermandadEsperanzaDeArahal\",\"https:\/\/x.com\/hesperanzarahal\"]}]}<\/script>\n<!-- \/ Yoast SEO plugin. -->","yoast_head_json":{"title":"SANTA MAR\u00cdA MAGDALENA","description":"La Hermandad de la Esperanza no introduce el culto penitencial a Santa Mar\u00eda Madalena hasta el siglo XIX. No aparecen antecedentes documentales de la","robots":{"index":"index","follow":"follow","max-snippet":"max-snippet:-1","max-image-preview":"max-image-preview:large","max-video-preview":"max-video-preview:-1"},"canonical":"https:\/\/hermandadesperanzaarahal.es\/blog\/santa-maria-magdalena\/","og_locale":"es_ES","og_type":"article","og_title":"SANTA MAR\u00cdA MAGDALENA","og_description":"La Hermandad de la Esperanza no introduce el culto penitencial a Santa Mar\u00eda Madalena hasta el siglo XIX. No aparecen antecedentes documentales de la","og_url":"https:\/\/hermandadesperanzaarahal.es\/blog\/santa-maria-magdalena\/","og_site_name":"Real Hermandad Sacramental del Sant\u00edsimo Cristo de la Esperanza, Nuestra Se\u00f1ora de las Angustias, San Juan Evangelista y Santa Mar\u00eda Magdalena","article_publisher":"https:\/\/www.facebook.com\/RealHermandadEsperanzaDeArahal","article_modified_time":"2020-12-15T11:43:08+00:00","og_image":[{"url":"http:\/\/hermandadesperanzaarahal.es\/blog\/wp-content\/uploads\/2013\/10\/magdalena-182x300.jpg","type":"","width":"","height":""}],"twitter_card":"summary_large_image","twitter_site":"@hesperanzarahal","twitter_misc":{"Tiempo de lectura":"2 minutos"},"schema":{"@context":"https:\/\/schema.org","@graph":[{"@type":"WebPage","@id":"https:\/\/hermandadesperanzaarahal.es\/blog\/santa-maria-magdalena\/","url":"https:\/\/hermandadesperanzaarahal.es\/blog\/santa-maria-magdalena\/","name":"SANTA MAR\u00cdA MAGDALENA","isPartOf":{"@id":"https:\/\/hermandadesperanzaarahal.es\/blog\/#website"},"primaryImageOfPage":{"@id":"https:\/\/hermandadesperanzaarahal.es\/blog\/santa-maria-magdalena\/#primaryimage"},"image":{"@id":"https:\/\/hermandadesperanzaarahal.es\/blog\/santa-maria-magdalena\/#primaryimage"},"thumbnailUrl":"http:\/\/hermandadesperanzaarahal.es\/blog\/wp-content\/uploads\/2013\/10\/magdalena-182x300.jpg","datePublished":"2013-10-24T09:17:29+00:00","dateModified":"2020-12-15T11:43:08+00:00","description":"La Hermandad de la Esperanza no introduce el culto penitencial a Santa Mar\u00eda Madalena hasta el siglo XIX. No aparecen antecedentes documentales de la","breadcrumb":{"@id":"https:\/\/hermandadesperanzaarahal.es\/blog\/santa-maria-magdalena\/#breadcrumb"},"inLanguage":"es","potentialAction":[{"@type":"ReadAction","target":["https:\/\/hermandadesperanzaarahal.es\/blog\/santa-maria-magdalena\/"]}]},{"@type":"ImageObject","inLanguage":"es","@id":"https:\/\/hermandadesperanzaarahal.es\/blog\/santa-maria-magdalena\/#primaryimage","url":"http:\/\/hermandadesperanzaarahal.es\/blog\/wp-content\/uploads\/2013\/10\/magdalena-182x300.jpg","contentUrl":"http:\/\/hermandadesperanzaarahal.es\/blog\/wp-content\/uploads\/2013\/10\/magdalena-182x300.jpg"},{"@type":"BreadcrumbList","@id":"https:\/\/hermandadesperanzaarahal.es\/blog\/santa-maria-magdalena\/#breadcrumb","itemListElement":[{"@type":"ListItem","position":1,"name":"Portada","item":"https:\/\/hermandadesperanzaarahal.es\/blog\/"},{"@type":"ListItem","position":2,"name":"SANTA MAR\u00cdA MAGDALENA"}]},{"@type":"WebSite","@id":"https:\/\/hermandadesperanzaarahal.es\/blog\/#website","url":"https:\/\/hermandadesperanzaarahal.es\/blog\/","name":"Web Oficial de la Real Hermandad Sacramental y Cofrad\u00eda de Nazarenos del Sant\u00edsimo Cristo de la Esperanza, Nuestra Se\u00f1ora de las Angustias, San Juan Evangelista y Santa Mar\u00eda Magdalena de Arahal (Sevilla).","description":"Web Oficial de la Real Hermandad Sacramental y Cofrad\u00eda de Nazarenos del Sant\u00edsimo Cristo de la Esperanza, Nuestra Se\u00f1ora de las Angustias, San Juan Evangelista y Santa Mar\u00eda Magdalena de Arahal (Sevilla).","publisher":{"@id":"https:\/\/hermandadesperanzaarahal.es\/blog\/#organization"},"alternateName":"Real Hermandad Sacramental y Cofrad\u00eda de Nazarenos del Sant\u00edsimo Cristo de la Esperanza, Nuestra Se\u00f1ora de las Angustias, San Juan Evangelista y Santa Mar\u00eda Magdalena de Arahal (Sevilla)","potentialAction":[{"@type":"SearchAction","target":{"@type":"EntryPoint","urlTemplate":"https:\/\/hermandadesperanzaarahal.es\/blog\/?s={search_term_string}"},"query-input":{"@type":"PropertyValueSpecification","valueRequired":true,"valueName":"search_term_string"}}],"inLanguage":"es"},{"@type":"Organization","@id":"https:\/\/hermandadesperanzaarahal.es\/blog\/#organization","name":"Real Hermandad Sacramental del Sant\u00edsimo Cristo de la Esperanza, Nuestra Se\u00f1ora de las Angustias, San Juan Evangelista y Santa Mar\u00eda Magdalena","alternateName":"Real Hermandad Sacramental del Sant\u00edsimo Cristo de la Esperanza - Arahal (Sevilla)","url":"https:\/\/hermandadesperanzaarahal.es\/blog\/","logo":{"@type":"ImageObject","inLanguage":"es","@id":"https:\/\/hermandadesperanzaarahal.es\/blog\/#\/schema\/logo\/image\/","url":"https:\/\/hermandadesperanzaarahal.es\/blog\/wp-content\/uploads\/2021\/03\/ESCUDO-HERMANDAD-ESPERANZA-ARAHAL.png","contentUrl":"https:\/\/hermandadesperanzaarahal.es\/blog\/wp-content\/uploads\/2021\/03\/ESCUDO-HERMANDAD-ESPERANZA-ARAHAL.png","width":1793,"height":2472,"caption":"Real Hermandad Sacramental del Sant\u00edsimo Cristo de la Esperanza, Nuestra Se\u00f1ora de las Angustias, San Juan Evangelista y Santa Mar\u00eda Magdalena"},"image":{"@id":"https:\/\/hermandadesperanzaarahal.es\/blog\/#\/schema\/logo\/image\/"},"sameAs":["https:\/\/www.facebook.com\/RealHermandadEsperanzaDeArahal","https:\/\/x.com\/hesperanzarahal"]}]}},"_links":{"self":[{"href":"https:\/\/hermandadesperanzaarahal.es\/blog\/wp-json\/wp\/v2\/pages\/80","targetHints":{"allow":["GET"]}}],"collection":[{"href":"https:\/\/hermandadesperanzaarahal.es\/blog\/wp-json\/wp\/v2\/pages"}],"about":[{"href":"https:\/\/hermandadesperanzaarahal.es\/blog\/wp-json\/wp\/v2\/types\/page"}],"author":[{"embeddable":true,"href":"https:\/\/hermandadesperanzaarahal.es\/blog\/wp-json\/wp\/v2\/users\/1"}],"replies":[{"embeddable":true,"href":"https:\/\/hermandadesperanzaarahal.es\/blog\/wp-json\/wp\/v2\/comments?post=80"}],"version-history":[{"count":14,"href":"https:\/\/hermandadesperanzaarahal.es\/blog\/wp-json\/wp\/v2\/pages\/80\/revisions"}],"predecessor-version":[{"id":2681,"href":"https:\/\/hermandadesperanzaarahal.es\/blog\/wp-json\/wp\/v2\/pages\/80\/revisions\/2681"}],"wp:attachment":[{"href":"https:\/\/hermandadesperanzaarahal.es\/blog\/wp-json\/wp\/v2\/media?parent=80"}],"curies":[{"name":"wp","href":"https:\/\/api.w.org\/{rel}","templated":true}]}}