{"id":68,"date":"2013-10-22T12:09:10","date_gmt":"2013-10-22T12:09:10","guid":{"rendered":"http:\/\/hermandadesperanzaarahal.es\/blog\/?page_id=378"},"modified":"2020-12-15T11:42:38","modified_gmt":"2020-12-15T11:42:38","slug":"heraldica","status":"publish","type":"page","link":"https:\/\/hermandadesperanzaarahal.es\/blog\/heraldica\/","title":{"rendered":"HER\u00c1LDICA"},"content":{"rendered":"\n<h1 class=\"wp-block-heading\">ESCUDO DE LA HERMANDAD<\/h1>\n\n\n\n<div class=\"wp-block-image is-style-default\"><figure class=\"alignleft is-resized\"><img loading=\"lazy\" decoding=\"async\" src=\"http:\/\/hermandadesperanzaarahal.es\/blog\/wp-content\/uploads\/2020\/09\/escudoSinFondo.png\" alt=\"\" class=\"wp-image-2309\" width=\"541\" height=\"541\" srcset=\"https:\/\/hermandadesperanzaarahal.es\/blog\/wp-content\/uploads\/2020\/09\/escudoSinFondo.png 2472w, https:\/\/hermandadesperanzaarahal.es\/blog\/wp-content\/uploads\/2020\/09\/escudoSinFondo-300x300.png 300w, https:\/\/hermandadesperanzaarahal.es\/blog\/wp-content\/uploads\/2020\/09\/escudoSinFondo-1024x1024.png 1024w, https:\/\/hermandadesperanzaarahal.es\/blog\/wp-content\/uploads\/2020\/09\/escudoSinFondo-150x150.png 150w, https:\/\/hermandadesperanzaarahal.es\/blog\/wp-content\/uploads\/2020\/09\/escudoSinFondo-768x768.png 768w, https:\/\/hermandadesperanzaarahal.es\/blog\/wp-content\/uploads\/2020\/09\/escudoSinFondo-1536x1536.png 1536w, https:\/\/hermandadesperanzaarahal.es\/blog\/wp-content\/uploads\/2020\/09\/escudoSinFondo-2048x2048.png 2048w, https:\/\/hermandadesperanzaarahal.es\/blog\/wp-content\/uploads\/2020\/09\/escudoSinFondo-624x624.png 624w\" sizes=\"auto, (max-width: 541px) 100vw, 541px\" \/><figcaption>Actual escudo de la Hermandad<\/figcaption><\/figure><\/div>\n\n\n\n<p class=\"has-text-align-justify\"><span style=\"font-size: inherit; text-align: justify;\"><br>El actual escudo corporativo data del a\u00f1o 1946 cuando la Hermandad adquiri\u00f3 el t\u00edtulo de Sacramental de la parroquia de Santa Mar\u00eda Magdalena, siendo el encargado de su dise\u00f1o el padre Rvdo. Sr. D. Francisco Balaguer.<\/span><\/p>\n\n\n\n<p class=\"has-text-align-justify\">En el emblema resalta una custodia superpuesta sobre una cruz latina, s\u00edmbolo heredado de los escudos usados en \u00e9pocas anteriores. La cruz latina se encuentra rematada superiormente por una corona la cual hace referencia al titulo Real otorgado por la Casa Real Espa\u00f1ola.<\/p>\n\n\n\n<p class=\"has-text-align-justify\"><br>La citada corona se encuentra sujeta por dos \u00e1ngeles, los cuales, portan en su otra mano un pa\u00f1o de pureza en el que aparece inscrita la leyenda, \u00abHermandad Sacramental del Sant\u00edsimo Cristo de la Esperanza y Nuestra Se\u00f1ora de las Angustias\u00bb.<\/p>\n\n\n\n<div style=\"height:100px\" aria-hidden=\"true\" class=\"wp-block-spacer\"><\/div>\n\n\n\n<h1 class=\"wp-block-heading\">Otros emblemas usados por la Hermandad<\/h1>\n\n\n\n<p class=\"has-text-align-justify\">Hasta mitad del siglo XIV no&nbsp;existe ning\u00fan referente que haga alusi\u00f3n al escudo de la Hermandad. En este periodo aparecen actas de la \u00e9poca selladas con una estampaci\u00f3n consistente en un monte calvario con tres cruces, siendo la central de mayor tama\u00f1o y siendo redeado completamente por un \u00f3valo con la leyenda \u00abHermandad del Sant\u00edsimo Cristo de la Esperanza Arahal\u00bb.<\/p>\n\n\n\n<div class=\"wp-block-image\"><figure class=\"aligncenter is-resized\"><img loading=\"lazy\" decoding=\"async\" src=\"http:\/\/hermandadesperanzaarahal.es\/blog\/wp-content\/uploads\/escudo1.jpg\" alt=\"escudo1\" class=\"wp-image-465\" width=\"508\" height=\"582\"\/><\/figure><\/div>\n\n\n\n<p class=\"has-text-align-justify\">M\u00e1s tarde, hacia 1981, el escudo usado hasta entonces sufre algunas&nbsp; alteraciones. Desaparecen dos de las cruces, conserv\u00e1ndose la central.<\/p>\n\n\n\n<div class=\"wp-block-image\"><figure class=\"aligncenter is-resized\"><img loading=\"lazy\" decoding=\"async\" src=\"http:\/\/hermandadesperanzaarahal.es\/blog\/wp-content\/uploads\/escudo2.jpg\" alt=\"escudo2\" class=\"wp-image-466\" width=\"470\" height=\"561\"\/><\/figure><\/div>\n\n\n\n<p class=\"has-text-align-justify\">Tambi\u00e9n existen documentos fotogr\u00e1ficos de primeros del siglo XX en los que se aprecia que los nazarenos portan en el antifaz otro escudo formado por el anagr\u00e1ma SCE (Sant\u00edsimo Cristo de la Esperanza), el cu\u00e1l se utiliz\u00f3 hasta la d\u00e9cada de los a\u00f1os 40. Este emblema fue recuperado a principio del siglo XXI, siendo portado por los manigueteros (nazarenos que portan las maniguetas) de ambos pasos de la Hermandad en la tarde del Viernes Santo.<\/p>\n","protected":false},"excerpt":{"rendered":"<p>ESCUDO DE LA HERMANDAD El actual escudo corporativo data del a\u00f1o 1946 cuando la Hermandad adquiri\u00f3 el t\u00edtulo de Sacramental de la parroquia de Santa Mar\u00eda Magdalena, siendo el encargado de su dise\u00f1o el padre Rvdo. Sr. D. Francisco Balaguer. En el emblema resalta una custodia superpuesta sobre una cruz latina, s\u00edmbolo heredado de los [&hellip;]<\/p>\n","protected":false},"author":1,"featured_media":0,"parent":0,"menu_order":0,"comment_status":"closed","ping_status":"closed","template":"","meta":{"_editorskit_title_hidden":false,"_editorskit_reading_time":2,"_editorskit_is_block_options_detached":false,"_editorskit_block_options_position":"{}","footnotes":""},"class_list":["post-68","page","type-page","status-publish","hentry"],"yoast_head":"<!-- This site is optimized with the Yoast SEO plugin v24.7 - https:\/\/yoast.com\/wordpress\/plugins\/seo\/ -->\n<title>HER\u00c1LDICA<\/title>\n<meta name=\"description\" content=\"ESCUDO DE LA HERMANDAD Actual escudo de la Hermandad El actual escudo corporativo data del a\u00f1o 1946 cuando la Hermandad adquiri\u00f3 el t\u00edtulo de Sacramental\" \/>\n<meta name=\"robots\" content=\"index, follow, max-snippet:-1, max-image-preview:large, max-video-preview:-1\" \/>\n<link rel=\"canonical\" href=\"https:\/\/hermandadesperanzaarahal.es\/blog\/heraldica\/\" \/>\n<meta property=\"og:locale\" content=\"es_ES\" \/>\n<meta property=\"og:type\" content=\"article\" \/>\n<meta property=\"og:title\" content=\"HER\u00c1LDICA\" \/>\n<meta property=\"og:description\" content=\"ESCUDO DE LA HERMANDAD Actual escudo de la Hermandad El actual escudo corporativo data del a\u00f1o 1946 cuando la Hermandad adquiri\u00f3 el t\u00edtulo de Sacramental\" \/>\n<meta property=\"og:url\" content=\"https:\/\/hermandadesperanzaarahal.es\/blog\/heraldica\/\" \/>\n<meta property=\"og:site_name\" content=\"Real Hermandad Sacramental del Sant\u00edsimo Cristo de la Esperanza, Nuestra Se\u00f1ora de las Angustias, San Juan Evangelista y Santa Mar\u00eda Magdalena\" \/>\n<meta property=\"article:publisher\" content=\"https:\/\/www.facebook.com\/RealHermandadEsperanzaDeArahal\" \/>\n<meta property=\"article:modified_time\" content=\"2020-12-15T11:42:38+00:00\" \/>\n<meta property=\"og:image\" content=\"http:\/\/hermandadesperanzaarahal.es\/blog\/wp-content\/uploads\/2020\/09\/escudoSinFondo.png\" \/>\n<meta name=\"twitter:card\" content=\"summary_large_image\" \/>\n<meta name=\"twitter:site\" content=\"@hesperanzarahal\" \/>\n<meta name=\"twitter:label1\" content=\"Tiempo de lectura\" \/>\n\t<meta name=\"twitter:data1\" content=\"2 minutos\" \/>\n<script type=\"application\/ld+json\" class=\"yoast-schema-graph\">{\"@context\":\"https:\/\/schema.org\",\"@graph\":[{\"@type\":\"WebPage\",\"@id\":\"https:\/\/hermandadesperanzaarahal.es\/blog\/heraldica\/\",\"url\":\"https:\/\/hermandadesperanzaarahal.es\/blog\/heraldica\/\",\"name\":\"HER\u00c1LDICA\",\"isPartOf\":{\"@id\":\"https:\/\/hermandadesperanzaarahal.es\/blog\/#website\"},\"primaryImageOfPage\":{\"@id\":\"https:\/\/hermandadesperanzaarahal.es\/blog\/heraldica\/#primaryimage\"},\"image\":{\"@id\":\"https:\/\/hermandadesperanzaarahal.es\/blog\/heraldica\/#primaryimage\"},\"thumbnailUrl\":\"http:\/\/hermandadesperanzaarahal.es\/blog\/wp-content\/uploads\/2020\/09\/escudoSinFondo.png\",\"datePublished\":\"2013-10-22T12:09:10+00:00\",\"dateModified\":\"2020-12-15T11:42:38+00:00\",\"description\":\"ESCUDO DE LA HERMANDAD Actual escudo de la Hermandad El actual escudo corporativo data del a\u00f1o 1946 cuando la Hermandad adquiri\u00f3 el t\u00edtulo de Sacramental\",\"breadcrumb\":{\"@id\":\"https:\/\/hermandadesperanzaarahal.es\/blog\/heraldica\/#breadcrumb\"},\"inLanguage\":\"es\",\"potentialAction\":[{\"@type\":\"ReadAction\",\"target\":[\"https:\/\/hermandadesperanzaarahal.es\/blog\/heraldica\/\"]}]},{\"@type\":\"ImageObject\",\"inLanguage\":\"es\",\"@id\":\"https:\/\/hermandadesperanzaarahal.es\/blog\/heraldica\/#primaryimage\",\"url\":\"https:\/\/hermandadesperanzaarahal.es\/blog\/wp-content\/uploads\/2020\/09\/escudoSinFondo.png\",\"contentUrl\":\"https:\/\/hermandadesperanzaarahal.es\/blog\/wp-content\/uploads\/2020\/09\/escudoSinFondo.png\",\"width\":2472,\"height\":2472},{\"@type\":\"BreadcrumbList\",\"@id\":\"https:\/\/hermandadesperanzaarahal.es\/blog\/heraldica\/#breadcrumb\",\"itemListElement\":[{\"@type\":\"ListItem\",\"position\":1,\"name\":\"Portada\",\"item\":\"https:\/\/hermandadesperanzaarahal.es\/blog\/\"},{\"@type\":\"ListItem\",\"position\":2,\"name\":\"HER\u00c1LDICA\"}]},{\"@type\":\"WebSite\",\"@id\":\"https:\/\/hermandadesperanzaarahal.es\/blog\/#website\",\"url\":\"https:\/\/hermandadesperanzaarahal.es\/blog\/\",\"name\":\"Web Oficial de la Real Hermandad Sacramental y Cofrad\u00eda de Nazarenos del Sant\u00edsimo Cristo de la Esperanza, Nuestra Se\u00f1ora de las Angustias, San Juan Evangelista y Santa Mar\u00eda Magdalena de Arahal (Sevilla).\",\"description\":\"Web Oficial de la Real Hermandad Sacramental y Cofrad\u00eda de Nazarenos del Sant\u00edsimo Cristo de la Esperanza, Nuestra Se\u00f1ora de las Angustias, San Juan Evangelista y Santa Mar\u00eda Magdalena de Arahal (Sevilla).\",\"publisher\":{\"@id\":\"https:\/\/hermandadesperanzaarahal.es\/blog\/#organization\"},\"alternateName\":\"Real Hermandad Sacramental y Cofrad\u00eda de Nazarenos del Sant\u00edsimo Cristo de la Esperanza, Nuestra Se\u00f1ora de las Angustias, San Juan Evangelista y Santa Mar\u00eda Magdalena de Arahal (Sevilla)\",\"potentialAction\":[{\"@type\":\"SearchAction\",\"target\":{\"@type\":\"EntryPoint\",\"urlTemplate\":\"https:\/\/hermandadesperanzaarahal.es\/blog\/?s={search_term_string}\"},\"query-input\":{\"@type\":\"PropertyValueSpecification\",\"valueRequired\":true,\"valueName\":\"search_term_string\"}}],\"inLanguage\":\"es\"},{\"@type\":\"Organization\",\"@id\":\"https:\/\/hermandadesperanzaarahal.es\/blog\/#organization\",\"name\":\"Real Hermandad Sacramental del Sant\u00edsimo Cristo de la Esperanza, Nuestra Se\u00f1ora de las Angustias, San Juan Evangelista y Santa Mar\u00eda Magdalena\",\"alternateName\":\"Real Hermandad Sacramental del Sant\u00edsimo Cristo de la Esperanza - Arahal (Sevilla)\",\"url\":\"https:\/\/hermandadesperanzaarahal.es\/blog\/\",\"logo\":{\"@type\":\"ImageObject\",\"inLanguage\":\"es\",\"@id\":\"https:\/\/hermandadesperanzaarahal.es\/blog\/#\/schema\/logo\/image\/\",\"url\":\"https:\/\/hermandadesperanzaarahal.es\/blog\/wp-content\/uploads\/2021\/03\/ESCUDO-HERMANDAD-ESPERANZA-ARAHAL.png\",\"contentUrl\":\"https:\/\/hermandadesperanzaarahal.es\/blog\/wp-content\/uploads\/2021\/03\/ESCUDO-HERMANDAD-ESPERANZA-ARAHAL.png\",\"width\":1793,\"height\":2472,\"caption\":\"Real Hermandad Sacramental del Sant\u00edsimo Cristo de la Esperanza, Nuestra Se\u00f1ora de las Angustias, San Juan Evangelista y Santa Mar\u00eda Magdalena\"},\"image\":{\"@id\":\"https:\/\/hermandadesperanzaarahal.es\/blog\/#\/schema\/logo\/image\/\"},\"sameAs\":[\"https:\/\/www.facebook.com\/RealHermandadEsperanzaDeArahal\",\"https:\/\/x.com\/hesperanzarahal\"]}]}<\/script>\n<!-- \/ Yoast SEO plugin. -->","yoast_head_json":{"title":"HER\u00c1LDICA","description":"ESCUDO DE LA HERMANDAD Actual escudo de la Hermandad El actual escudo corporativo data del a\u00f1o 1946 cuando la Hermandad adquiri\u00f3 el t\u00edtulo de Sacramental","robots":{"index":"index","follow":"follow","max-snippet":"max-snippet:-1","max-image-preview":"max-image-preview:large","max-video-preview":"max-video-preview:-1"},"canonical":"https:\/\/hermandadesperanzaarahal.es\/blog\/heraldica\/","og_locale":"es_ES","og_type":"article","og_title":"HER\u00c1LDICA","og_description":"ESCUDO DE LA HERMANDAD Actual escudo de la Hermandad El actual escudo corporativo data del a\u00f1o 1946 cuando la Hermandad adquiri\u00f3 el t\u00edtulo de Sacramental","og_url":"https:\/\/hermandadesperanzaarahal.es\/blog\/heraldica\/","og_site_name":"Real Hermandad Sacramental del Sant\u00edsimo Cristo de la Esperanza, Nuestra Se\u00f1ora de las Angustias, San Juan Evangelista y Santa Mar\u00eda Magdalena","article_publisher":"https:\/\/www.facebook.com\/RealHermandadEsperanzaDeArahal","article_modified_time":"2020-12-15T11:42:38+00:00","og_image":[{"url":"http:\/\/hermandadesperanzaarahal.es\/blog\/wp-content\/uploads\/2020\/09\/escudoSinFondo.png","type":"","width":"","height":""}],"twitter_card":"summary_large_image","twitter_site":"@hesperanzarahal","twitter_misc":{"Tiempo de lectura":"2 minutos"},"schema":{"@context":"https:\/\/schema.org","@graph":[{"@type":"WebPage","@id":"https:\/\/hermandadesperanzaarahal.es\/blog\/heraldica\/","url":"https:\/\/hermandadesperanzaarahal.es\/blog\/heraldica\/","name":"HER\u00c1LDICA","isPartOf":{"@id":"https:\/\/hermandadesperanzaarahal.es\/blog\/#website"},"primaryImageOfPage":{"@id":"https:\/\/hermandadesperanzaarahal.es\/blog\/heraldica\/#primaryimage"},"image":{"@id":"https:\/\/hermandadesperanzaarahal.es\/blog\/heraldica\/#primaryimage"},"thumbnailUrl":"http:\/\/hermandadesperanzaarahal.es\/blog\/wp-content\/uploads\/2020\/09\/escudoSinFondo.png","datePublished":"2013-10-22T12:09:10+00:00","dateModified":"2020-12-15T11:42:38+00:00","description":"ESCUDO DE LA HERMANDAD Actual escudo de la Hermandad El actual escudo corporativo data del a\u00f1o 1946 cuando la Hermandad adquiri\u00f3 el t\u00edtulo de Sacramental","breadcrumb":{"@id":"https:\/\/hermandadesperanzaarahal.es\/blog\/heraldica\/#breadcrumb"},"inLanguage":"es","potentialAction":[{"@type":"ReadAction","target":["https:\/\/hermandadesperanzaarahal.es\/blog\/heraldica\/"]}]},{"@type":"ImageObject","inLanguage":"es","@id":"https:\/\/hermandadesperanzaarahal.es\/blog\/heraldica\/#primaryimage","url":"https:\/\/hermandadesperanzaarahal.es\/blog\/wp-content\/uploads\/2020\/09\/escudoSinFondo.png","contentUrl":"https:\/\/hermandadesperanzaarahal.es\/blog\/wp-content\/uploads\/2020\/09\/escudoSinFondo.png","width":2472,"height":2472},{"@type":"BreadcrumbList","@id":"https:\/\/hermandadesperanzaarahal.es\/blog\/heraldica\/#breadcrumb","itemListElement":[{"@type":"ListItem","position":1,"name":"Portada","item":"https:\/\/hermandadesperanzaarahal.es\/blog\/"},{"@type":"ListItem","position":2,"name":"HER\u00c1LDICA"}]},{"@type":"WebSite","@id":"https:\/\/hermandadesperanzaarahal.es\/blog\/#website","url":"https:\/\/hermandadesperanzaarahal.es\/blog\/","name":"Web Oficial de la Real Hermandad Sacramental y Cofrad\u00eda de Nazarenos del Sant\u00edsimo Cristo de la Esperanza, Nuestra Se\u00f1ora de las Angustias, San Juan Evangelista y Santa Mar\u00eda Magdalena de Arahal (Sevilla).","description":"Web Oficial de la Real Hermandad Sacramental y Cofrad\u00eda de Nazarenos del Sant\u00edsimo Cristo de la Esperanza, Nuestra Se\u00f1ora de las Angustias, San Juan Evangelista y Santa Mar\u00eda Magdalena de Arahal (Sevilla).","publisher":{"@id":"https:\/\/hermandadesperanzaarahal.es\/blog\/#organization"},"alternateName":"Real Hermandad Sacramental y Cofrad\u00eda de Nazarenos del Sant\u00edsimo Cristo de la Esperanza, Nuestra Se\u00f1ora de las Angustias, San Juan Evangelista y Santa Mar\u00eda Magdalena de Arahal (Sevilla)","potentialAction":[{"@type":"SearchAction","target":{"@type":"EntryPoint","urlTemplate":"https:\/\/hermandadesperanzaarahal.es\/blog\/?s={search_term_string}"},"query-input":{"@type":"PropertyValueSpecification","valueRequired":true,"valueName":"search_term_string"}}],"inLanguage":"es"},{"@type":"Organization","@id":"https:\/\/hermandadesperanzaarahal.es\/blog\/#organization","name":"Real Hermandad Sacramental del Sant\u00edsimo Cristo de la Esperanza, Nuestra Se\u00f1ora de las Angustias, San Juan Evangelista y Santa Mar\u00eda Magdalena","alternateName":"Real Hermandad Sacramental del Sant\u00edsimo Cristo de la Esperanza - Arahal (Sevilla)","url":"https:\/\/hermandadesperanzaarahal.es\/blog\/","logo":{"@type":"ImageObject","inLanguage":"es","@id":"https:\/\/hermandadesperanzaarahal.es\/blog\/#\/schema\/logo\/image\/","url":"https:\/\/hermandadesperanzaarahal.es\/blog\/wp-content\/uploads\/2021\/03\/ESCUDO-HERMANDAD-ESPERANZA-ARAHAL.png","contentUrl":"https:\/\/hermandadesperanzaarahal.es\/blog\/wp-content\/uploads\/2021\/03\/ESCUDO-HERMANDAD-ESPERANZA-ARAHAL.png","width":1793,"height":2472,"caption":"Real Hermandad Sacramental del Sant\u00edsimo Cristo de la Esperanza, Nuestra Se\u00f1ora de las Angustias, San Juan Evangelista y Santa Mar\u00eda Magdalena"},"image":{"@id":"https:\/\/hermandadesperanzaarahal.es\/blog\/#\/schema\/logo\/image\/"},"sameAs":["https:\/\/www.facebook.com\/RealHermandadEsperanzaDeArahal","https:\/\/x.com\/hesperanzarahal"]}]}},"_links":{"self":[{"href":"https:\/\/hermandadesperanzaarahal.es\/blog\/wp-json\/wp\/v2\/pages\/68","targetHints":{"allow":["GET"]}}],"collection":[{"href":"https:\/\/hermandadesperanzaarahal.es\/blog\/wp-json\/wp\/v2\/pages"}],"about":[{"href":"https:\/\/hermandadesperanzaarahal.es\/blog\/wp-json\/wp\/v2\/types\/page"}],"author":[{"embeddable":true,"href":"https:\/\/hermandadesperanzaarahal.es\/blog\/wp-json\/wp\/v2\/users\/1"}],"replies":[{"embeddable":true,"href":"https:\/\/hermandadesperanzaarahal.es\/blog\/wp-json\/wp\/v2\/comments?post=68"}],"version-history":[{"count":6,"href":"https:\/\/hermandadesperanzaarahal.es\/blog\/wp-json\/wp\/v2\/pages\/68\/revisions"}],"predecessor-version":[{"id":2602,"href":"https:\/\/hermandadesperanzaarahal.es\/blog\/wp-json\/wp\/v2\/pages\/68\/revisions\/2602"}],"wp:attachment":[{"href":"https:\/\/hermandadesperanzaarahal.es\/blog\/wp-json\/wp\/v2\/media?parent=68"}],"curies":[{"name":"wp","href":"https:\/\/api.w.org\/{rel}","templated":true}]}}