{"id":560,"date":"2017-04-28T13:54:13","date_gmt":"2017-04-28T11:54:13","guid":{"rendered":"http:\/\/hermandadesperanzaarahal.es\/blog\/?page_id=2027"},"modified":"2020-12-15T11:43:09","modified_gmt":"2020-12-15T11:43:09","slug":"tienda-online","status":"publish","type":"page","link":"https:\/\/hermandadesperanzaarahal.es\/blog\/tienda-online\/","title":{"rendered":"Tienda online"},"content":{"rendered":"<p>&nbsp;<\/p>\n<h1 style=\"text-align: center;\"><span style=\"text-decoration: underline; color: #ccffcc;\"><strong><span style=\"text-decoration: underline;\">ART\u00cdCULOS<\/span><\/strong><\/span><\/h1>\n<p><span style=\"color: #ccffcc;\">\u00a0<\/span><\/p>\n<p style=\"text-align: center;\">Referencia <span style=\"text-decoration: underline;\">0001<\/span>&#8211; Pulseras (1\u20ac)<\/p>\n<p style=\"text-align: left;\"><a href=\"http:\/\/hermandadesperanzaarahal.es\/blog\/wp-content\/uploads\/2017\/04\/pulsera-75-aniv..jpg\"><img loading=\"lazy\" decoding=\"async\" class=\"size-full wp-image-2044 aligncenter\" alt=\"pulsera-75-aniv.\" src=\"http:\/\/hermandadesperanzaarahal.es\/blog\/wp-content\/uploads\/2017\/04\/pulsera-75-aniv..jpg\" width=\"400\" height=\"148\" \/><\/a><\/p>\n<p style=\"text-align: center;\">Referencia <span style=\"text-decoration: underline;\">0002<\/span>&#8211; LLaveros nazareno Esperanza (2\u20ac)<\/p>\n<p style=\"text-align: center;\">Referencia <span style=\"text-decoration: underline;\">0003<\/span>&#8211; Rosarios (5\u20ac)<\/p>\n<p style=\"text-align: center;\">Referencia <span style=\"text-decoration: underline;\">0004<\/span>&#8211; Medallas Hermandad Esperanza (12\u20ac)<\/p>\n<p style=\"text-align: center;\"><a href=\"http:\/\/hermandadesperanzaarahal.es\/blog\/wp-content\/uploads\/2017\/04\/medalla.jpg\"><img loading=\"lazy\" decoding=\"async\" class=\"size-full wp-image-2050\" alt=\"medalla\" src=\"http:\/\/hermandadesperanzaarahal.es\/blog\/wp-content\/uploads\/2017\/04\/medalla.jpg\" width=\"400\" height=\"148\" \/><\/a><\/p>\n<p style=\"text-align: center;\">Referencia <span style=\"text-decoration: underline;\">0005<\/span>&#8211; Pegatinas (1\u20ac) 2 unidades<\/p>\n<p style=\"text-align: center;\">Referencia <span style=\"text-decoration: underline;\">0006<\/span>-Carb\u00f3n para quemar incienso (2\u20ac)<\/p>\n<p style=\"text-align: center;\">Referencia <span style=\"text-decoration: underline;\">0007<\/span>&#8211; Incienso personalizado, olor Esperanza (3\u20ac)<\/p>\n<p style=\"text-align: center;\">Referencia <span style=\"text-decoration: underline;\">0008<\/span>&#8211; Reliquias, clavos del Cristo \u00a0(1,50\u20ac)<\/p>\n<p style=\"text-align: center;\"><a href=\"http:\/\/hermandadesperanzaarahal.es\/blog\/wp-content\/uploads\/2017\/04\/reliquia.jpg\"><img loading=\"lazy\" decoding=\"async\" class=\"size-full wp-image-2052\" alt=\"reliquia\" src=\"http:\/\/hermandadesperanzaarahal.es\/blog\/wp-content\/uploads\/2017\/04\/reliquia.jpg\" width=\"400\" height=\"148\" \/><\/a><\/p>\n<p style=\"text-align: center;\">Referencia <span style=\"text-decoration: underline;\">0009<\/span>&#8211; Reliquias, lacras de madera de la Virgen (1\u20ac)<\/p>\n<p style=\"text-align: center;\">Referencia <span style=\"text-decoration: underline;\">0010<\/span>&#8211; Escudos bordados peque\u00f1os (13\u20ac)<\/p>\n<p style=\"text-align: center;\"><a href=\"http:\/\/hermandadesperanzaarahal.es\/blog\/wp-content\/uploads\/2017\/04\/ESCUDO-B.jpg\"><img loading=\"lazy\" decoding=\"async\" class=\"aligncenter size-full wp-image-2055\" alt=\"ESCUDO-B\" src=\"http:\/\/hermandadesperanzaarahal.es\/blog\/wp-content\/uploads\/2017\/04\/ESCUDO-B.jpg\" width=\"400\" height=\"148\" \/><\/a><\/p>\n<p style=\"text-align: center;\">Referencia <span style=\"text-decoration: underline;\">0011<\/span>&#8211; Escudos bordados grandes (15\u20ac)<\/p>\n<p style=\"text-align: center;\">Referencia <span style=\"text-decoration: underline;\">0012<\/span>&#8211; Colgantes de Nazarenos Esperanza (1\u20ac)<\/p>\n<p style=\"text-align: center;\">Referencia <span style=\"text-decoration: underline;\">0013<\/span>&#8211; Colgantes costales (2\u20ac)<\/p>\n<p style=\"text-align: left;\"><a href=\"http:\/\/hermandadesperanzaarahal.es\/blog\/wp-content\/uploads\/2017\/04\/COSTALES.jpg\"><img loading=\"lazy\" decoding=\"async\" class=\"size-full wp-image-2054 aligncenter\" alt=\"COSTALES\" src=\"http:\/\/hermandadesperanzaarahal.es\/blog\/wp-content\/uploads\/2017\/04\/COSTALES.jpg\" width=\"400\" height=\"148\" \/><\/a><\/p>\n<p style=\"text-align: center;\">Referencia <span style=\"text-decoration: underline;\">0014<\/span>&#8211; Libro restauraci\u00f3n Sant\u00edsimo Cristo de la Esperanza (5\u20ac)<\/p>\n<p style=\"text-align: center;\"><a href=\"http:\/\/hermandadesperanzaarahal.es\/blog\/wp-content\/uploads\/2017\/04\/presentacion_libro.jpg\"><img loading=\"lazy\" decoding=\"async\" class=\"aligncenter  wp-image-2062\" alt=\"presentacion_libro\" src=\"http:\/\/hermandadesperanzaarahal.es\/blog\/wp-content\/uploads\/2017\/04\/presentacion_libro-213x300.jpg\" width=\"170\" height=\"250\" \/><\/a><\/p>\n<p style=\"text-align: center;\">Referencia\u00a0<span style=\"text-decoration: underline;\">0015<\/span>&#8211; Boletines anuales (3\u20ac). Gratuitos para Hermanos, excepto gastos de env\u00edo.<\/p>\n<p style=\"text-align: center;\"><a href=\"http:\/\/hermandadesperanzaarahal.es\/blog\/wp-content\/uploads\/2017\/04\/cuaresma_2013.jpg\"><img loading=\"lazy\" decoding=\"async\" class=\"aligncenter size-full wp-image-2058\" alt=\"cuaresma_2013\" src=\"http:\/\/hermandadesperanzaarahal.es\/blog\/wp-content\/uploads\/2017\/04\/cuaresma_2013.jpg\" width=\"170\" height=\"250\" \/><\/a><\/p>\n<p style=\"text-align: center;\">Referencia <span style=\"text-decoration: underline;\">0016<\/span>&#8211; Azulejo n\u00famero de casa con foto Cristo (15\u20ac). Bajo pedido. Entrega en 15 d\u00edas.<\/p>\n<p style=\"text-align: center;\">Referencia\u00a0<span style=\"text-decoration: underline;\">0017<\/span>&#8211; Azulejo n\u00famero de casa con foto Virgen (15\u20ac). Bajo pedido. Entrega en 15 d\u00edas.<\/p>\n<p style=\"text-align: center;\">Referencia\u00a0<span style=\"text-decoration: underline;\">0018<\/span>&#8211; DVD salida extraordinaria Nuestra Se\u00f1ora de las Angustias (10\u20ac)<\/p>\n<p style=\"text-align: center;\"><a href=\"http:\/\/hermandadesperanzaarahal.es\/blog\/wp-content\/uploads\/2017\/04\/DVD.jpg\"><img loading=\"lazy\" decoding=\"async\" class=\"aligncenter size-full wp-image-2056\" alt=\"DVD\" src=\"http:\/\/hermandadesperanzaarahal.es\/blog\/wp-content\/uploads\/2017\/04\/DVD.jpg\" width=\"400\" height=\"148\" \/><\/a><\/p>\n<h1 style=\"text-align: center;\"><\/h1>\n<h1 style=\"text-align: center;\"><span style=\"text-decoration: underline; color: #ccffcc;\"><strong><span style=\"text-decoration: underline;\">PAGOS<\/span><\/strong><\/span><\/h1>\n<p style=\"text-align: left;\"><span style=\"text-decoration: underline;\"><em><strong>Transferencia Bancaria<\/strong><\/em><\/span><\/p>\n<p style=\"text-align: left;\">Transfiera o ingrese al n\u00famero de cuenta ES22 0049 3502 3129 1615 6299, el total de su compra, mas <em><b>5\u20ac de gastos de env\u00edo(excepto\u00a0entradas)<\/b><\/em>, e indique en el concepto el n\u00famero de referencia del art\u00edculo, cantidad y direcci\u00f3n de env\u00edo.<\/p>\n<p style=\"text-align: left;\"><span style=\"text-decoration: underline;\"><em><strong>Pago con Pay Pal<\/strong><\/em><\/span><\/p>\n<form action=\"https:\/\/www.paypal.com\/cgi-bin\/webscr\" method=\"post\" target=\"_top\"><input type=\"hidden\" name=\"cmd\" value=\"_s-xclick\" \/><br \/>\n<input type=\"hidden\" name=\"hosted_button_id\" value=\"L2CQVL5UG2ZXG\" \/><\/form>\n<p>N\u00ba Referencia, nombre y direcci\u00f3n<\/p>\n<table>\n<tbody>\n<tr>\n<td><input type=\"hidden\" name=\"on0\" value=\"N\u00ba Referencia  y direcci\u00f3n\" \/><\/td>\n<\/tr>\n<tr>\n<td><\/td>\n<\/tr>\n<\/tbody>\n<\/table>\n<form action=\"https:\/\/www.paypal.com\/cgi-bin\/webscr\" method=\"post\" target=\"_top\"><input type=\"hidden\" name=\"cmd\" value=\"_s-xclick\" \/><br \/>\n<input type=\"hidden\" name=\"hosted_button_id\" value=\"9QL7R2X29CFNY\" \/><br \/>\n<input type=\"image\" alt=\"PayPal, la forma r\u00e1pida y segura de pagar en Internet.\" name=\"submit\" src=\"https:\/\/www.paypalobjects.com\/es_ES\/ES\/i\/btn\/btn_buynowCC_LG.gif\" \/><br \/>\n<img loading=\"lazy\" decoding=\"async\" alt=\"\" src=\"https:\/\/www.paypalobjects.com\/es_ES\/i\/scr\/pixel.gif\" width=\"1\" height=\"1\" border=\"0\" \/><\/form>\n<p>Si tienes alguna duda o reclamaci\u00f3n escr\u00edbanos al correo\u00a0<em>hdadesperanza@gmail.com \u00a0<em>o al n\u00famero de Whatsapp<\/em><a href=\"http:\/\/hermandadesperanzaarahal.es\/blog\/wp-content\/uploads\/2013\/10\/favicon.png\"><img loading=\"lazy\" decoding=\"async\" alt=\"favicon\" src=\"http:\/\/hermandadesperanzaarahal.es\/blog\/wp-content\/uploads\/2013\/10\/favicon-150x150.png\" width=\"20\" height=\"20\" \/><\/a>+34666537863. Gracias por tu visita.<\/em><\/p>\n","protected":false},"excerpt":{"rendered":"<p>&nbsp; ART\u00cdCULOS \u00a0 Referencia 0001&#8211; Pulseras (1\u20ac) Referencia 0002&#8211; LLaveros nazareno Esperanza (2\u20ac) Referencia 0003&#8211; Rosarios (5\u20ac) Referencia 0004&#8211; Medallas Hermandad Esperanza (12\u20ac) Referencia 0005&#8211; Pegatinas (1\u20ac) 2 unidades Referencia 0006-Carb\u00f3n para quemar incienso (2\u20ac) Referencia 0007&#8211; Incienso personalizado, olor Esperanza (3\u20ac) Referencia 0008&#8211; Reliquias, clavos del Cristo \u00a0(1,50\u20ac) Referencia 0009&#8211; Reliquias, lacras de madera [&hellip;]<\/p>\n","protected":false},"author":1,"featured_media":0,"parent":0,"menu_order":0,"comment_status":"closed","ping_status":"open","template":"","meta":{"_editorskit_title_hidden":false,"_editorskit_reading_time":0,"_editorskit_is_block_options_detached":false,"_editorskit_block_options_position":"{}","footnotes":""},"class_list":["post-560","page","type-page","status-publish","hentry"],"yoast_head":"<!-- This site is optimized with the Yoast SEO plugin v24.7 - https:\/\/yoast.com\/wordpress\/plugins\/seo\/ -->\n<title>Tienda online<\/title>\n<meta name=\"description\" content=\"&nbsp; ART\u00cdCULOS \u00a0 Referencia 0001- Pulseras (1\u20ac) Referencia 0002- LLaveros nazareno Esperanza (2\u20ac) Referencia 0003- Rosarios (5\u20ac) Referencia 0004-\" \/>\n<meta name=\"robots\" content=\"index, follow, max-snippet:-1, max-image-preview:large, max-video-preview:-1\" \/>\n<link rel=\"canonical\" href=\"https:\/\/hermandadesperanzaarahal.es\/blog\/tienda-online\/\" \/>\n<meta property=\"og:locale\" content=\"es_ES\" \/>\n<meta property=\"og:type\" content=\"article\" \/>\n<meta property=\"og:title\" content=\"Tienda online\" \/>\n<meta property=\"og:description\" content=\"&nbsp; ART\u00cdCULOS \u00a0 Referencia 0001- Pulseras (1\u20ac) Referencia 0002- LLaveros nazareno Esperanza (2\u20ac) Referencia 0003- Rosarios (5\u20ac) Referencia 0004-\" \/>\n<meta property=\"og:url\" content=\"https:\/\/hermandadesperanzaarahal.es\/blog\/tienda-online\/\" \/>\n<meta property=\"og:site_name\" content=\"Real Hermandad Sacramental del Sant\u00edsimo Cristo de la Esperanza, Nuestra Se\u00f1ora de las Angustias, San Juan Evangelista y Santa Mar\u00eda Magdalena\" \/>\n<meta property=\"article:publisher\" content=\"https:\/\/www.facebook.com\/RealHermandadEsperanzaDeArahal\" \/>\n<meta property=\"article:modified_time\" content=\"2020-12-15T11:43:09+00:00\" \/>\n<meta property=\"og:image\" content=\"http:\/\/hermandadesperanzaarahal.es\/blog\/wp-content\/uploads\/2017\/04\/pulsera-75-aniv..jpg\" \/>\n<meta name=\"twitter:card\" content=\"summary_large_image\" \/>\n<meta name=\"twitter:site\" content=\"@hesperanzarahal\" \/>\n<meta name=\"twitter:label1\" content=\"Tiempo de lectura\" \/>\n\t<meta name=\"twitter:data1\" content=\"1 minuto\" \/>\n<script type=\"application\/ld+json\" class=\"yoast-schema-graph\">{\"@context\":\"https:\/\/schema.org\",\"@graph\":[{\"@type\":\"WebPage\",\"@id\":\"https:\/\/hermandadesperanzaarahal.es\/blog\/tienda-online\/\",\"url\":\"https:\/\/hermandadesperanzaarahal.es\/blog\/tienda-online\/\",\"name\":\"Tienda online\",\"isPartOf\":{\"@id\":\"https:\/\/hermandadesperanzaarahal.es\/blog\/#website\"},\"primaryImageOfPage\":{\"@id\":\"https:\/\/hermandadesperanzaarahal.es\/blog\/tienda-online\/#primaryimage\"},\"image\":{\"@id\":\"https:\/\/hermandadesperanzaarahal.es\/blog\/tienda-online\/#primaryimage\"},\"thumbnailUrl\":\"http:\/\/hermandadesperanzaarahal.es\/blog\/wp-content\/uploads\/2017\/04\/pulsera-75-aniv..jpg\",\"datePublished\":\"2017-04-28T11:54:13+00:00\",\"dateModified\":\"2020-12-15T11:43:09+00:00\",\"description\":\"&nbsp; ART\u00cdCULOS \u00a0 Referencia 0001- Pulseras (1\u20ac) Referencia 0002- LLaveros nazareno Esperanza (2\u20ac) Referencia 0003- Rosarios (5\u20ac) Referencia 0004-\",\"breadcrumb\":{\"@id\":\"https:\/\/hermandadesperanzaarahal.es\/blog\/tienda-online\/#breadcrumb\"},\"inLanguage\":\"es\",\"potentialAction\":[{\"@type\":\"ReadAction\",\"target\":[\"https:\/\/hermandadesperanzaarahal.es\/blog\/tienda-online\/\"]}]},{\"@type\":\"ImageObject\",\"inLanguage\":\"es\",\"@id\":\"https:\/\/hermandadesperanzaarahal.es\/blog\/tienda-online\/#primaryimage\",\"url\":\"http:\/\/hermandadesperanzaarahal.es\/blog\/wp-content\/uploads\/2017\/04\/pulsera-75-aniv..jpg\",\"contentUrl\":\"http:\/\/hermandadesperanzaarahal.es\/blog\/wp-content\/uploads\/2017\/04\/pulsera-75-aniv..jpg\"},{\"@type\":\"BreadcrumbList\",\"@id\":\"https:\/\/hermandadesperanzaarahal.es\/blog\/tienda-online\/#breadcrumb\",\"itemListElement\":[{\"@type\":\"ListItem\",\"position\":1,\"name\":\"Portada\",\"item\":\"https:\/\/hermandadesperanzaarahal.es\/blog\/\"},{\"@type\":\"ListItem\",\"position\":2,\"name\":\"Tienda online\"}]},{\"@type\":\"WebSite\",\"@id\":\"https:\/\/hermandadesperanzaarahal.es\/blog\/#website\",\"url\":\"https:\/\/hermandadesperanzaarahal.es\/blog\/\",\"name\":\"Web Oficial de la Real Hermandad Sacramental y Cofrad\u00eda de Nazarenos del Sant\u00edsimo Cristo de la Esperanza, Nuestra Se\u00f1ora de las Angustias, San Juan Evangelista y Santa Mar\u00eda Magdalena de Arahal (Sevilla).\",\"description\":\"Web Oficial de la Real Hermandad Sacramental y Cofrad\u00eda de Nazarenos del Sant\u00edsimo Cristo de la Esperanza, Nuestra Se\u00f1ora de las Angustias, San Juan Evangelista y Santa Mar\u00eda Magdalena de Arahal (Sevilla).\",\"publisher\":{\"@id\":\"https:\/\/hermandadesperanzaarahal.es\/blog\/#organization\"},\"alternateName\":\"Real Hermandad Sacramental y Cofrad\u00eda de Nazarenos del Sant\u00edsimo Cristo de la Esperanza, Nuestra Se\u00f1ora de las Angustias, San Juan Evangelista y Santa Mar\u00eda Magdalena de Arahal (Sevilla)\",\"potentialAction\":[{\"@type\":\"SearchAction\",\"target\":{\"@type\":\"EntryPoint\",\"urlTemplate\":\"https:\/\/hermandadesperanzaarahal.es\/blog\/?s={search_term_string}\"},\"query-input\":{\"@type\":\"PropertyValueSpecification\",\"valueRequired\":true,\"valueName\":\"search_term_string\"}}],\"inLanguage\":\"es\"},{\"@type\":\"Organization\",\"@id\":\"https:\/\/hermandadesperanzaarahal.es\/blog\/#organization\",\"name\":\"Real Hermandad Sacramental del Sant\u00edsimo Cristo de la Esperanza, Nuestra Se\u00f1ora de las Angustias, San Juan Evangelista y Santa Mar\u00eda Magdalena\",\"alternateName\":\"Real Hermandad Sacramental del Sant\u00edsimo Cristo de la Esperanza - Arahal (Sevilla)\",\"url\":\"https:\/\/hermandadesperanzaarahal.es\/blog\/\",\"logo\":{\"@type\":\"ImageObject\",\"inLanguage\":\"es\",\"@id\":\"https:\/\/hermandadesperanzaarahal.es\/blog\/#\/schema\/logo\/image\/\",\"url\":\"https:\/\/hermandadesperanzaarahal.es\/blog\/wp-content\/uploads\/2021\/03\/ESCUDO-HERMANDAD-ESPERANZA-ARAHAL.png\",\"contentUrl\":\"https:\/\/hermandadesperanzaarahal.es\/blog\/wp-content\/uploads\/2021\/03\/ESCUDO-HERMANDAD-ESPERANZA-ARAHAL.png\",\"width\":1793,\"height\":2472,\"caption\":\"Real Hermandad Sacramental del Sant\u00edsimo Cristo de la Esperanza, Nuestra Se\u00f1ora de las Angustias, San Juan Evangelista y Santa Mar\u00eda Magdalena\"},\"image\":{\"@id\":\"https:\/\/hermandadesperanzaarahal.es\/blog\/#\/schema\/logo\/image\/\"},\"sameAs\":[\"https:\/\/www.facebook.com\/RealHermandadEsperanzaDeArahal\",\"https:\/\/x.com\/hesperanzarahal\"]}]}<\/script>\n<!-- \/ Yoast SEO plugin. -->","yoast_head_json":{"title":"Tienda online","description":"&nbsp; ART\u00cdCULOS \u00a0 Referencia 0001- Pulseras (1\u20ac) Referencia 0002- LLaveros nazareno Esperanza (2\u20ac) Referencia 0003- Rosarios (5\u20ac) Referencia 0004-","robots":{"index":"index","follow":"follow","max-snippet":"max-snippet:-1","max-image-preview":"max-image-preview:large","max-video-preview":"max-video-preview:-1"},"canonical":"https:\/\/hermandadesperanzaarahal.es\/blog\/tienda-online\/","og_locale":"es_ES","og_type":"article","og_title":"Tienda online","og_description":"&nbsp; ART\u00cdCULOS \u00a0 Referencia 0001- Pulseras (1\u20ac) Referencia 0002- LLaveros nazareno Esperanza (2\u20ac) Referencia 0003- Rosarios (5\u20ac) Referencia 0004-","og_url":"https:\/\/hermandadesperanzaarahal.es\/blog\/tienda-online\/","og_site_name":"Real Hermandad Sacramental del Sant\u00edsimo Cristo de la Esperanza, Nuestra Se\u00f1ora de las Angustias, San Juan Evangelista y Santa Mar\u00eda Magdalena","article_publisher":"https:\/\/www.facebook.com\/RealHermandadEsperanzaDeArahal","article_modified_time":"2020-12-15T11:43:09+00:00","og_image":[{"url":"http:\/\/hermandadesperanzaarahal.es\/blog\/wp-content\/uploads\/2017\/04\/pulsera-75-aniv..jpg","type":"","width":"","height":""}],"twitter_card":"summary_large_image","twitter_site":"@hesperanzarahal","twitter_misc":{"Tiempo de lectura":"1 minuto"},"schema":{"@context":"https:\/\/schema.org","@graph":[{"@type":"WebPage","@id":"https:\/\/hermandadesperanzaarahal.es\/blog\/tienda-online\/","url":"https:\/\/hermandadesperanzaarahal.es\/blog\/tienda-online\/","name":"Tienda online","isPartOf":{"@id":"https:\/\/hermandadesperanzaarahal.es\/blog\/#website"},"primaryImageOfPage":{"@id":"https:\/\/hermandadesperanzaarahal.es\/blog\/tienda-online\/#primaryimage"},"image":{"@id":"https:\/\/hermandadesperanzaarahal.es\/blog\/tienda-online\/#primaryimage"},"thumbnailUrl":"http:\/\/hermandadesperanzaarahal.es\/blog\/wp-content\/uploads\/2017\/04\/pulsera-75-aniv..jpg","datePublished":"2017-04-28T11:54:13+00:00","dateModified":"2020-12-15T11:43:09+00:00","description":"&nbsp; ART\u00cdCULOS \u00a0 Referencia 0001- Pulseras (1\u20ac) Referencia 0002- LLaveros nazareno Esperanza (2\u20ac) Referencia 0003- Rosarios (5\u20ac) Referencia 0004-","breadcrumb":{"@id":"https:\/\/hermandadesperanzaarahal.es\/blog\/tienda-online\/#breadcrumb"},"inLanguage":"es","potentialAction":[{"@type":"ReadAction","target":["https:\/\/hermandadesperanzaarahal.es\/blog\/tienda-online\/"]}]},{"@type":"ImageObject","inLanguage":"es","@id":"https:\/\/hermandadesperanzaarahal.es\/blog\/tienda-online\/#primaryimage","url":"http:\/\/hermandadesperanzaarahal.es\/blog\/wp-content\/uploads\/2017\/04\/pulsera-75-aniv..jpg","contentUrl":"http:\/\/hermandadesperanzaarahal.es\/blog\/wp-content\/uploads\/2017\/04\/pulsera-75-aniv..jpg"},{"@type":"BreadcrumbList","@id":"https:\/\/hermandadesperanzaarahal.es\/blog\/tienda-online\/#breadcrumb","itemListElement":[{"@type":"ListItem","position":1,"name":"Portada","item":"https:\/\/hermandadesperanzaarahal.es\/blog\/"},{"@type":"ListItem","position":2,"name":"Tienda online"}]},{"@type":"WebSite","@id":"https:\/\/hermandadesperanzaarahal.es\/blog\/#website","url":"https:\/\/hermandadesperanzaarahal.es\/blog\/","name":"Web Oficial de la Real Hermandad Sacramental y Cofrad\u00eda de Nazarenos del Sant\u00edsimo Cristo de la Esperanza, Nuestra Se\u00f1ora de las Angustias, San Juan Evangelista y Santa Mar\u00eda Magdalena de Arahal (Sevilla).","description":"Web Oficial de la Real Hermandad Sacramental y Cofrad\u00eda de Nazarenos del Sant\u00edsimo Cristo de la Esperanza, Nuestra Se\u00f1ora de las Angustias, San Juan Evangelista y Santa Mar\u00eda Magdalena de Arahal (Sevilla).","publisher":{"@id":"https:\/\/hermandadesperanzaarahal.es\/blog\/#organization"},"alternateName":"Real Hermandad Sacramental y Cofrad\u00eda de Nazarenos del Sant\u00edsimo Cristo de la Esperanza, Nuestra Se\u00f1ora de las Angustias, San Juan Evangelista y Santa Mar\u00eda Magdalena de Arahal (Sevilla)","potentialAction":[{"@type":"SearchAction","target":{"@type":"EntryPoint","urlTemplate":"https:\/\/hermandadesperanzaarahal.es\/blog\/?s={search_term_string}"},"query-input":{"@type":"PropertyValueSpecification","valueRequired":true,"valueName":"search_term_string"}}],"inLanguage":"es"},{"@type":"Organization","@id":"https:\/\/hermandadesperanzaarahal.es\/blog\/#organization","name":"Real Hermandad Sacramental del Sant\u00edsimo Cristo de la Esperanza, Nuestra Se\u00f1ora de las Angustias, San Juan Evangelista y Santa Mar\u00eda Magdalena","alternateName":"Real Hermandad Sacramental del Sant\u00edsimo Cristo de la Esperanza - Arahal (Sevilla)","url":"https:\/\/hermandadesperanzaarahal.es\/blog\/","logo":{"@type":"ImageObject","inLanguage":"es","@id":"https:\/\/hermandadesperanzaarahal.es\/blog\/#\/schema\/logo\/image\/","url":"https:\/\/hermandadesperanzaarahal.es\/blog\/wp-content\/uploads\/2021\/03\/ESCUDO-HERMANDAD-ESPERANZA-ARAHAL.png","contentUrl":"https:\/\/hermandadesperanzaarahal.es\/blog\/wp-content\/uploads\/2021\/03\/ESCUDO-HERMANDAD-ESPERANZA-ARAHAL.png","width":1793,"height":2472,"caption":"Real Hermandad Sacramental del Sant\u00edsimo Cristo de la Esperanza, Nuestra Se\u00f1ora de las Angustias, San Juan Evangelista y Santa Mar\u00eda Magdalena"},"image":{"@id":"https:\/\/hermandadesperanzaarahal.es\/blog\/#\/schema\/logo\/image\/"},"sameAs":["https:\/\/www.facebook.com\/RealHermandadEsperanzaDeArahal","https:\/\/x.com\/hesperanzarahal"]}]}},"_links":{"self":[{"href":"https:\/\/hermandadesperanzaarahal.es\/blog\/wp-json\/wp\/v2\/pages\/560","targetHints":{"allow":["GET"]}}],"collection":[{"href":"https:\/\/hermandadesperanzaarahal.es\/blog\/wp-json\/wp\/v2\/pages"}],"about":[{"href":"https:\/\/hermandadesperanzaarahal.es\/blog\/wp-json\/wp\/v2\/types\/page"}],"author":[{"embeddable":true,"href":"https:\/\/hermandadesperanzaarahal.es\/blog\/wp-json\/wp\/v2\/users\/1"}],"replies":[{"embeddable":true,"href":"https:\/\/hermandadesperanzaarahal.es\/blog\/wp-json\/wp\/v2\/comments?post=560"}],"version-history":[{"count":1,"href":"https:\/\/hermandadesperanzaarahal.es\/blog\/wp-json\/wp\/v2\/pages\/560\/revisions"}],"predecessor-version":[{"id":2684,"href":"https:\/\/hermandadesperanzaarahal.es\/blog\/wp-json\/wp\/v2\/pages\/560\/revisions\/2684"}],"wp:attachment":[{"href":"https:\/\/hermandadesperanzaarahal.es\/blog\/wp-json\/wp\/v2\/media?parent=560"}],"curies":[{"name":"wp","href":"https:\/\/api.w.org\/{rel}","templated":true}]}}