{"id":491,"date":"2014-05-30T17:15:20","date_gmt":"2014-05-30T15:15:20","guid":{"rendered":"http:\/\/hermandadesperanzaarahal.es\/blog\/?page_id=1395"},"modified":"2020-12-15T11:43:07","modified_gmt":"2020-12-15T11:43:07","slug":"ropero-solidario","status":"publish","type":"page","link":"https:\/\/hermandadesperanzaarahal.es\/blog\/ropero-solidario\/","title":{"rendered":"ROPERO SOLIDARIO"},"content":{"rendered":"<p><img loading=\"lazy\" decoding=\"async\" class=\"size-full wp-image-1399 alignright\" alt=\"boton-armario\" src=\"http:\/\/hermandadesperanzaarahal.es\/blog\/wp-content\/uploads\/2014\/05\/boton-armario.jpg\" width=\"275\" height=\"100\" \/><\/p>\n<p style=\"text-align: justify;\">Nuestra Hermandad ha puesto en marcha un nuevo proyecto que se enmarca dentro de la acci\u00f3n de su Diputaci\u00f3n de Caridad y Obras Sociales y en conjunci\u00f3n con el Excmo. Ayuntamiento de Arahal y\u00a0 C\u00e1ritas Parroquial. <strong>El ROPERO SOLIDARIO DE LA ESPERANZA <\/strong><\/p>\n<p style=\"text-align: justify;\">Una iniciativa a trav\u00e9s de la cual se recoger\u00e1 ropa en buen estado de conservaci\u00f3n y limpieza para posteriormente seleccionarla y entregarla a personas con necesidades econ\u00f3micas y de manutenci\u00f3n.<\/p>\n<p style=\"text-align: justify;\"><em>\u00a1Seamos solidarios y colaboremos. En ello est\u00e1 la grandeza de NUESTRA ESPERANZA!.<\/em><\/p>\n<p><\/br><br \/>\n<strong>RECOGIDA DE ROPA<\/strong><\/p>\n<p style=\"text-align: justify;\">Todos los <span style=\"text-decoration: underline;\"><em>jueves en horario de 20:00 a 22:00 horas<\/em><\/span> la Casa Hermandad ( C\/ Pilar, 7) se encontrar\u00e1 abierta para que todos los que lo deseen puedan hacer entrega de ropa, zapatos y art\u00edculos de vestir.<\/p>\n<p>&nbsp;<\/p>\n<p style=\"text-align: justify;\"><strong>ENTREGA DE ROPA<\/strong><\/p>\n<p style=\"text-align: justify;\">Para poder acceder al Ropero Solidario, ha de ser solicitado en la Delegaci\u00f3n de Sevicios Sociales del Excel\u00e9ntisimo Ayuntamiento de Arahal. Una vez realizada esta solicitud, la Delegaci\u00f3n estudiar\u00e1 cada caso y enviar\u00e1 un informe a la Diputaci\u00f3n de Caridad de la Hermandad en el que se indicar\u00e1n las caracter\u00edsticas de las personas a atender y las necesidades de las mismas.<\/p>\n<p style=\"text-align: justify;\">La Diputaci\u00f3n de Caridad se pondr\u00e1 en contacto con las personas interesadas en obtener la ayuda y se concretar\u00e1 una cita particular en la Casa Hermandad, donde se procurar\u00e1 proporcionar la ayuda necesaria para abastecer las necesidades.<\/p>\n","protected":false},"excerpt":{"rendered":"<p>Nuestra Hermandad ha puesto en marcha un nuevo proyecto que se enmarca dentro de la acci\u00f3n de su Diputaci\u00f3n de Caridad y Obras Sociales y en conjunci\u00f3n con el Excmo. Ayuntamiento de Arahal y\u00a0 C\u00e1ritas Parroquial. El ROPERO SOLIDARIO DE LA ESPERANZA Una iniciativa a trav\u00e9s de la cual se recoger\u00e1 ropa en buen estado [&hellip;]<\/p>\n","protected":false},"author":1,"featured_media":0,"parent":0,"menu_order":0,"comment_status":"closed","ping_status":"open","template":"","meta":{"_editorskit_title_hidden":false,"_editorskit_reading_time":0,"_editorskit_is_block_options_detached":false,"_editorskit_block_options_position":"{}","footnotes":""},"class_list":["post-491","page","type-page","status-publish","hentry"],"yoast_head":"<!-- This site is optimized with the Yoast SEO plugin v24.7 - https:\/\/yoast.com\/wordpress\/plugins\/seo\/ -->\n<title>ROPERO SOLIDARIO<\/title>\n<meta name=\"description\" content=\"Nuestra Hermandad ha puesto en marcha un nuevo proyecto que se enmarca dentro de la acci\u00f3n de su Diputaci\u00f3n de Caridad y Obras Sociales y en conjunci\u00f3n\" \/>\n<meta name=\"robots\" content=\"index, follow, max-snippet:-1, max-image-preview:large, max-video-preview:-1\" \/>\n<link rel=\"canonical\" href=\"https:\/\/hermandadesperanzaarahal.es\/blog\/ropero-solidario\/\" \/>\n<meta property=\"og:locale\" content=\"es_ES\" \/>\n<meta property=\"og:type\" content=\"article\" \/>\n<meta property=\"og:title\" content=\"ROPERO SOLIDARIO\" \/>\n<meta property=\"og:description\" content=\"Nuestra Hermandad ha puesto en marcha un nuevo proyecto que se enmarca dentro de la acci\u00f3n de su Diputaci\u00f3n de Caridad y Obras Sociales y en conjunci\u00f3n\" \/>\n<meta property=\"og:url\" content=\"https:\/\/hermandadesperanzaarahal.es\/blog\/ropero-solidario\/\" \/>\n<meta property=\"og:site_name\" content=\"Real Hermandad Sacramental del Sant\u00edsimo Cristo de la Esperanza, Nuestra Se\u00f1ora de las Angustias, San Juan Evangelista y Santa Mar\u00eda Magdalena\" \/>\n<meta property=\"article:publisher\" content=\"https:\/\/www.facebook.com\/RealHermandadEsperanzaDeArahal\" \/>\n<meta property=\"article:modified_time\" content=\"2020-12-15T11:43:07+00:00\" \/>\n<meta property=\"og:image\" content=\"http:\/\/hermandadesperanzaarahal.es\/blog\/wp-content\/uploads\/2014\/05\/boton-armario.jpg\" \/>\n<meta name=\"twitter:card\" content=\"summary_large_image\" \/>\n<meta name=\"twitter:site\" content=\"@hesperanzarahal\" \/>\n<meta name=\"twitter:label1\" content=\"Tiempo de lectura\" \/>\n\t<meta name=\"twitter:data1\" content=\"1 minuto\" \/>\n<script type=\"application\/ld+json\" class=\"yoast-schema-graph\">{\"@context\":\"https:\/\/schema.org\",\"@graph\":[{\"@type\":\"WebPage\",\"@id\":\"https:\/\/hermandadesperanzaarahal.es\/blog\/ropero-solidario\/\",\"url\":\"https:\/\/hermandadesperanzaarahal.es\/blog\/ropero-solidario\/\",\"name\":\"ROPERO SOLIDARIO\",\"isPartOf\":{\"@id\":\"https:\/\/hermandadesperanzaarahal.es\/blog\/#website\"},\"primaryImageOfPage\":{\"@id\":\"https:\/\/hermandadesperanzaarahal.es\/blog\/ropero-solidario\/#primaryimage\"},\"image\":{\"@id\":\"https:\/\/hermandadesperanzaarahal.es\/blog\/ropero-solidario\/#primaryimage\"},\"thumbnailUrl\":\"http:\/\/hermandadesperanzaarahal.es\/blog\/wp-content\/uploads\/2014\/05\/boton-armario.jpg\",\"datePublished\":\"2014-05-30T15:15:20+00:00\",\"dateModified\":\"2020-12-15T11:43:07+00:00\",\"description\":\"Nuestra Hermandad ha puesto en marcha un nuevo proyecto que se enmarca dentro de la acci\u00f3n de su Diputaci\u00f3n de Caridad y Obras Sociales y en conjunci\u00f3n\",\"breadcrumb\":{\"@id\":\"https:\/\/hermandadesperanzaarahal.es\/blog\/ropero-solidario\/#breadcrumb\"},\"inLanguage\":\"es\",\"potentialAction\":[{\"@type\":\"ReadAction\",\"target\":[\"https:\/\/hermandadesperanzaarahal.es\/blog\/ropero-solidario\/\"]}]},{\"@type\":\"ImageObject\",\"inLanguage\":\"es\",\"@id\":\"https:\/\/hermandadesperanzaarahal.es\/blog\/ropero-solidario\/#primaryimage\",\"url\":\"http:\/\/hermandadesperanzaarahal.es\/blog\/wp-content\/uploads\/2014\/05\/boton-armario.jpg\",\"contentUrl\":\"http:\/\/hermandadesperanzaarahal.es\/blog\/wp-content\/uploads\/2014\/05\/boton-armario.jpg\"},{\"@type\":\"BreadcrumbList\",\"@id\":\"https:\/\/hermandadesperanzaarahal.es\/blog\/ropero-solidario\/#breadcrumb\",\"itemListElement\":[{\"@type\":\"ListItem\",\"position\":1,\"name\":\"Portada\",\"item\":\"https:\/\/hermandadesperanzaarahal.es\/blog\/\"},{\"@type\":\"ListItem\",\"position\":2,\"name\":\"ROPERO SOLIDARIO\"}]},{\"@type\":\"WebSite\",\"@id\":\"https:\/\/hermandadesperanzaarahal.es\/blog\/#website\",\"url\":\"https:\/\/hermandadesperanzaarahal.es\/blog\/\",\"name\":\"Web Oficial de la Real Hermandad Sacramental y Cofrad\u00eda de Nazarenos del Sant\u00edsimo Cristo de la Esperanza, Nuestra Se\u00f1ora de las Angustias, San Juan Evangelista y Santa Mar\u00eda Magdalena de Arahal (Sevilla).\",\"description\":\"Web Oficial de la Real Hermandad Sacramental y Cofrad\u00eda de Nazarenos del Sant\u00edsimo Cristo de la Esperanza, Nuestra Se\u00f1ora de las Angustias, San Juan Evangelista y Santa Mar\u00eda Magdalena de Arahal (Sevilla).\",\"publisher\":{\"@id\":\"https:\/\/hermandadesperanzaarahal.es\/blog\/#organization\"},\"alternateName\":\"Real Hermandad Sacramental y Cofrad\u00eda de Nazarenos del Sant\u00edsimo Cristo de la Esperanza, Nuestra Se\u00f1ora de las Angustias, San Juan Evangelista y Santa Mar\u00eda Magdalena de Arahal (Sevilla)\",\"potentialAction\":[{\"@type\":\"SearchAction\",\"target\":{\"@type\":\"EntryPoint\",\"urlTemplate\":\"https:\/\/hermandadesperanzaarahal.es\/blog\/?s={search_term_string}\"},\"query-input\":{\"@type\":\"PropertyValueSpecification\",\"valueRequired\":true,\"valueName\":\"search_term_string\"}}],\"inLanguage\":\"es\"},{\"@type\":\"Organization\",\"@id\":\"https:\/\/hermandadesperanzaarahal.es\/blog\/#organization\",\"name\":\"Real Hermandad Sacramental del Sant\u00edsimo Cristo de la Esperanza, Nuestra Se\u00f1ora de las Angustias, San Juan Evangelista y Santa Mar\u00eda Magdalena\",\"alternateName\":\"Real Hermandad Sacramental del Sant\u00edsimo Cristo de la Esperanza - Arahal (Sevilla)\",\"url\":\"https:\/\/hermandadesperanzaarahal.es\/blog\/\",\"logo\":{\"@type\":\"ImageObject\",\"inLanguage\":\"es\",\"@id\":\"https:\/\/hermandadesperanzaarahal.es\/blog\/#\/schema\/logo\/image\/\",\"url\":\"https:\/\/hermandadesperanzaarahal.es\/blog\/wp-content\/uploads\/2021\/03\/ESCUDO-HERMANDAD-ESPERANZA-ARAHAL.png\",\"contentUrl\":\"https:\/\/hermandadesperanzaarahal.es\/blog\/wp-content\/uploads\/2021\/03\/ESCUDO-HERMANDAD-ESPERANZA-ARAHAL.png\",\"width\":1793,\"height\":2472,\"caption\":\"Real Hermandad Sacramental del Sant\u00edsimo Cristo de la Esperanza, Nuestra Se\u00f1ora de las Angustias, San Juan Evangelista y Santa Mar\u00eda Magdalena\"},\"image\":{\"@id\":\"https:\/\/hermandadesperanzaarahal.es\/blog\/#\/schema\/logo\/image\/\"},\"sameAs\":[\"https:\/\/www.facebook.com\/RealHermandadEsperanzaDeArahal\",\"https:\/\/x.com\/hesperanzarahal\"]}]}<\/script>\n<!-- \/ Yoast SEO plugin. -->","yoast_head_json":{"title":"ROPERO SOLIDARIO","description":"Nuestra Hermandad ha puesto en marcha un nuevo proyecto que se enmarca dentro de la acci\u00f3n de su Diputaci\u00f3n de Caridad y Obras Sociales y en conjunci\u00f3n","robots":{"index":"index","follow":"follow","max-snippet":"max-snippet:-1","max-image-preview":"max-image-preview:large","max-video-preview":"max-video-preview:-1"},"canonical":"https:\/\/hermandadesperanzaarahal.es\/blog\/ropero-solidario\/","og_locale":"es_ES","og_type":"article","og_title":"ROPERO SOLIDARIO","og_description":"Nuestra Hermandad ha puesto en marcha un nuevo proyecto que se enmarca dentro de la acci\u00f3n de su Diputaci\u00f3n de Caridad y Obras Sociales y en conjunci\u00f3n","og_url":"https:\/\/hermandadesperanzaarahal.es\/blog\/ropero-solidario\/","og_site_name":"Real Hermandad Sacramental del Sant\u00edsimo Cristo de la Esperanza, Nuestra Se\u00f1ora de las Angustias, San Juan Evangelista y Santa Mar\u00eda Magdalena","article_publisher":"https:\/\/www.facebook.com\/RealHermandadEsperanzaDeArahal","article_modified_time":"2020-12-15T11:43:07+00:00","og_image":[{"url":"http:\/\/hermandadesperanzaarahal.es\/blog\/wp-content\/uploads\/2014\/05\/boton-armario.jpg","type":"","width":"","height":""}],"twitter_card":"summary_large_image","twitter_site":"@hesperanzarahal","twitter_misc":{"Tiempo de lectura":"1 minuto"},"schema":{"@context":"https:\/\/schema.org","@graph":[{"@type":"WebPage","@id":"https:\/\/hermandadesperanzaarahal.es\/blog\/ropero-solidario\/","url":"https:\/\/hermandadesperanzaarahal.es\/blog\/ropero-solidario\/","name":"ROPERO SOLIDARIO","isPartOf":{"@id":"https:\/\/hermandadesperanzaarahal.es\/blog\/#website"},"primaryImageOfPage":{"@id":"https:\/\/hermandadesperanzaarahal.es\/blog\/ropero-solidario\/#primaryimage"},"image":{"@id":"https:\/\/hermandadesperanzaarahal.es\/blog\/ropero-solidario\/#primaryimage"},"thumbnailUrl":"http:\/\/hermandadesperanzaarahal.es\/blog\/wp-content\/uploads\/2014\/05\/boton-armario.jpg","datePublished":"2014-05-30T15:15:20+00:00","dateModified":"2020-12-15T11:43:07+00:00","description":"Nuestra Hermandad ha puesto en marcha un nuevo proyecto que se enmarca dentro de la acci\u00f3n de su Diputaci\u00f3n de Caridad y Obras Sociales y en conjunci\u00f3n","breadcrumb":{"@id":"https:\/\/hermandadesperanzaarahal.es\/blog\/ropero-solidario\/#breadcrumb"},"inLanguage":"es","potentialAction":[{"@type":"ReadAction","target":["https:\/\/hermandadesperanzaarahal.es\/blog\/ropero-solidario\/"]}]},{"@type":"ImageObject","inLanguage":"es","@id":"https:\/\/hermandadesperanzaarahal.es\/blog\/ropero-solidario\/#primaryimage","url":"http:\/\/hermandadesperanzaarahal.es\/blog\/wp-content\/uploads\/2014\/05\/boton-armario.jpg","contentUrl":"http:\/\/hermandadesperanzaarahal.es\/blog\/wp-content\/uploads\/2014\/05\/boton-armario.jpg"},{"@type":"BreadcrumbList","@id":"https:\/\/hermandadesperanzaarahal.es\/blog\/ropero-solidario\/#breadcrumb","itemListElement":[{"@type":"ListItem","position":1,"name":"Portada","item":"https:\/\/hermandadesperanzaarahal.es\/blog\/"},{"@type":"ListItem","position":2,"name":"ROPERO SOLIDARIO"}]},{"@type":"WebSite","@id":"https:\/\/hermandadesperanzaarahal.es\/blog\/#website","url":"https:\/\/hermandadesperanzaarahal.es\/blog\/","name":"Web Oficial de la Real Hermandad Sacramental y Cofrad\u00eda de Nazarenos del Sant\u00edsimo Cristo de la Esperanza, Nuestra Se\u00f1ora de las Angustias, San Juan Evangelista y Santa Mar\u00eda Magdalena de Arahal (Sevilla).","description":"Web Oficial de la Real Hermandad Sacramental y Cofrad\u00eda de Nazarenos del Sant\u00edsimo Cristo de la Esperanza, Nuestra Se\u00f1ora de las Angustias, San Juan Evangelista y Santa Mar\u00eda Magdalena de Arahal (Sevilla).","publisher":{"@id":"https:\/\/hermandadesperanzaarahal.es\/blog\/#organization"},"alternateName":"Real Hermandad Sacramental y Cofrad\u00eda de Nazarenos del Sant\u00edsimo Cristo de la Esperanza, Nuestra Se\u00f1ora de las Angustias, San Juan Evangelista y Santa Mar\u00eda Magdalena de Arahal (Sevilla)","potentialAction":[{"@type":"SearchAction","target":{"@type":"EntryPoint","urlTemplate":"https:\/\/hermandadesperanzaarahal.es\/blog\/?s={search_term_string}"},"query-input":{"@type":"PropertyValueSpecification","valueRequired":true,"valueName":"search_term_string"}}],"inLanguage":"es"},{"@type":"Organization","@id":"https:\/\/hermandadesperanzaarahal.es\/blog\/#organization","name":"Real Hermandad Sacramental del Sant\u00edsimo Cristo de la Esperanza, Nuestra Se\u00f1ora de las Angustias, San Juan Evangelista y Santa Mar\u00eda Magdalena","alternateName":"Real Hermandad Sacramental del Sant\u00edsimo Cristo de la Esperanza - Arahal (Sevilla)","url":"https:\/\/hermandadesperanzaarahal.es\/blog\/","logo":{"@type":"ImageObject","inLanguage":"es","@id":"https:\/\/hermandadesperanzaarahal.es\/blog\/#\/schema\/logo\/image\/","url":"https:\/\/hermandadesperanzaarahal.es\/blog\/wp-content\/uploads\/2021\/03\/ESCUDO-HERMANDAD-ESPERANZA-ARAHAL.png","contentUrl":"https:\/\/hermandadesperanzaarahal.es\/blog\/wp-content\/uploads\/2021\/03\/ESCUDO-HERMANDAD-ESPERANZA-ARAHAL.png","width":1793,"height":2472,"caption":"Real Hermandad Sacramental del Sant\u00edsimo Cristo de la Esperanza, Nuestra Se\u00f1ora de las Angustias, San Juan Evangelista y Santa Mar\u00eda Magdalena"},"image":{"@id":"https:\/\/hermandadesperanzaarahal.es\/blog\/#\/schema\/logo\/image\/"},"sameAs":["https:\/\/www.facebook.com\/RealHermandadEsperanzaDeArahal","https:\/\/x.com\/hesperanzarahal"]}]}},"_links":{"self":[{"href":"https:\/\/hermandadesperanzaarahal.es\/blog\/wp-json\/wp\/v2\/pages\/491","targetHints":{"allow":["GET"]}}],"collection":[{"href":"https:\/\/hermandadesperanzaarahal.es\/blog\/wp-json\/wp\/v2\/pages"}],"about":[{"href":"https:\/\/hermandadesperanzaarahal.es\/blog\/wp-json\/wp\/v2\/types\/page"}],"author":[{"embeddable":true,"href":"https:\/\/hermandadesperanzaarahal.es\/blog\/wp-json\/wp\/v2\/users\/1"}],"replies":[{"embeddable":true,"href":"https:\/\/hermandadesperanzaarahal.es\/blog\/wp-json\/wp\/v2\/comments?post=491"}],"version-history":[{"count":1,"href":"https:\/\/hermandadesperanzaarahal.es\/blog\/wp-json\/wp\/v2\/pages\/491\/revisions"}],"predecessor-version":[{"id":2678,"href":"https:\/\/hermandadesperanzaarahal.es\/blog\/wp-json\/wp\/v2\/pages\/491\/revisions\/2678"}],"wp:attachment":[{"href":"https:\/\/hermandadesperanzaarahal.es\/blog\/wp-json\/wp\/v2\/media?parent=491"}],"curies":[{"name":"wp","href":"https:\/\/api.w.org\/{rel}","templated":true}]}}