{"id":418,"date":"2014-04-10T12:35:05","date_gmt":"2014-04-10T10:35:05","guid":{"rendered":"http:\/\/hermandadesperanzaarahal.es\/blog\/?page_id=1140"},"modified":"2020-12-15T11:42:51","modified_gmt":"2020-12-15T11:42:51","slug":"medalla-de-oro-a-la-hermandad","status":"publish","type":"page","link":"https:\/\/hermandadesperanzaarahal.es\/blog\/medalla-de-oro-a-la-hermandad\/","title":{"rendered":"MEDALLA DE ORO A LA HERMANDAD"},"content":{"rendered":"<p><img loading=\"lazy\" decoding=\"async\" class=\"alignright\" alt=\"_DSC0277\" src=\"http:\/\/hermandadesperanzaarahal.es\/blog\/wp-content\/uploads\/2014\/04\/DSC0277-225x300.jpg\" width=\"225\" height=\"300\" \/>Fueron d\u00edas hist\u00f3ricos los\u00a0vividos el pasado mes de\u00a0junio, cuando el Excmo.\u00a0Ayuntamiento de Arahal, a trav\u00e9s\u00a0de la persona del Sr. Alcalde\u00a0Presidente del mismo, D. Miguel\u00a0\u00c1ngel M\u00e1rquez Gonz\u00e1lez, hizo\u00a0entrega a nuestra Hermandad de\u00a0la MEDALLA DE ORO DE LA\u00a0CIUDAD, reconociendo as\u00ed la\u00a0trascendencia que, prioritariamente\u00a0a efectos de caridad y obras sociales,\u00a0la Esperanza tiene en la actualidad a\u00a0nivel local.\u00a0La ceremonia de entrega de dicha\u00a0distinci\u00f3n, la primera vez que se\u00a0hac\u00eda a una Hermandad en Arahal\u00a0por parte del Consistorio tras\u00a0refrendo por la mayor\u00eda del Pleno\u00a0Municipal, tuvo lugar en la tarde-noche\u00a0del d\u00eda 21 de Junio a los\u00a0pies de la Imagen de Nuestra Sra.\u00a0De las Angustias, motivo de este\u00a0evento, ya que, teniendo en cuenta\u00a0que en 2013 se conmemoraba el\u00a0LXXV Aniversario nuestra Sagrada\u00a0Titular, este acto se hab\u00eda\u00a0programado dentro del\u00a0marco de las actividades e\u00a0iniciativas a este respecto.\u00a0La Parroquia de Santa\u00a0Mar\u00eda Magdalena qued\u00f3\u00a0abarrotada de hermanos\u00a0y fieles que quisieron\u00a0estar presentes en un d\u00eda\u00a0irrepetible que quedar\u00e1\u00a0grabado con letras de oro en\u00a0la memoria del sentimiento\u00a0esperancista.<\/p>\n<p style=\"text-align: center;\"><img loading=\"lazy\" decoding=\"async\" class=\"alignnone size-medium wp-image-1144\" alt=\"_MG_9897\" src=\"http:\/\/hermandadesperanzaarahal.es\/blog\/wp-content\/uploads\/2014\/04\/MG_9897-300x200.jpg\" width=\"300\" height=\"200\" \/> <img loading=\"lazy\" decoding=\"async\" class=\"alignnone size-medium wp-image-1145\" alt=\"_MG_9900\" src=\"http:\/\/hermandadesperanzaarahal.es\/blog\/wp-content\/uploads\/2014\/04\/MG_9900-300x200.jpg\" width=\"300\" height=\"200\" \/><\/p>\n<p>Durante dicho acto el\u00a0Sr. Alcalde se dirigi\u00f3 a\u00a0los presentes remarcando que el\u00a0motivo de esta entrega ten\u00eda como\u00a0tel\u00f3n de fondo la efem\u00e9ride del\u00a0LXXV Aniversario de la Virgen,\u00a0y en reconocimiento a la labor\u00a0social que nuestra Hermandad\u00a0viene desarrollando en Arahal\u00a0especialmente a trav\u00e9s del \u00c1rea de\u00a0Servicios Sociales del Ayuntamiento\u00a0y en coordinaci\u00f3n con Caritas.\u00a0Destacar que tras las palabras de\u00a0agradecimiento del Sr. Hermano\u00a0Mayor de esta Hermandad\u00a0Sacramental, la Hermandad del\u00a0Santo Entierro hizo entrega de un\u00a0presente en recuerdo de fecha tan\u00a0significativa y mostrando el cari\u00f1o\u00a0y afecto que las dos corporaciones\u00a0del Viernes Santo mantienen\u00a0mutuamente en la actualidad.<\/p>\n","protected":false},"excerpt":{"rendered":"<p>Fueron d\u00edas hist\u00f3ricos los\u00a0vividos el pasado mes de\u00a0junio, cuando el Excmo.\u00a0Ayuntamiento de Arahal, a trav\u00e9s\u00a0de la persona del Sr. Alcalde\u00a0Presidente del mismo, D. Miguel\u00a0\u00c1ngel M\u00e1rquez Gonz\u00e1lez, hizo\u00a0entrega a nuestra Hermandad de\u00a0la MEDALLA DE ORO DE LA\u00a0CIUDAD, reconociendo as\u00ed la\u00a0trascendencia que, prioritariamente\u00a0a efectos de caridad y obras sociales,\u00a0la Esperanza tiene en la actualidad a\u00a0nivel local.\u00a0La ceremonia [&hellip;]<\/p>\n","protected":false},"author":1,"featured_media":0,"parent":0,"menu_order":0,"comment_status":"closed","ping_status":"open","template":"","meta":{"_editorskit_title_hidden":false,"_editorskit_reading_time":0,"_editorskit_is_block_options_detached":false,"_editorskit_block_options_position":"{}","footnotes":""},"class_list":["post-418","page","type-page","status-publish","hentry"],"yoast_head":"<!-- This site is optimized with the Yoast SEO plugin v24.7 - https:\/\/yoast.com\/wordpress\/plugins\/seo\/ -->\n<title>MEDALLA DE ORO A LA HERMANDAD<\/title>\n<meta name=\"description\" content=\"Fueron d\u00edas hist\u00f3ricos los\u00a0vividos el pasado mes de\u00a0junio, cuando el Excmo.\u00a0Ayuntamiento de Arahal, a trav\u00e9s\u00a0de la persona del Sr. Alcalde\u00a0Presidente del\" \/>\n<meta name=\"robots\" content=\"index, follow, max-snippet:-1, max-image-preview:large, max-video-preview:-1\" \/>\n<link rel=\"canonical\" href=\"https:\/\/hermandadesperanzaarahal.es\/blog\/medalla-de-oro-a-la-hermandad\/\" \/>\n<meta property=\"og:locale\" content=\"es_ES\" \/>\n<meta property=\"og:type\" content=\"article\" \/>\n<meta property=\"og:title\" content=\"MEDALLA DE ORO A LA HERMANDAD\" \/>\n<meta property=\"og:description\" content=\"Fueron d\u00edas hist\u00f3ricos los\u00a0vividos el pasado mes de\u00a0junio, cuando el Excmo.\u00a0Ayuntamiento de Arahal, a trav\u00e9s\u00a0de la persona del Sr. Alcalde\u00a0Presidente del\" \/>\n<meta property=\"og:url\" content=\"https:\/\/hermandadesperanzaarahal.es\/blog\/medalla-de-oro-a-la-hermandad\/\" \/>\n<meta property=\"og:site_name\" content=\"Real Hermandad Sacramental del Sant\u00edsimo Cristo de la Esperanza, Nuestra Se\u00f1ora de las Angustias, San Juan Evangelista y Santa Mar\u00eda Magdalena\" \/>\n<meta property=\"article:publisher\" content=\"https:\/\/www.facebook.com\/RealHermandadEsperanzaDeArahal\" \/>\n<meta property=\"article:modified_time\" content=\"2020-12-15T11:42:51+00:00\" \/>\n<meta property=\"og:image\" content=\"http:\/\/hermandadesperanzaarahal.es\/blog\/wp-content\/uploads\/2014\/04\/DSC0277-225x300.jpg\" \/>\n<meta name=\"twitter:card\" content=\"summary_large_image\" \/>\n<meta name=\"twitter:site\" content=\"@hesperanzarahal\" \/>\n<meta name=\"twitter:label1\" content=\"Tiempo de lectura\" \/>\n\t<meta name=\"twitter:data1\" content=\"2 minutos\" \/>\n<script type=\"application\/ld+json\" class=\"yoast-schema-graph\">{\"@context\":\"https:\/\/schema.org\",\"@graph\":[{\"@type\":\"WebPage\",\"@id\":\"https:\/\/hermandadesperanzaarahal.es\/blog\/medalla-de-oro-a-la-hermandad\/\",\"url\":\"https:\/\/hermandadesperanzaarahal.es\/blog\/medalla-de-oro-a-la-hermandad\/\",\"name\":\"MEDALLA DE ORO A LA HERMANDAD\",\"isPartOf\":{\"@id\":\"https:\/\/hermandadesperanzaarahal.es\/blog\/#website\"},\"primaryImageOfPage\":{\"@id\":\"https:\/\/hermandadesperanzaarahal.es\/blog\/medalla-de-oro-a-la-hermandad\/#primaryimage\"},\"image\":{\"@id\":\"https:\/\/hermandadesperanzaarahal.es\/blog\/medalla-de-oro-a-la-hermandad\/#primaryimage\"},\"thumbnailUrl\":\"http:\/\/hermandadesperanzaarahal.es\/blog\/wp-content\/uploads\/2014\/04\/DSC0277-225x300.jpg\",\"datePublished\":\"2014-04-10T10:35:05+00:00\",\"dateModified\":\"2020-12-15T11:42:51+00:00\",\"description\":\"Fueron d\u00edas hist\u00f3ricos los\u00a0vividos el pasado mes de\u00a0junio, cuando el Excmo.\u00a0Ayuntamiento de Arahal, a trav\u00e9s\u00a0de la persona del Sr. Alcalde\u00a0Presidente del\",\"breadcrumb\":{\"@id\":\"https:\/\/hermandadesperanzaarahal.es\/blog\/medalla-de-oro-a-la-hermandad\/#breadcrumb\"},\"inLanguage\":\"es\",\"potentialAction\":[{\"@type\":\"ReadAction\",\"target\":[\"https:\/\/hermandadesperanzaarahal.es\/blog\/medalla-de-oro-a-la-hermandad\/\"]}]},{\"@type\":\"ImageObject\",\"inLanguage\":\"es\",\"@id\":\"https:\/\/hermandadesperanzaarahal.es\/blog\/medalla-de-oro-a-la-hermandad\/#primaryimage\",\"url\":\"http:\/\/hermandadesperanzaarahal.es\/blog\/wp-content\/uploads\/2014\/04\/DSC0277-225x300.jpg\",\"contentUrl\":\"http:\/\/hermandadesperanzaarahal.es\/blog\/wp-content\/uploads\/2014\/04\/DSC0277-225x300.jpg\"},{\"@type\":\"BreadcrumbList\",\"@id\":\"https:\/\/hermandadesperanzaarahal.es\/blog\/medalla-de-oro-a-la-hermandad\/#breadcrumb\",\"itemListElement\":[{\"@type\":\"ListItem\",\"position\":1,\"name\":\"Portada\",\"item\":\"https:\/\/hermandadesperanzaarahal.es\/blog\/\"},{\"@type\":\"ListItem\",\"position\":2,\"name\":\"MEDALLA DE ORO A LA HERMANDAD\"}]},{\"@type\":\"WebSite\",\"@id\":\"https:\/\/hermandadesperanzaarahal.es\/blog\/#website\",\"url\":\"https:\/\/hermandadesperanzaarahal.es\/blog\/\",\"name\":\"Web Oficial de la Real Hermandad Sacramental y Cofrad\u00eda de Nazarenos del Sant\u00edsimo Cristo de la Esperanza, Nuestra Se\u00f1ora de las Angustias, San Juan Evangelista y Santa Mar\u00eda Magdalena de Arahal (Sevilla).\",\"description\":\"Web Oficial de la Real Hermandad Sacramental y Cofrad\u00eda de Nazarenos del Sant\u00edsimo Cristo de la Esperanza, Nuestra Se\u00f1ora de las Angustias, San Juan Evangelista y Santa Mar\u00eda Magdalena de Arahal (Sevilla).\",\"publisher\":{\"@id\":\"https:\/\/hermandadesperanzaarahal.es\/blog\/#organization\"},\"alternateName\":\"Real Hermandad Sacramental y Cofrad\u00eda de Nazarenos del Sant\u00edsimo Cristo de la Esperanza, Nuestra Se\u00f1ora de las Angustias, San Juan Evangelista y Santa Mar\u00eda Magdalena de Arahal (Sevilla)\",\"potentialAction\":[{\"@type\":\"SearchAction\",\"target\":{\"@type\":\"EntryPoint\",\"urlTemplate\":\"https:\/\/hermandadesperanzaarahal.es\/blog\/?s={search_term_string}\"},\"query-input\":{\"@type\":\"PropertyValueSpecification\",\"valueRequired\":true,\"valueName\":\"search_term_string\"}}],\"inLanguage\":\"es\"},{\"@type\":\"Organization\",\"@id\":\"https:\/\/hermandadesperanzaarahal.es\/blog\/#organization\",\"name\":\"Real Hermandad Sacramental del Sant\u00edsimo Cristo de la Esperanza, Nuestra Se\u00f1ora de las Angustias, San Juan Evangelista y Santa Mar\u00eda Magdalena\",\"alternateName\":\"Real Hermandad Sacramental del Sant\u00edsimo Cristo de la Esperanza - Arahal (Sevilla)\",\"url\":\"https:\/\/hermandadesperanzaarahal.es\/blog\/\",\"logo\":{\"@type\":\"ImageObject\",\"inLanguage\":\"es\",\"@id\":\"https:\/\/hermandadesperanzaarahal.es\/blog\/#\/schema\/logo\/image\/\",\"url\":\"https:\/\/hermandadesperanzaarahal.es\/blog\/wp-content\/uploads\/2021\/03\/ESCUDO-HERMANDAD-ESPERANZA-ARAHAL.png\",\"contentUrl\":\"https:\/\/hermandadesperanzaarahal.es\/blog\/wp-content\/uploads\/2021\/03\/ESCUDO-HERMANDAD-ESPERANZA-ARAHAL.png\",\"width\":1793,\"height\":2472,\"caption\":\"Real Hermandad Sacramental del Sant\u00edsimo Cristo de la Esperanza, Nuestra Se\u00f1ora de las Angustias, San Juan Evangelista y Santa Mar\u00eda Magdalena\"},\"image\":{\"@id\":\"https:\/\/hermandadesperanzaarahal.es\/blog\/#\/schema\/logo\/image\/\"},\"sameAs\":[\"https:\/\/www.facebook.com\/RealHermandadEsperanzaDeArahal\",\"https:\/\/x.com\/hesperanzarahal\"]}]}<\/script>\n<!-- \/ Yoast SEO plugin. -->","yoast_head_json":{"title":"MEDALLA DE ORO A LA HERMANDAD","description":"Fueron d\u00edas hist\u00f3ricos los\u00a0vividos el pasado mes de\u00a0junio, cuando el Excmo.\u00a0Ayuntamiento de Arahal, a trav\u00e9s\u00a0de la persona del Sr. Alcalde\u00a0Presidente del","robots":{"index":"index","follow":"follow","max-snippet":"max-snippet:-1","max-image-preview":"max-image-preview:large","max-video-preview":"max-video-preview:-1"},"canonical":"https:\/\/hermandadesperanzaarahal.es\/blog\/medalla-de-oro-a-la-hermandad\/","og_locale":"es_ES","og_type":"article","og_title":"MEDALLA DE ORO A LA HERMANDAD","og_description":"Fueron d\u00edas hist\u00f3ricos los\u00a0vividos el pasado mes de\u00a0junio, cuando el Excmo.\u00a0Ayuntamiento de Arahal, a trav\u00e9s\u00a0de la persona del Sr. Alcalde\u00a0Presidente del","og_url":"https:\/\/hermandadesperanzaarahal.es\/blog\/medalla-de-oro-a-la-hermandad\/","og_site_name":"Real Hermandad Sacramental del Sant\u00edsimo Cristo de la Esperanza, Nuestra Se\u00f1ora de las Angustias, San Juan Evangelista y Santa Mar\u00eda Magdalena","article_publisher":"https:\/\/www.facebook.com\/RealHermandadEsperanzaDeArahal","article_modified_time":"2020-12-15T11:42:51+00:00","og_image":[{"url":"http:\/\/hermandadesperanzaarahal.es\/blog\/wp-content\/uploads\/2014\/04\/DSC0277-225x300.jpg","type":"","width":"","height":""}],"twitter_card":"summary_large_image","twitter_site":"@hesperanzarahal","twitter_misc":{"Tiempo de lectura":"2 minutos"},"schema":{"@context":"https:\/\/schema.org","@graph":[{"@type":"WebPage","@id":"https:\/\/hermandadesperanzaarahal.es\/blog\/medalla-de-oro-a-la-hermandad\/","url":"https:\/\/hermandadesperanzaarahal.es\/blog\/medalla-de-oro-a-la-hermandad\/","name":"MEDALLA DE ORO A LA HERMANDAD","isPartOf":{"@id":"https:\/\/hermandadesperanzaarahal.es\/blog\/#website"},"primaryImageOfPage":{"@id":"https:\/\/hermandadesperanzaarahal.es\/blog\/medalla-de-oro-a-la-hermandad\/#primaryimage"},"image":{"@id":"https:\/\/hermandadesperanzaarahal.es\/blog\/medalla-de-oro-a-la-hermandad\/#primaryimage"},"thumbnailUrl":"http:\/\/hermandadesperanzaarahal.es\/blog\/wp-content\/uploads\/2014\/04\/DSC0277-225x300.jpg","datePublished":"2014-04-10T10:35:05+00:00","dateModified":"2020-12-15T11:42:51+00:00","description":"Fueron d\u00edas hist\u00f3ricos los\u00a0vividos el pasado mes de\u00a0junio, cuando el Excmo.\u00a0Ayuntamiento de Arahal, a trav\u00e9s\u00a0de la persona del Sr. Alcalde\u00a0Presidente del","breadcrumb":{"@id":"https:\/\/hermandadesperanzaarahal.es\/blog\/medalla-de-oro-a-la-hermandad\/#breadcrumb"},"inLanguage":"es","potentialAction":[{"@type":"ReadAction","target":["https:\/\/hermandadesperanzaarahal.es\/blog\/medalla-de-oro-a-la-hermandad\/"]}]},{"@type":"ImageObject","inLanguage":"es","@id":"https:\/\/hermandadesperanzaarahal.es\/blog\/medalla-de-oro-a-la-hermandad\/#primaryimage","url":"http:\/\/hermandadesperanzaarahal.es\/blog\/wp-content\/uploads\/2014\/04\/DSC0277-225x300.jpg","contentUrl":"http:\/\/hermandadesperanzaarahal.es\/blog\/wp-content\/uploads\/2014\/04\/DSC0277-225x300.jpg"},{"@type":"BreadcrumbList","@id":"https:\/\/hermandadesperanzaarahal.es\/blog\/medalla-de-oro-a-la-hermandad\/#breadcrumb","itemListElement":[{"@type":"ListItem","position":1,"name":"Portada","item":"https:\/\/hermandadesperanzaarahal.es\/blog\/"},{"@type":"ListItem","position":2,"name":"MEDALLA DE ORO A LA HERMANDAD"}]},{"@type":"WebSite","@id":"https:\/\/hermandadesperanzaarahal.es\/blog\/#website","url":"https:\/\/hermandadesperanzaarahal.es\/blog\/","name":"Web Oficial de la Real Hermandad Sacramental y Cofrad\u00eda de Nazarenos del Sant\u00edsimo Cristo de la Esperanza, Nuestra Se\u00f1ora de las Angustias, San Juan Evangelista y Santa Mar\u00eda Magdalena de Arahal (Sevilla).","description":"Web Oficial de la Real Hermandad Sacramental y Cofrad\u00eda de Nazarenos del Sant\u00edsimo Cristo de la Esperanza, Nuestra Se\u00f1ora de las Angustias, San Juan Evangelista y Santa Mar\u00eda Magdalena de Arahal (Sevilla).","publisher":{"@id":"https:\/\/hermandadesperanzaarahal.es\/blog\/#organization"},"alternateName":"Real Hermandad Sacramental y Cofrad\u00eda de Nazarenos del Sant\u00edsimo Cristo de la Esperanza, Nuestra Se\u00f1ora de las Angustias, San Juan Evangelista y Santa Mar\u00eda Magdalena de Arahal (Sevilla)","potentialAction":[{"@type":"SearchAction","target":{"@type":"EntryPoint","urlTemplate":"https:\/\/hermandadesperanzaarahal.es\/blog\/?s={search_term_string}"},"query-input":{"@type":"PropertyValueSpecification","valueRequired":true,"valueName":"search_term_string"}}],"inLanguage":"es"},{"@type":"Organization","@id":"https:\/\/hermandadesperanzaarahal.es\/blog\/#organization","name":"Real Hermandad Sacramental del Sant\u00edsimo Cristo de la Esperanza, Nuestra Se\u00f1ora de las Angustias, San Juan Evangelista y Santa Mar\u00eda Magdalena","alternateName":"Real Hermandad Sacramental del Sant\u00edsimo Cristo de la Esperanza - Arahal (Sevilla)","url":"https:\/\/hermandadesperanzaarahal.es\/blog\/","logo":{"@type":"ImageObject","inLanguage":"es","@id":"https:\/\/hermandadesperanzaarahal.es\/blog\/#\/schema\/logo\/image\/","url":"https:\/\/hermandadesperanzaarahal.es\/blog\/wp-content\/uploads\/2021\/03\/ESCUDO-HERMANDAD-ESPERANZA-ARAHAL.png","contentUrl":"https:\/\/hermandadesperanzaarahal.es\/blog\/wp-content\/uploads\/2021\/03\/ESCUDO-HERMANDAD-ESPERANZA-ARAHAL.png","width":1793,"height":2472,"caption":"Real Hermandad Sacramental del Sant\u00edsimo Cristo de la Esperanza, Nuestra Se\u00f1ora de las Angustias, San Juan Evangelista y Santa Mar\u00eda Magdalena"},"image":{"@id":"https:\/\/hermandadesperanzaarahal.es\/blog\/#\/schema\/logo\/image\/"},"sameAs":["https:\/\/www.facebook.com\/RealHermandadEsperanzaDeArahal","https:\/\/x.com\/hesperanzarahal"]}]}},"_links":{"self":[{"href":"https:\/\/hermandadesperanzaarahal.es\/blog\/wp-json\/wp\/v2\/pages\/418","targetHints":{"allow":["GET"]}}],"collection":[{"href":"https:\/\/hermandadesperanzaarahal.es\/blog\/wp-json\/wp\/v2\/pages"}],"about":[{"href":"https:\/\/hermandadesperanzaarahal.es\/blog\/wp-json\/wp\/v2\/types\/page"}],"author":[{"embeddable":true,"href":"https:\/\/hermandadesperanzaarahal.es\/blog\/wp-json\/wp\/v2\/users\/1"}],"replies":[{"embeddable":true,"href":"https:\/\/hermandadesperanzaarahal.es\/blog\/wp-json\/wp\/v2\/comments?post=418"}],"version-history":[{"count":1,"href":"https:\/\/hermandadesperanzaarahal.es\/blog\/wp-json\/wp\/v2\/pages\/418\/revisions"}],"predecessor-version":[{"id":2662,"href":"https:\/\/hermandadesperanzaarahal.es\/blog\/wp-json\/wp\/v2\/pages\/418\/revisions\/2662"}],"wp:attachment":[{"href":"https:\/\/hermandadesperanzaarahal.es\/blog\/wp-json\/wp\/v2\/media?parent=418"}],"curies":[{"name":"wp","href":"https:\/\/api.w.org\/{rel}","templated":true}]}}