{"id":392,"date":"2014-04-08T11:31:46","date_gmt":"2014-04-08T09:31:46","guid":{"rendered":"http:\/\/hermandadesperanzaarahal.es\/blog\/?page_id=1113"},"modified":"2020-12-15T11:43:07","modified_gmt":"2020-12-15T11:43:07","slug":"salida-extraordinaria-de-nuestra-senora-de-las-angustias","status":"publish","type":"page","link":"https:\/\/hermandadesperanzaarahal.es\/blog\/salida-extraordinaria-de-nuestra-senora-de-las-angustias\/","title":{"rendered":"SALIDA EXTRAORDINARIA DE NUESTRA SE\u00d1ORA DE LAS ANGUSTIAS"},"content":{"rendered":"<p style=\"text-align: justify;\"><img loading=\"lazy\" decoding=\"async\" class=\"size-medium wp-image-1131 alignright\" alt=\"_MG_9905\" src=\"http:\/\/hermandadesperanzaarahal.es\/blog\/wp-content\/uploads\/2014\/04\/MG_9905-300x200.jpg\" width=\"300\" height=\"200\" \/>Si ya de por s\u00ed el acto de entrega de la Medalla de Oro de la ciudad a nuestra Hermandad fue un hecho emotivo\u00a0e hist\u00f3rico, ni que decir tiene que la\u00a0posterior Salida Extraordinaria de\u00a0Nuestra Se\u00f1ora de las Angustias por\u00a0las calles de Arahal en la jornada del\u00a022 de Junio quedar\u00e1 para siempre\u00a0como un evento que demostr\u00f3\u00a0c\u00f3mo el sentimiento\u00a0esperancista tiene caracteres que\u00a0imprimen grandeza a los que\u00a0hacen del blanco y el verde el color\u00a0de sus corazones: uni\u00f3n, apoyo,\u00a0comprensi\u00f3n, colaboraci\u00f3n, alegr\u00eda,\u00a0coordinaci\u00f3n.\u00a0El d\u00eda 22 de junio del a\u00f1o 2013\u00a0pasar\u00e1 a la historia no porque\u00a0una Virgen se pase\u00f3 por las\u00a0calles arahalenses con categor\u00eda\u00a0y grandeza, sino porque la gente\u00a0de la Esperanza demostramos al\u00a0mundo que todos queremos lo\u00a0mismo para nuestra Hermandad,\u00a0que todos sentimos lo mismo, que\u00a0todos trabajamos en una misma\u00a0l\u00ednea y sentido, y prioritariamente,\u00a0si por algo nuestra Corporaci\u00f3n\u00a0ha experimentado en los \u00faltimos\u00a0a\u00f1os un cambio cualitativo en sus\u00a0interiores es porque todos sabemos\u00a0qu\u00e9 queremos apoyados en la uni\u00f3n\u00a0y la tolerancia.\u00a0Fueron muchas las horas que la\u00a0Virgen estuvo en la calle durante\u00a0ese d\u00eda 22 de Junio, pasando por\u00a0lugares por donde nunca antes\u00a0hab\u00eda transitado. A su vez, fue\u00a0acompa\u00f1ada por miles de personas\u00a0que ese d\u00eda hicieron de Arahal\u00a0un espacio intransitable: todas\u00a0las esquinas y plazas quedaron\u00a0abarrotadas: la salida, San Antonio,\u00a0San Roque, Veracruz, el centro, la\u00a0Victoria\u2026\u00a0Pero si hay que quedarse con algo,\u00a0se\u00f1alar\u00edamos el transitar del palio de\u00a0la Madre de Dios por la Plaza Vieja,\u00a0Pilar, Huertas, Mina y Pozonuevo.\u00a0Un barrio entregado a la Virgen,\u00a0y gente que abrieron las puertas,\u00a0balcones y ventanas de sus casas\u00a0para que incluso los impedidos\u00a0y enfermos pudieran ver la cara\u00a0bendita de las Angustias.\u00a0Gracias a todos los que hicisteis\u00a0posible ese sue\u00f1o hecho realidad\u00a0y que permanecer\u00e1 en nuestros\u00a0corazones de por vida.<\/p>\n<p style=\"text-align: center;\"><img loading=\"lazy\" decoding=\"async\" class=\"alignnone size-medium wp-image-1132\" alt=\"_MG_9932\" src=\"http:\/\/hermandadesperanzaarahal.es\/blog\/wp-content\/uploads\/2014\/04\/MG_9932-199x300.jpg\" width=\"199\" height=\"300\" \/> <img loading=\"lazy\" decoding=\"async\" class=\"alignnone size-medium wp-image-1121\" alt=\"_MG_0010\" src=\"http:\/\/hermandadesperanzaarahal.es\/blog\/wp-content\/uploads\/2014\/04\/MG_0010-300x200.jpg\" width=\"300\" height=\"200\" \/> <img loading=\"lazy\" decoding=\"async\" class=\"alignnone size-medium wp-image-1123\" alt=\"_MG_0083\" src=\"http:\/\/hermandadesperanzaarahal.es\/blog\/wp-content\/uploads\/2014\/04\/MG_0083-200x300.jpg\" width=\"200\" height=\"300\" \/><\/p>\n<p style=\"text-align: center;\"><img loading=\"lazy\" decoding=\"async\" class=\"alignnone size-medium wp-image-1124\" alt=\"_MG_0103\" src=\"http:\/\/hermandadesperanzaarahal.es\/blog\/wp-content\/uploads\/2014\/04\/MG_0103-200x300.jpg\" width=\"200\" height=\"300\" \/><img loading=\"lazy\" decoding=\"async\" class=\"alignnone size-medium wp-image-1128\" alt=\"_MG_0115\" src=\"http:\/\/hermandadesperanzaarahal.es\/blog\/wp-content\/uploads\/2014\/04\/MG_0115-300x200.jpeg\" width=\"300\" height=\"200\" \/> <img loading=\"lazy\" decoding=\"async\" class=\"alignnone size-medium wp-image-1127\" alt=\"_MG_0186\" src=\"http:\/\/hermandadesperanzaarahal.es\/blog\/wp-content\/uploads\/2014\/04\/MG_0186-200x300.jpg\" width=\"200\" height=\"300\" \/> <img loading=\"lazy\" decoding=\"async\" class=\"alignnone size-medium wp-image-1126\" alt=\"_MG_0178\" src=\"http:\/\/hermandadesperanzaarahal.es\/blog\/wp-content\/uploads\/2014\/04\/MG_0178-300x200.jpg\" width=\"300\" height=\"200\" \/> <img loading=\"lazy\" decoding=\"async\" class=\"alignnone size-medium wp-image-1130\" alt=\"_MG_0207\" src=\"http:\/\/hermandadesperanzaarahal.es\/blog\/wp-content\/uploads\/2014\/04\/MG_0207-300x200.jpg\" width=\"300\" height=\"200\" \/><\/p>\n<p>&nbsp;<\/p>\n","protected":false},"excerpt":{"rendered":"<p>Si ya de por s\u00ed el acto de entrega de la Medalla de Oro de la ciudad a nuestra Hermandad fue un hecho emotivo\u00a0e hist\u00f3rico, ni que decir tiene que la\u00a0posterior Salida Extraordinaria de\u00a0Nuestra Se\u00f1ora de las Angustias por\u00a0las calles de Arahal en la jornada del\u00a022 de Junio quedar\u00e1 para siempre\u00a0como un evento que demostr\u00f3\u00a0c\u00f3mo [&hellip;]<\/p>\n","protected":false},"author":1,"featured_media":0,"parent":0,"menu_order":0,"comment_status":"closed","ping_status":"open","template":"","meta":{"_editorskit_title_hidden":false,"_editorskit_reading_time":0,"_editorskit_is_block_options_detached":false,"_editorskit_block_options_position":"{}","footnotes":""},"class_list":["post-392","page","type-page","status-publish","hentry"],"yoast_head":"<!-- This site is optimized with the Yoast SEO plugin v24.7 - https:\/\/yoast.com\/wordpress\/plugins\/seo\/ -->\n<title>SALIDA EXTRAORDINARIA DE NUESTRA SE\u00d1ORA DE LAS ANGUSTIAS<\/title>\n<meta name=\"description\" content=\"Si ya de por s\u00ed el acto de entrega de la Medalla de Oro de la ciudad a nuestra Hermandad fue un hecho emotivo\u00a0e hist\u00f3rico, ni que decir tiene que\" \/>\n<meta name=\"robots\" content=\"index, follow, max-snippet:-1, max-image-preview:large, max-video-preview:-1\" \/>\n<link rel=\"canonical\" href=\"https:\/\/hermandadesperanzaarahal.es\/blog\/salida-extraordinaria-de-nuestra-senora-de-las-angustias\/\" \/>\n<meta property=\"og:locale\" content=\"es_ES\" \/>\n<meta property=\"og:type\" content=\"article\" \/>\n<meta property=\"og:title\" content=\"SALIDA EXTRAORDINARIA DE NUESTRA SE\u00d1ORA DE LAS ANGUSTIAS\" \/>\n<meta property=\"og:description\" content=\"Si ya de por s\u00ed el acto de entrega de la Medalla de Oro de la ciudad a nuestra Hermandad fue un hecho emotivo\u00a0e hist\u00f3rico, ni que decir tiene que\" \/>\n<meta property=\"og:url\" content=\"https:\/\/hermandadesperanzaarahal.es\/blog\/salida-extraordinaria-de-nuestra-senora-de-las-angustias\/\" \/>\n<meta property=\"og:site_name\" content=\"Real Hermandad Sacramental del Sant\u00edsimo Cristo de la Esperanza, Nuestra Se\u00f1ora de las Angustias, San Juan Evangelista y Santa Mar\u00eda Magdalena\" \/>\n<meta property=\"article:publisher\" content=\"https:\/\/www.facebook.com\/RealHermandadEsperanzaDeArahal\" \/>\n<meta property=\"article:modified_time\" content=\"2020-12-15T11:43:07+00:00\" \/>\n<meta property=\"og:image\" content=\"http:\/\/hermandadesperanzaarahal.es\/blog\/wp-content\/uploads\/2014\/04\/MG_9905-300x200.jpg\" \/>\n<meta name=\"twitter:card\" content=\"summary_large_image\" \/>\n<meta name=\"twitter:site\" content=\"@hesperanzarahal\" \/>\n<meta name=\"twitter:label1\" content=\"Tiempo de lectura\" \/>\n\t<meta name=\"twitter:data1\" content=\"2 minutos\" \/>\n<script type=\"application\/ld+json\" class=\"yoast-schema-graph\">{\"@context\":\"https:\/\/schema.org\",\"@graph\":[{\"@type\":\"WebPage\",\"@id\":\"https:\/\/hermandadesperanzaarahal.es\/blog\/salida-extraordinaria-de-nuestra-senora-de-las-angustias\/\",\"url\":\"https:\/\/hermandadesperanzaarahal.es\/blog\/salida-extraordinaria-de-nuestra-senora-de-las-angustias\/\",\"name\":\"SALIDA EXTRAORDINARIA DE NUESTRA SE\u00d1ORA DE LAS ANGUSTIAS\",\"isPartOf\":{\"@id\":\"https:\/\/hermandadesperanzaarahal.es\/blog\/#website\"},\"primaryImageOfPage\":{\"@id\":\"https:\/\/hermandadesperanzaarahal.es\/blog\/salida-extraordinaria-de-nuestra-senora-de-las-angustias\/#primaryimage\"},\"image\":{\"@id\":\"https:\/\/hermandadesperanzaarahal.es\/blog\/salida-extraordinaria-de-nuestra-senora-de-las-angustias\/#primaryimage\"},\"thumbnailUrl\":\"http:\/\/hermandadesperanzaarahal.es\/blog\/wp-content\/uploads\/2014\/04\/MG_9905-300x200.jpg\",\"datePublished\":\"2014-04-08T09:31:46+00:00\",\"dateModified\":\"2020-12-15T11:43:07+00:00\",\"description\":\"Si ya de por s\u00ed el acto de entrega de la Medalla de Oro de la ciudad a nuestra Hermandad fue un hecho emotivo\u00a0e hist\u00f3rico, ni que decir tiene que\",\"breadcrumb\":{\"@id\":\"https:\/\/hermandadesperanzaarahal.es\/blog\/salida-extraordinaria-de-nuestra-senora-de-las-angustias\/#breadcrumb\"},\"inLanguage\":\"es\",\"potentialAction\":[{\"@type\":\"ReadAction\",\"target\":[\"https:\/\/hermandadesperanzaarahal.es\/blog\/salida-extraordinaria-de-nuestra-senora-de-las-angustias\/\"]}]},{\"@type\":\"ImageObject\",\"inLanguage\":\"es\",\"@id\":\"https:\/\/hermandadesperanzaarahal.es\/blog\/salida-extraordinaria-de-nuestra-senora-de-las-angustias\/#primaryimage\",\"url\":\"http:\/\/hermandadesperanzaarahal.es\/blog\/wp-content\/uploads\/2014\/04\/MG_9905-300x200.jpg\",\"contentUrl\":\"http:\/\/hermandadesperanzaarahal.es\/blog\/wp-content\/uploads\/2014\/04\/MG_9905-300x200.jpg\"},{\"@type\":\"BreadcrumbList\",\"@id\":\"https:\/\/hermandadesperanzaarahal.es\/blog\/salida-extraordinaria-de-nuestra-senora-de-las-angustias\/#breadcrumb\",\"itemListElement\":[{\"@type\":\"ListItem\",\"position\":1,\"name\":\"Portada\",\"item\":\"https:\/\/hermandadesperanzaarahal.es\/blog\/\"},{\"@type\":\"ListItem\",\"position\":2,\"name\":\"SALIDA EXTRAORDINARIA DE NUESTRA SE\u00d1ORA DE LAS ANGUSTIAS\"}]},{\"@type\":\"WebSite\",\"@id\":\"https:\/\/hermandadesperanzaarahal.es\/blog\/#website\",\"url\":\"https:\/\/hermandadesperanzaarahal.es\/blog\/\",\"name\":\"Web Oficial de la Real Hermandad Sacramental y Cofrad\u00eda de Nazarenos del Sant\u00edsimo Cristo de la Esperanza, Nuestra Se\u00f1ora de las Angustias, San Juan Evangelista y Santa Mar\u00eda Magdalena de Arahal (Sevilla).\",\"description\":\"Web Oficial de la Real Hermandad Sacramental y Cofrad\u00eda de Nazarenos del Sant\u00edsimo Cristo de la Esperanza, Nuestra Se\u00f1ora de las Angustias, San Juan Evangelista y Santa Mar\u00eda Magdalena de Arahal (Sevilla).\",\"publisher\":{\"@id\":\"https:\/\/hermandadesperanzaarahal.es\/blog\/#organization\"},\"alternateName\":\"Real Hermandad Sacramental y Cofrad\u00eda de Nazarenos del Sant\u00edsimo Cristo de la Esperanza, Nuestra Se\u00f1ora de las Angustias, San Juan Evangelista y Santa Mar\u00eda Magdalena de Arahal (Sevilla)\",\"potentialAction\":[{\"@type\":\"SearchAction\",\"target\":{\"@type\":\"EntryPoint\",\"urlTemplate\":\"https:\/\/hermandadesperanzaarahal.es\/blog\/?s={search_term_string}\"},\"query-input\":{\"@type\":\"PropertyValueSpecification\",\"valueRequired\":true,\"valueName\":\"search_term_string\"}}],\"inLanguage\":\"es\"},{\"@type\":\"Organization\",\"@id\":\"https:\/\/hermandadesperanzaarahal.es\/blog\/#organization\",\"name\":\"Real Hermandad Sacramental del Sant\u00edsimo Cristo de la Esperanza, Nuestra Se\u00f1ora de las Angustias, San Juan Evangelista y Santa Mar\u00eda Magdalena\",\"alternateName\":\"Real Hermandad Sacramental del Sant\u00edsimo Cristo de la Esperanza - Arahal (Sevilla)\",\"url\":\"https:\/\/hermandadesperanzaarahal.es\/blog\/\",\"logo\":{\"@type\":\"ImageObject\",\"inLanguage\":\"es\",\"@id\":\"https:\/\/hermandadesperanzaarahal.es\/blog\/#\/schema\/logo\/image\/\",\"url\":\"https:\/\/hermandadesperanzaarahal.es\/blog\/wp-content\/uploads\/2021\/03\/ESCUDO-HERMANDAD-ESPERANZA-ARAHAL.png\",\"contentUrl\":\"https:\/\/hermandadesperanzaarahal.es\/blog\/wp-content\/uploads\/2021\/03\/ESCUDO-HERMANDAD-ESPERANZA-ARAHAL.png\",\"width\":1793,\"height\":2472,\"caption\":\"Real Hermandad Sacramental del Sant\u00edsimo Cristo de la Esperanza, Nuestra Se\u00f1ora de las Angustias, San Juan Evangelista y Santa Mar\u00eda Magdalena\"},\"image\":{\"@id\":\"https:\/\/hermandadesperanzaarahal.es\/blog\/#\/schema\/logo\/image\/\"},\"sameAs\":[\"https:\/\/www.facebook.com\/RealHermandadEsperanzaDeArahal\",\"https:\/\/x.com\/hesperanzarahal\"]}]}<\/script>\n<!-- \/ Yoast SEO plugin. -->","yoast_head_json":{"title":"SALIDA EXTRAORDINARIA DE NUESTRA SE\u00d1ORA DE LAS ANGUSTIAS","description":"Si ya de por s\u00ed el acto de entrega de la Medalla de Oro de la ciudad a nuestra Hermandad fue un hecho emotivo\u00a0e hist\u00f3rico, ni que decir tiene que","robots":{"index":"index","follow":"follow","max-snippet":"max-snippet:-1","max-image-preview":"max-image-preview:large","max-video-preview":"max-video-preview:-1"},"canonical":"https:\/\/hermandadesperanzaarahal.es\/blog\/salida-extraordinaria-de-nuestra-senora-de-las-angustias\/","og_locale":"es_ES","og_type":"article","og_title":"SALIDA EXTRAORDINARIA DE NUESTRA SE\u00d1ORA DE LAS ANGUSTIAS","og_description":"Si ya de por s\u00ed el acto de entrega de la Medalla de Oro de la ciudad a nuestra Hermandad fue un hecho emotivo\u00a0e hist\u00f3rico, ni que decir tiene que","og_url":"https:\/\/hermandadesperanzaarahal.es\/blog\/salida-extraordinaria-de-nuestra-senora-de-las-angustias\/","og_site_name":"Real Hermandad Sacramental del Sant\u00edsimo Cristo de la Esperanza, Nuestra Se\u00f1ora de las Angustias, San Juan Evangelista y Santa Mar\u00eda Magdalena","article_publisher":"https:\/\/www.facebook.com\/RealHermandadEsperanzaDeArahal","article_modified_time":"2020-12-15T11:43:07+00:00","og_image":[{"url":"http:\/\/hermandadesperanzaarahal.es\/blog\/wp-content\/uploads\/2014\/04\/MG_9905-300x200.jpg","type":"","width":"","height":""}],"twitter_card":"summary_large_image","twitter_site":"@hesperanzarahal","twitter_misc":{"Tiempo de lectura":"2 minutos"},"schema":{"@context":"https:\/\/schema.org","@graph":[{"@type":"WebPage","@id":"https:\/\/hermandadesperanzaarahal.es\/blog\/salida-extraordinaria-de-nuestra-senora-de-las-angustias\/","url":"https:\/\/hermandadesperanzaarahal.es\/blog\/salida-extraordinaria-de-nuestra-senora-de-las-angustias\/","name":"SALIDA EXTRAORDINARIA DE NUESTRA SE\u00d1ORA DE LAS ANGUSTIAS","isPartOf":{"@id":"https:\/\/hermandadesperanzaarahal.es\/blog\/#website"},"primaryImageOfPage":{"@id":"https:\/\/hermandadesperanzaarahal.es\/blog\/salida-extraordinaria-de-nuestra-senora-de-las-angustias\/#primaryimage"},"image":{"@id":"https:\/\/hermandadesperanzaarahal.es\/blog\/salida-extraordinaria-de-nuestra-senora-de-las-angustias\/#primaryimage"},"thumbnailUrl":"http:\/\/hermandadesperanzaarahal.es\/blog\/wp-content\/uploads\/2014\/04\/MG_9905-300x200.jpg","datePublished":"2014-04-08T09:31:46+00:00","dateModified":"2020-12-15T11:43:07+00:00","description":"Si ya de por s\u00ed el acto de entrega de la Medalla de Oro de la ciudad a nuestra Hermandad fue un hecho emotivo\u00a0e hist\u00f3rico, ni que decir tiene que","breadcrumb":{"@id":"https:\/\/hermandadesperanzaarahal.es\/blog\/salida-extraordinaria-de-nuestra-senora-de-las-angustias\/#breadcrumb"},"inLanguage":"es","potentialAction":[{"@type":"ReadAction","target":["https:\/\/hermandadesperanzaarahal.es\/blog\/salida-extraordinaria-de-nuestra-senora-de-las-angustias\/"]}]},{"@type":"ImageObject","inLanguage":"es","@id":"https:\/\/hermandadesperanzaarahal.es\/blog\/salida-extraordinaria-de-nuestra-senora-de-las-angustias\/#primaryimage","url":"http:\/\/hermandadesperanzaarahal.es\/blog\/wp-content\/uploads\/2014\/04\/MG_9905-300x200.jpg","contentUrl":"http:\/\/hermandadesperanzaarahal.es\/blog\/wp-content\/uploads\/2014\/04\/MG_9905-300x200.jpg"},{"@type":"BreadcrumbList","@id":"https:\/\/hermandadesperanzaarahal.es\/blog\/salida-extraordinaria-de-nuestra-senora-de-las-angustias\/#breadcrumb","itemListElement":[{"@type":"ListItem","position":1,"name":"Portada","item":"https:\/\/hermandadesperanzaarahal.es\/blog\/"},{"@type":"ListItem","position":2,"name":"SALIDA EXTRAORDINARIA DE NUESTRA SE\u00d1ORA DE LAS ANGUSTIAS"}]},{"@type":"WebSite","@id":"https:\/\/hermandadesperanzaarahal.es\/blog\/#website","url":"https:\/\/hermandadesperanzaarahal.es\/blog\/","name":"Web Oficial de la Real Hermandad Sacramental y Cofrad\u00eda de Nazarenos del Sant\u00edsimo Cristo de la Esperanza, Nuestra Se\u00f1ora de las Angustias, San Juan Evangelista y Santa Mar\u00eda Magdalena de Arahal (Sevilla).","description":"Web Oficial de la Real Hermandad Sacramental y Cofrad\u00eda de Nazarenos del Sant\u00edsimo Cristo de la Esperanza, Nuestra Se\u00f1ora de las Angustias, San Juan Evangelista y Santa Mar\u00eda Magdalena de Arahal (Sevilla).","publisher":{"@id":"https:\/\/hermandadesperanzaarahal.es\/blog\/#organization"},"alternateName":"Real Hermandad Sacramental y Cofrad\u00eda de Nazarenos del Sant\u00edsimo Cristo de la Esperanza, Nuestra Se\u00f1ora de las Angustias, San Juan Evangelista y Santa Mar\u00eda Magdalena de Arahal (Sevilla)","potentialAction":[{"@type":"SearchAction","target":{"@type":"EntryPoint","urlTemplate":"https:\/\/hermandadesperanzaarahal.es\/blog\/?s={search_term_string}"},"query-input":{"@type":"PropertyValueSpecification","valueRequired":true,"valueName":"search_term_string"}}],"inLanguage":"es"},{"@type":"Organization","@id":"https:\/\/hermandadesperanzaarahal.es\/blog\/#organization","name":"Real Hermandad Sacramental del Sant\u00edsimo Cristo de la Esperanza, Nuestra Se\u00f1ora de las Angustias, San Juan Evangelista y Santa Mar\u00eda Magdalena","alternateName":"Real Hermandad Sacramental del Sant\u00edsimo Cristo de la Esperanza - Arahal (Sevilla)","url":"https:\/\/hermandadesperanzaarahal.es\/blog\/","logo":{"@type":"ImageObject","inLanguage":"es","@id":"https:\/\/hermandadesperanzaarahal.es\/blog\/#\/schema\/logo\/image\/","url":"https:\/\/hermandadesperanzaarahal.es\/blog\/wp-content\/uploads\/2021\/03\/ESCUDO-HERMANDAD-ESPERANZA-ARAHAL.png","contentUrl":"https:\/\/hermandadesperanzaarahal.es\/blog\/wp-content\/uploads\/2021\/03\/ESCUDO-HERMANDAD-ESPERANZA-ARAHAL.png","width":1793,"height":2472,"caption":"Real Hermandad Sacramental del Sant\u00edsimo Cristo de la Esperanza, Nuestra Se\u00f1ora de las Angustias, San Juan Evangelista y Santa Mar\u00eda Magdalena"},"image":{"@id":"https:\/\/hermandadesperanzaarahal.es\/blog\/#\/schema\/logo\/image\/"},"sameAs":["https:\/\/www.facebook.com\/RealHermandadEsperanzaDeArahal","https:\/\/x.com\/hesperanzarahal"]}]}},"_links":{"self":[{"href":"https:\/\/hermandadesperanzaarahal.es\/blog\/wp-json\/wp\/v2\/pages\/392","targetHints":{"allow":["GET"]}}],"collection":[{"href":"https:\/\/hermandadesperanzaarahal.es\/blog\/wp-json\/wp\/v2\/pages"}],"about":[{"href":"https:\/\/hermandadesperanzaarahal.es\/blog\/wp-json\/wp\/v2\/types\/page"}],"author":[{"embeddable":true,"href":"https:\/\/hermandadesperanzaarahal.es\/blog\/wp-json\/wp\/v2\/users\/1"}],"replies":[{"embeddable":true,"href":"https:\/\/hermandadesperanzaarahal.es\/blog\/wp-json\/wp\/v2\/comments?post=392"}],"version-history":[{"count":4,"href":"https:\/\/hermandadesperanzaarahal.es\/blog\/wp-json\/wp\/v2\/pages\/392\/revisions"}],"predecessor-version":[{"id":2679,"href":"https:\/\/hermandadesperanzaarahal.es\/blog\/wp-json\/wp\/v2\/pages\/392\/revisions\/2679"}],"wp:attachment":[{"href":"https:\/\/hermandadesperanzaarahal.es\/blog\/wp-json\/wp\/v2\/media?parent=392"}],"curies":[{"name":"wp","href":"https:\/\/api.w.org\/{rel}","templated":true}]}}