{"id":210,"date":"2014-01-07T18:41:55","date_gmt":"2014-01-07T17:41:55","guid":{"rendered":"http:\/\/hermandadesperanzaarahal.es\/blog\/?page_id=859"},"modified":"2024-07-08T13:46:29","modified_gmt":"2024-07-08T13:46:29","slug":"director-espiritual","status":"publish","type":"page","link":"https:\/\/hermandadesperanzaarahal.es\/blog\/director-espiritual\/","title":{"rendered":"DIRECTOR ESPIRITUAL"},"content":{"rendered":"<div class=\"wp-block-image\">\n<figure class=\"aligncenter size-full is-resized\"><img loading=\"lazy\" decoding=\"async\" width=\"6912\" height=\"2880\" src=\"https:\/\/hermandadesperanzaarahal.es\/blog\/wp-content\/uploads\/2024\/07\/alejandro-gordon-firma-dtor-espiritual.png\" alt=\"\" class=\"wp-image-2926\" style=\"width:513px;height:auto\" srcset=\"https:\/\/hermandadesperanzaarahal.es\/blog\/wp-content\/uploads\/2024\/07\/alejandro-gordon-firma-dtor-espiritual.png 6912w, https:\/\/hermandadesperanzaarahal.es\/blog\/wp-content\/uploads\/2024\/07\/alejandro-gordon-firma-dtor-espiritual-300x125.png 300w, https:\/\/hermandadesperanzaarahal.es\/blog\/wp-content\/uploads\/2024\/07\/alejandro-gordon-firma-dtor-espiritual-1024x427.png 1024w, https:\/\/hermandadesperanzaarahal.es\/blog\/wp-content\/uploads\/2024\/07\/alejandro-gordon-firma-dtor-espiritual-768x320.png 768w, https:\/\/hermandadesperanzaarahal.es\/blog\/wp-content\/uploads\/2024\/07\/alejandro-gordon-firma-dtor-espiritual-1536x640.png 1536w, https:\/\/hermandadesperanzaarahal.es\/blog\/wp-content\/uploads\/2024\/07\/alejandro-gordon-firma-dtor-espiritual-2048x853.png 2048w, https:\/\/hermandadesperanzaarahal.es\/blog\/wp-content\/uploads\/2024\/07\/alejandro-gordon-firma-dtor-espiritual-624x260.png 624w\" sizes=\"auto, (max-width: 6912px) 100vw, 6912px\" \/><\/figure><\/div>\n\n\n<p class=\"has-text-align-justify\">Queridos hermanos de nuestra hermandad, es para m\u00ed una gran alegr\u00eda poder haceros llegar mi saludo a trav\u00e9s de este medio y entrar en vuestras casas. Creo que todos ya me vais conociendo, soy Alejandro, el nuevo p\u00e1rroco de Santa Mar\u00eda Magdalena y director espiritual de esta Hermandad. Es algo muy bonito el poder dirigirme a todos los hermanos como vuestro sacerdote y p\u00e1rroco, ya que, como tal, tengo la misi\u00f3n m\u00e1s importante de todas y es que como enviado de Dios a ser vuestro pastor, debo ayudaros a que todos vosotros consig\u00e1is uniros m\u00e1s a Cristo y ser verdaderos cristianos en medio del mundo.<\/p>\n\n\n\n<p class=\"has-text-align-justify\">Cuando me destinaron a Santa Mar\u00eda Magdalena de Arahal, os confieso que llegue con temor, ya que es una Parroquia mucho m\u00e1s grande que la que yo hab\u00eda guiado durante los \u00faltimos diez a\u00f1os de mi vida, con una realidad cofrade tan rica y tan extensa como es la de nuestro pueblo, teniendo que guiar y cuidar a siete hermandades, una agrupaci\u00f3n y el Consejo de hermandades de nuestro pueblo. Adem\u00e1s, a esto se le a\u00f1ade que en una parroquia donde hab\u00eda costumbre de que hubiera p\u00e1rroco y vicario parroquial, se quedaba un solo sacerdote como p\u00e1rroco, llevando el trabajo que anteriormente hab\u00edan llevado dos. Todo esto, me hac\u00edan pensar en mi incapacidad ante la misi\u00f3n que Dios me hab\u00eda encomendado, pero confi\u00e9 en su voluntad y me dej\u00e9 hacer por Dios y pronto descubr\u00ed un pueblo que en lo m\u00e1s profundo de su ser tiene la fe en Nuestro Se\u00f1or Jesucristo, un pueblo que ha sabido conservar la confianza en un Dios que es nuestro Padre y que nos promete la Salvaci\u00f3n. Realidad que me lleno de esperanza y de gozo ante un mundo en el que cada vez tiene menos cabida cualquier tipo de creencia que no pueda ser demostrada y sobre todo la fe cat\u00f3lica. As\u00ed que pronto me puse manos a la obra y poco a poco creo que voy haci\u00e9ndome un huequito dentro de la vida del pueblo, dentro de vuestras vidas y as\u00ed juntos crecer en la fe a Dios, nuestro padre.<\/p>\n\n\n\n<p class=\"has-text-align-justify\">Pero esta realidad no debe dejarnos dormir, tenemos que permanecer a la escucha de Dios con los cinco sentidos bien despiertos, puesto que cada vez hay m\u00e1s gente que no quiere nada con Dios y es ah\u00ed donde entra el papel importante y decisivo de las hermandades. \u00bfPor qu\u00e9 que es una hermandad? Una hermandad designa a una asociaci\u00f3n p\u00fablica de fieles establecida conforme seg\u00fan los c\u00e1nones del C\u00f3digo de Derecho Can\u00f3nico. Normalmente re\u00fanen a los creyentes en torno a una advocaci\u00f3n de Cristo, de la Virgen o de un santo, con tres fines, el culto a Dios, la caridad y la formaci\u00f3n. Seguramente, muchos de vosotros ya sab\u00e9is lo que es una hermandad y por lo tanto debemos ir al origen, a la definici\u00f3n, retomar lo que es una hermandad de verdad y vivir la fe dentro de ella, como el mayor tesoro que guarda o debe guardar cada hermandad. Es de decir como miembros de la hermandad, sois<br>cristianos que, a trav\u00e9s de la devoci\u00f3n a vuestros sagrados titulares, deb\u00e9is encontraros con el Se\u00f1or en vuestras vidas y dar testimonio de que con Cristo la vida del hombre cobra todo su sentido, se llena de esperanza y la lucha en esta vida se hace mucho m\u00e1s f\u00e1cil por tener a Dios a nuestro lado. NO OS DEJEIS LLEVAR POR EL MUNDO, CRISTO OS NECESISTA Y OS ESPERA PARA HACER POSIBLE SU MENSAJE AQU\u00cd EN NUESTRO PUEBLO, ALL\u00cd DONDE ESTEMOS. Ahora, \u00bfC\u00f3mo damos testimonio los cofrades o como debemos dar el testimonio cristiano? Es f\u00e1cil y sencillo, viviendo como Cristo y siguiendo los pasos que la Iglesia nos vaya marcando. Es decir, un cofrade debe participar en la misa dominical de su parroquia, debe formarse y seguir creciendo en la fe y debe ayudar al necesitado y entregarse a los hermanos, entonces seremos una hermandad que hace presente a Dios en medio del mundo.<\/p>\n\n\n\n<p class=\"has-text-align-justify\">Ahora llega el tiempo fuerte de la Cuaresma, un tiempo para prepararse al misterio salv\u00edfico de Dios que acontece en su Pasi\u00f3n, Muerte y Resurrecci\u00f3n, todo por amor al hombre, por amor a ti, por amor a cada uno de nosotros. Se de sobra, que adem\u00e1s de ser un tiempo de Dios, es tiempo de trabajar mucho para preparar vuestros cultos y vuestras estaciones de penitencia, pero que todo el ajetreo, trabajo y esfuerzo no nos lleve a alejarnos de lo verdaderamente importante, que nos centremos en Dios, que escuchemos su palabra y que poco a poco descubramos como siendo Dios, se despoj\u00f3 de su rango, se hizo como nosotros y se entreg\u00f3 a la muerte por nuestra salvaci\u00f3n. \u00bfC\u00f3mo respondemos nosotros a tanto don y tanta gracia dada a sus hijos por amor? Viviendo la Cuaresma como nos dice el Papa Francisco: \u201cLa Cuaresma es un tiempo para creer, es decir, para recibir a Dios en nuestra vida y permitirle poner su morada en nosotros, si lo hacemos, la Cuaresma ser\u00e1 tiempo para estar m\u00e1s atentos a decir palabras de aliento, que reconfortan, que fortalecen, que consuelan, que estimulan, que ayudan a crecer en la fe a nuestros hermanos\u201d. Ojal\u00e1 que, en esta Cuaresma, nuestra hermandad sea un foco de luz en medio de un mundo triste y oscuro, donde hace falta la esperanza de un Dios que hecho hombre en Jes\u00fas, dio su vida por la humanidad.<\/p>\n\n\n\n<p class=\"has-text-align-justify\">Quiero terminar, diciendo que como pastor y sacerdote me ten\u00e9is para lo que necesit\u00e9is, que os sint\u00e1is parte de la parroquia, que Dios os necesita para hacer llegar la fe a todas las gentes y que todos juntos, caminando en la misma direcci\u00f3n, es decir, caminando hacia Dios somos una familia, la familia de la Iglesia que comparte una misma fe y una misma esperanza. Ayudadme a conseguirlo, que todos los cristianos en Arahal nos sintamos hermanos y eso se vive compartiendo lo m\u00e1s grande que tenemos, que es la Eucarist\u00eda, familia que reza unida (cada Domingo), permanece unida.<\/p>\n\n\n\n<p class=\"has-text-align-justify\">Por \u00faltimo, quiero encomendaros a todos a las manos de nuestra madre, la Virgen Mar\u00eda, que fue la primera en aceptar la muerte de su Hijo, porque en ese dolor tan grande de ver a Jes\u00fas muerto, ella mostro su entrega total a la voluntad del Padre, aceptando que en esa muerte esta nuestra salvaci\u00f3n, que ella nos ayude a descubrir que fue la donaci\u00f3n m\u00e1s grande hecha por amor. Adem\u00e1s, no puedo dejar de escribir sin acordarnos tambi\u00e9n de nuestra amant\u00edsima patrona, Santa Mar\u00eda Magdalena, siempre cerca del Se\u00f1or, contemplando en primera persona la pasi\u00f3n del Se\u00f1or. Ella es la disc\u00edpula fiel que nunca se separ\u00f3 del Maestro. Que todos aprendamos de ella y con la ayuda de la Cuaresma, vivamos una Semana Santa unidos fuertemente a nuestro Se\u00f1or Jesucristo. Que el Se\u00f1or os bendiga siempre.<\/p>\n\n\n<p style=\"text-align: right;\"><strong>Rvdo. Se\u00f1or D. Alejandro Gord\u00f3n Gonz\u00e1lez de Aguilar<\/strong><\/p>\n<p style=\"text-align: right;\"><strong>Director Espiritual de la Hermandad y p\u00e1rroco de Santa Mar\u00eda Magdalena<\/strong><\/p>\n<p style=\"text-align: right;\">\u00a0<\/p>","protected":false},"excerpt":{"rendered":"<p>Queridos hermanos de nuestra hermandad, es para m\u00ed una gran alegr\u00eda poder haceros llegar mi saludo a trav\u00e9s de este medio y entrar en vuestras casas. Creo que todos ya me vais conociendo, soy Alejandro, el nuevo p\u00e1rroco de Santa Mar\u00eda Magdalena y director espiritual de esta Hermandad. Es algo muy bonito el poder dirigirme [&hellip;]<\/p>\n","protected":false},"author":1,"featured_media":0,"parent":0,"menu_order":0,"comment_status":"closed","ping_status":"open","template":"","meta":{"_editorskit_title_hidden":false,"_editorskit_reading_time":0,"_editorskit_is_block_options_detached":false,"_editorskit_block_options_position":"{}","footnotes":""},"class_list":["post-210","page","type-page","status-publish","hentry"],"yoast_head":"<!-- This site is optimized with the Yoast SEO plugin v24.7 - https:\/\/yoast.com\/wordpress\/plugins\/seo\/ -->\n<title>DIRECTOR ESPIRITUAL<\/title>\n<meta name=\"description\" content=\"Queridos hermanos de nuestra hermandad, es para m\u00ed una gran alegr\u00eda poder haceros llegar mi saludo a trav\u00e9s de este medio y entrar en vuestras casas. Creo\" \/>\n<meta name=\"robots\" content=\"index, follow, max-snippet:-1, max-image-preview:large, max-video-preview:-1\" \/>\n<link rel=\"canonical\" href=\"https:\/\/hermandadesperanzaarahal.es\/blog\/director-espiritual\/\" \/>\n<meta property=\"og:locale\" content=\"es_ES\" \/>\n<meta property=\"og:type\" content=\"article\" \/>\n<meta property=\"og:title\" content=\"DIRECTOR ESPIRITUAL\" \/>\n<meta property=\"og:description\" content=\"Queridos hermanos de nuestra hermandad, es para m\u00ed una gran alegr\u00eda poder haceros llegar mi saludo a trav\u00e9s de este medio y entrar en vuestras casas. Creo\" \/>\n<meta property=\"og:url\" content=\"https:\/\/hermandadesperanzaarahal.es\/blog\/director-espiritual\/\" \/>\n<meta property=\"og:site_name\" content=\"Real Hermandad Sacramental del Sant\u00edsimo Cristo de la Esperanza, Nuestra Se\u00f1ora de las Angustias, San Juan Evangelista y Santa Mar\u00eda Magdalena\" \/>\n<meta property=\"article:publisher\" content=\"https:\/\/www.facebook.com\/RealHermandadEsperanzaDeArahal\" \/>\n<meta property=\"article:modified_time\" content=\"2024-07-08T13:46:29+00:00\" \/>\n<meta property=\"og:image\" content=\"https:\/\/hermandadesperanzaarahal.es\/blog\/wp-content\/uploads\/2024\/07\/alejandro-gordon-firma-dtor-espiritual.png\" \/>\n<meta name=\"twitter:card\" content=\"summary_large_image\" \/>\n<meta name=\"twitter:site\" content=\"@hesperanzarahal\" \/>\n<meta name=\"twitter:label1\" content=\"Tiempo de lectura\" \/>\n\t<meta name=\"twitter:data1\" content=\"6 minutos\" \/>\n<script type=\"application\/ld+json\" class=\"yoast-schema-graph\">{\"@context\":\"https:\/\/schema.org\",\"@graph\":[{\"@type\":\"WebPage\",\"@id\":\"https:\/\/hermandadesperanzaarahal.es\/blog\/director-espiritual\/\",\"url\":\"https:\/\/hermandadesperanzaarahal.es\/blog\/director-espiritual\/\",\"name\":\"DIRECTOR ESPIRITUAL\",\"isPartOf\":{\"@id\":\"https:\/\/hermandadesperanzaarahal.es\/blog\/#website\"},\"primaryImageOfPage\":{\"@id\":\"https:\/\/hermandadesperanzaarahal.es\/blog\/director-espiritual\/#primaryimage\"},\"image\":{\"@id\":\"https:\/\/hermandadesperanzaarahal.es\/blog\/director-espiritual\/#primaryimage\"},\"thumbnailUrl\":\"https:\/\/hermandadesperanzaarahal.es\/blog\/wp-content\/uploads\/2024\/07\/alejandro-gordon-firma-dtor-espiritual.png\",\"datePublished\":\"2014-01-07T17:41:55+00:00\",\"dateModified\":\"2024-07-08T13:46:29+00:00\",\"description\":\"Queridos hermanos de nuestra hermandad, es para m\u00ed una gran alegr\u00eda poder haceros llegar mi saludo a trav\u00e9s de este medio y entrar en vuestras casas. Creo\",\"breadcrumb\":{\"@id\":\"https:\/\/hermandadesperanzaarahal.es\/blog\/director-espiritual\/#breadcrumb\"},\"inLanguage\":\"es\",\"potentialAction\":[{\"@type\":\"ReadAction\",\"target\":[\"https:\/\/hermandadesperanzaarahal.es\/blog\/director-espiritual\/\"]}]},{\"@type\":\"ImageObject\",\"inLanguage\":\"es\",\"@id\":\"https:\/\/hermandadesperanzaarahal.es\/blog\/director-espiritual\/#primaryimage\",\"url\":\"https:\/\/hermandadesperanzaarahal.es\/blog\/wp-content\/uploads\/2024\/07\/alejandro-gordon-firma-dtor-espiritual.png\",\"contentUrl\":\"https:\/\/hermandadesperanzaarahal.es\/blog\/wp-content\/uploads\/2024\/07\/alejandro-gordon-firma-dtor-espiritual.png\",\"width\":6912,\"height\":2880},{\"@type\":\"BreadcrumbList\",\"@id\":\"https:\/\/hermandadesperanzaarahal.es\/blog\/director-espiritual\/#breadcrumb\",\"itemListElement\":[{\"@type\":\"ListItem\",\"position\":1,\"name\":\"Portada\",\"item\":\"https:\/\/hermandadesperanzaarahal.es\/blog\/\"},{\"@type\":\"ListItem\",\"position\":2,\"name\":\"DIRECTOR ESPIRITUAL\"}]},{\"@type\":\"WebSite\",\"@id\":\"https:\/\/hermandadesperanzaarahal.es\/blog\/#website\",\"url\":\"https:\/\/hermandadesperanzaarahal.es\/blog\/\",\"name\":\"Web Oficial de la Real Hermandad Sacramental y Cofrad\u00eda de Nazarenos del Sant\u00edsimo Cristo de la Esperanza, Nuestra Se\u00f1ora de las Angustias, San Juan Evangelista y Santa Mar\u00eda Magdalena de Arahal (Sevilla).\",\"description\":\"Web Oficial de la Real Hermandad Sacramental y Cofrad\u00eda de Nazarenos del Sant\u00edsimo Cristo de la Esperanza, Nuestra Se\u00f1ora de las Angustias, San Juan Evangelista y Santa Mar\u00eda Magdalena de Arahal (Sevilla).\",\"publisher\":{\"@id\":\"https:\/\/hermandadesperanzaarahal.es\/blog\/#organization\"},\"alternateName\":\"Real Hermandad Sacramental y Cofrad\u00eda de Nazarenos del Sant\u00edsimo Cristo de la Esperanza, Nuestra Se\u00f1ora de las Angustias, San Juan Evangelista y Santa Mar\u00eda Magdalena de Arahal (Sevilla)\",\"potentialAction\":[{\"@type\":\"SearchAction\",\"target\":{\"@type\":\"EntryPoint\",\"urlTemplate\":\"https:\/\/hermandadesperanzaarahal.es\/blog\/?s={search_term_string}\"},\"query-input\":{\"@type\":\"PropertyValueSpecification\",\"valueRequired\":true,\"valueName\":\"search_term_string\"}}],\"inLanguage\":\"es\"},{\"@type\":\"Organization\",\"@id\":\"https:\/\/hermandadesperanzaarahal.es\/blog\/#organization\",\"name\":\"Real Hermandad Sacramental del Sant\u00edsimo Cristo de la Esperanza, Nuestra Se\u00f1ora de las Angustias, San Juan Evangelista y Santa Mar\u00eda Magdalena\",\"alternateName\":\"Real Hermandad Sacramental del Sant\u00edsimo Cristo de la Esperanza - Arahal (Sevilla)\",\"url\":\"https:\/\/hermandadesperanzaarahal.es\/blog\/\",\"logo\":{\"@type\":\"ImageObject\",\"inLanguage\":\"es\",\"@id\":\"https:\/\/hermandadesperanzaarahal.es\/blog\/#\/schema\/logo\/image\/\",\"url\":\"https:\/\/hermandadesperanzaarahal.es\/blog\/wp-content\/uploads\/2021\/03\/ESCUDO-HERMANDAD-ESPERANZA-ARAHAL.png\",\"contentUrl\":\"https:\/\/hermandadesperanzaarahal.es\/blog\/wp-content\/uploads\/2021\/03\/ESCUDO-HERMANDAD-ESPERANZA-ARAHAL.png\",\"width\":1793,\"height\":2472,\"caption\":\"Real Hermandad Sacramental del Sant\u00edsimo Cristo de la Esperanza, Nuestra Se\u00f1ora de las Angustias, San Juan Evangelista y Santa Mar\u00eda Magdalena\"},\"image\":{\"@id\":\"https:\/\/hermandadesperanzaarahal.es\/blog\/#\/schema\/logo\/image\/\"},\"sameAs\":[\"https:\/\/www.facebook.com\/RealHermandadEsperanzaDeArahal\",\"https:\/\/x.com\/hesperanzarahal\"]}]}<\/script>\n<!-- \/ Yoast SEO plugin. -->","yoast_head_json":{"title":"DIRECTOR ESPIRITUAL","description":"Queridos hermanos de nuestra hermandad, es para m\u00ed una gran alegr\u00eda poder haceros llegar mi saludo a trav\u00e9s de este medio y entrar en vuestras casas. Creo","robots":{"index":"index","follow":"follow","max-snippet":"max-snippet:-1","max-image-preview":"max-image-preview:large","max-video-preview":"max-video-preview:-1"},"canonical":"https:\/\/hermandadesperanzaarahal.es\/blog\/director-espiritual\/","og_locale":"es_ES","og_type":"article","og_title":"DIRECTOR ESPIRITUAL","og_description":"Queridos hermanos de nuestra hermandad, es para m\u00ed una gran alegr\u00eda poder haceros llegar mi saludo a trav\u00e9s de este medio y entrar en vuestras casas. Creo","og_url":"https:\/\/hermandadesperanzaarahal.es\/blog\/director-espiritual\/","og_site_name":"Real Hermandad Sacramental del Sant\u00edsimo Cristo de la Esperanza, Nuestra Se\u00f1ora de las Angustias, San Juan Evangelista y Santa Mar\u00eda Magdalena","article_publisher":"https:\/\/www.facebook.com\/RealHermandadEsperanzaDeArahal","article_modified_time":"2024-07-08T13:46:29+00:00","og_image":[{"url":"https:\/\/hermandadesperanzaarahal.es\/blog\/wp-content\/uploads\/2024\/07\/alejandro-gordon-firma-dtor-espiritual.png","type":"","width":"","height":""}],"twitter_card":"summary_large_image","twitter_site":"@hesperanzarahal","twitter_misc":{"Tiempo de lectura":"6 minutos"},"schema":{"@context":"https:\/\/schema.org","@graph":[{"@type":"WebPage","@id":"https:\/\/hermandadesperanzaarahal.es\/blog\/director-espiritual\/","url":"https:\/\/hermandadesperanzaarahal.es\/blog\/director-espiritual\/","name":"DIRECTOR ESPIRITUAL","isPartOf":{"@id":"https:\/\/hermandadesperanzaarahal.es\/blog\/#website"},"primaryImageOfPage":{"@id":"https:\/\/hermandadesperanzaarahal.es\/blog\/director-espiritual\/#primaryimage"},"image":{"@id":"https:\/\/hermandadesperanzaarahal.es\/blog\/director-espiritual\/#primaryimage"},"thumbnailUrl":"https:\/\/hermandadesperanzaarahal.es\/blog\/wp-content\/uploads\/2024\/07\/alejandro-gordon-firma-dtor-espiritual.png","datePublished":"2014-01-07T17:41:55+00:00","dateModified":"2024-07-08T13:46:29+00:00","description":"Queridos hermanos de nuestra hermandad, es para m\u00ed una gran alegr\u00eda poder haceros llegar mi saludo a trav\u00e9s de este medio y entrar en vuestras casas. Creo","breadcrumb":{"@id":"https:\/\/hermandadesperanzaarahal.es\/blog\/director-espiritual\/#breadcrumb"},"inLanguage":"es","potentialAction":[{"@type":"ReadAction","target":["https:\/\/hermandadesperanzaarahal.es\/blog\/director-espiritual\/"]}]},{"@type":"ImageObject","inLanguage":"es","@id":"https:\/\/hermandadesperanzaarahal.es\/blog\/director-espiritual\/#primaryimage","url":"https:\/\/hermandadesperanzaarahal.es\/blog\/wp-content\/uploads\/2024\/07\/alejandro-gordon-firma-dtor-espiritual.png","contentUrl":"https:\/\/hermandadesperanzaarahal.es\/blog\/wp-content\/uploads\/2024\/07\/alejandro-gordon-firma-dtor-espiritual.png","width":6912,"height":2880},{"@type":"BreadcrumbList","@id":"https:\/\/hermandadesperanzaarahal.es\/blog\/director-espiritual\/#breadcrumb","itemListElement":[{"@type":"ListItem","position":1,"name":"Portada","item":"https:\/\/hermandadesperanzaarahal.es\/blog\/"},{"@type":"ListItem","position":2,"name":"DIRECTOR ESPIRITUAL"}]},{"@type":"WebSite","@id":"https:\/\/hermandadesperanzaarahal.es\/blog\/#website","url":"https:\/\/hermandadesperanzaarahal.es\/blog\/","name":"Web Oficial de la Real Hermandad Sacramental y Cofrad\u00eda de Nazarenos del Sant\u00edsimo Cristo de la Esperanza, Nuestra Se\u00f1ora de las Angustias, San Juan Evangelista y Santa Mar\u00eda Magdalena de Arahal (Sevilla).","description":"Web Oficial de la Real Hermandad Sacramental y Cofrad\u00eda de Nazarenos del Sant\u00edsimo Cristo de la Esperanza, Nuestra Se\u00f1ora de las Angustias, San Juan Evangelista y Santa Mar\u00eda Magdalena de Arahal (Sevilla).","publisher":{"@id":"https:\/\/hermandadesperanzaarahal.es\/blog\/#organization"},"alternateName":"Real Hermandad Sacramental y Cofrad\u00eda de Nazarenos del Sant\u00edsimo Cristo de la Esperanza, Nuestra Se\u00f1ora de las Angustias, San Juan Evangelista y Santa Mar\u00eda Magdalena de Arahal (Sevilla)","potentialAction":[{"@type":"SearchAction","target":{"@type":"EntryPoint","urlTemplate":"https:\/\/hermandadesperanzaarahal.es\/blog\/?s={search_term_string}"},"query-input":{"@type":"PropertyValueSpecification","valueRequired":true,"valueName":"search_term_string"}}],"inLanguage":"es"},{"@type":"Organization","@id":"https:\/\/hermandadesperanzaarahal.es\/blog\/#organization","name":"Real Hermandad Sacramental del Sant\u00edsimo Cristo de la Esperanza, Nuestra Se\u00f1ora de las Angustias, San Juan Evangelista y Santa Mar\u00eda Magdalena","alternateName":"Real Hermandad Sacramental del Sant\u00edsimo Cristo de la Esperanza - Arahal (Sevilla)","url":"https:\/\/hermandadesperanzaarahal.es\/blog\/","logo":{"@type":"ImageObject","inLanguage":"es","@id":"https:\/\/hermandadesperanzaarahal.es\/blog\/#\/schema\/logo\/image\/","url":"https:\/\/hermandadesperanzaarahal.es\/blog\/wp-content\/uploads\/2021\/03\/ESCUDO-HERMANDAD-ESPERANZA-ARAHAL.png","contentUrl":"https:\/\/hermandadesperanzaarahal.es\/blog\/wp-content\/uploads\/2021\/03\/ESCUDO-HERMANDAD-ESPERANZA-ARAHAL.png","width":1793,"height":2472,"caption":"Real Hermandad Sacramental del Sant\u00edsimo Cristo de la Esperanza, Nuestra Se\u00f1ora de las Angustias, San Juan Evangelista y Santa Mar\u00eda Magdalena"},"image":{"@id":"https:\/\/hermandadesperanzaarahal.es\/blog\/#\/schema\/logo\/image\/"},"sameAs":["https:\/\/www.facebook.com\/RealHermandadEsperanzaDeArahal","https:\/\/x.com\/hesperanzarahal"]}]}},"_links":{"self":[{"href":"https:\/\/hermandadesperanzaarahal.es\/blog\/wp-json\/wp\/v2\/pages\/210","targetHints":{"allow":["GET"]}}],"collection":[{"href":"https:\/\/hermandadesperanzaarahal.es\/blog\/wp-json\/wp\/v2\/pages"}],"about":[{"href":"https:\/\/hermandadesperanzaarahal.es\/blog\/wp-json\/wp\/v2\/types\/page"}],"author":[{"embeddable":true,"href":"https:\/\/hermandadesperanzaarahal.es\/blog\/wp-json\/wp\/v2\/users\/1"}],"replies":[{"embeddable":true,"href":"https:\/\/hermandadesperanzaarahal.es\/blog\/wp-json\/wp\/v2\/comments?post=210"}],"version-history":[{"count":6,"href":"https:\/\/hermandadesperanzaarahal.es\/blog\/wp-json\/wp\/v2\/pages\/210\/revisions"}],"predecessor-version":[{"id":2928,"href":"https:\/\/hermandadesperanzaarahal.es\/blog\/wp-json\/wp\/v2\/pages\/210\/revisions\/2928"}],"wp:attachment":[{"href":"https:\/\/hermandadesperanzaarahal.es\/blog\/wp-json\/wp\/v2\/media?parent=210"}],"curies":[{"name":"wp","href":"https:\/\/api.w.org\/{rel}","templated":true}]}}