{"id":125,"date":"2013-11-29T18:37:02","date_gmt":"2013-11-29T17:37:02","guid":{"rendered":"http:\/\/hermandadesperanzaarahal.es\/blog\/?page_id=723"},"modified":"2020-12-15T11:42:38","modified_gmt":"2020-12-15T11:42:38","slug":"el-escultor-manuel-pineda-calderon","status":"publish","type":"page","link":"https:\/\/hermandadesperanzaarahal.es\/blog\/el-escultor-manuel-pineda-calderon\/","title":{"rendered":"EL ESCULTOR MANUEL PINEDA CALDER\u00d3N"},"content":{"rendered":"<p style=\"text-align: justify;\">Manuel Pineda Calder\u00f3n (1906-1974), fue uno de los imagineros m\u00e1s activos en la etapa posterior a la Guerra Civil espa\u00f1ola de 1936, en la que se hab\u00eda destruido una ingente cantidad de obras de arte, sobre todo religiosas. Su abultado cat\u00e1logo lo convierte en uno de los m\u00e1s prol\u00edficos de esos a\u00f1os.<\/p>\n<p style=\"text-align: justify;\">Sin embargo, el hecho de haber mantenido siempre su taller en Alcal\u00e1 de Guadaira, su ciudad natal, as\u00ed como no haber recibido encargos de importancia por parte de las Cofrad\u00edas de Sevilla, ha motivado que sea todav\u00eda muy desconocido.<\/p>\n<p style=\"text-align: justify;\">Sus obras se extienden por numerosos pueblos y ciudades de la geograf\u00eda andaluza, extreme\u00f1a, castellana, vasca, etc. En general, todas siguen la l\u00edneas de los grandes maestros del siglo de oro de la imaginer\u00eda sevillana, siendo las suyas f\u00e1cilmente identificables, merced a unos grafismos propios que las hacen inconfundibles.<\/p>\n<p style=\"text-align: justify;\">\u00a0Pero su quehacer art\u00edstico no se limit\u00f3 a la escultura religiosa, sino que cultiv\u00f3 otros muchos campos como la pintura de caballete (tanto de tema profano como sagrado, sobre pan de oro), la talla de retablos, el dise\u00f1o de pasos procesionales, la pintura mural para la decoraci\u00f3n de capillas, la pintura sobre tejido, etc.<\/p>\n<p style=\"text-align: justify;\">Menci\u00f3n aparte merece el preciosismo con que elabora las policrom\u00edas y estofados de sus obras, destacando en este sentido las im\u00e1genes de peque\u00f1o formato, que son todo un tratado o cat\u00e1logo de t\u00e9cnicas y motivos decorativos.<\/p>\n<p style=\"text-align: justify;\">De car\u00e1cter sencillo, amigo de sus amigos, hombre servicial en extremo, fue toda una instituci\u00f3n en la Alcal\u00e1 de su \u00e9poca, y a\u00fan hoy su memoria perdura entre sus paisanos, habiendo recibido varios homenajes en vida, as\u00ed como la rotulaci\u00f3n de una calle con su nombre; de igual modo, fue nombrado Hijo Predilecto de la ciudad, estando enterrado en la Capilla de Nuestra Se\u00f1ora del dulce nombre de Mar\u00eda, de la Parroquia de San Sebasti\u00e1n.<\/p>\n<p><em>GARC\u00cdA GARC\u00cdA, Juan Jorge. EL ESCULTOR MANUEL PINEDA CALDER\u00d3N (1906-1974). Diputaci\u00f3n de Sevilla. Servicio de Archivo y Publicaciones y Ayuntamiento de Alcal\u00e1 de Guadaira. Delegaci\u00f3n de Cultura. Arte Hispalense, 76. Sevilla. 2005.<\/em><\/p>\n","protected":false},"excerpt":{"rendered":"<p>Manuel Pineda Calder\u00f3n (1906-1974), fue uno de los imagineros m\u00e1s activos en la etapa posterior a la Guerra Civil espa\u00f1ola de 1936, en la que se hab\u00eda destruido una ingente cantidad de obras de arte, sobre todo religiosas. Su abultado cat\u00e1logo lo convierte en uno de los m\u00e1s prol\u00edficos de esos a\u00f1os. Sin embargo, el [&hellip;]<\/p>\n","protected":false},"author":1,"featured_media":0,"parent":0,"menu_order":0,"comment_status":"closed","ping_status":"open","template":"","meta":{"_editorskit_title_hidden":false,"_editorskit_reading_time":0,"_editorskit_is_block_options_detached":false,"_editorskit_block_options_position":"{}","footnotes":""},"class_list":["post-125","page","type-page","status-publish","hentry"],"yoast_head":"<!-- This site is optimized with the Yoast SEO plugin v24.7 - https:\/\/yoast.com\/wordpress\/plugins\/seo\/ -->\n<title>EL ESCULTOR MANUEL PINEDA CALDER\u00d3N<\/title>\n<meta name=\"description\" content=\"Manuel Pineda Calder\u00f3n (1906-1974), fue uno de los imagineros m\u00e1s activos en la etapa posterior a la Guerra Civil espa\u00f1ola de 1936, en la que se hab\u00eda\" \/>\n<meta name=\"robots\" content=\"index, follow, max-snippet:-1, max-image-preview:large, max-video-preview:-1\" \/>\n<link rel=\"canonical\" href=\"https:\/\/hermandadesperanzaarahal.es\/blog\/el-escultor-manuel-pineda-calderon\/\" \/>\n<meta property=\"og:locale\" content=\"es_ES\" \/>\n<meta property=\"og:type\" content=\"article\" \/>\n<meta property=\"og:title\" content=\"EL ESCULTOR MANUEL PINEDA CALDER\u00d3N\" \/>\n<meta property=\"og:description\" content=\"Manuel Pineda Calder\u00f3n (1906-1974), fue uno de los imagineros m\u00e1s activos en la etapa posterior a la Guerra Civil espa\u00f1ola de 1936, en la que se hab\u00eda\" \/>\n<meta property=\"og:url\" content=\"https:\/\/hermandadesperanzaarahal.es\/blog\/el-escultor-manuel-pineda-calderon\/\" \/>\n<meta property=\"og:site_name\" content=\"Real Hermandad Sacramental del Sant\u00edsimo Cristo de la Esperanza, Nuestra Se\u00f1ora de las Angustias, San Juan Evangelista y Santa Mar\u00eda Magdalena\" \/>\n<meta property=\"article:publisher\" content=\"https:\/\/www.facebook.com\/RealHermandadEsperanzaDeArahal\" \/>\n<meta property=\"article:modified_time\" content=\"2020-12-15T11:42:38+00:00\" \/>\n<meta property=\"og:image\" content=\"https:\/\/hermandadesperanzaarahal.es\/blog\/wp-content\/uploads\/2021\/03\/escudo512.jpg\" \/>\n\t<meta property=\"og:image:width\" content=\"512\" \/>\n\t<meta property=\"og:image:height\" content=\"512\" \/>\n\t<meta property=\"og:image:type\" content=\"image\/jpeg\" \/>\n<meta name=\"twitter:card\" content=\"summary_large_image\" \/>\n<meta name=\"twitter:site\" content=\"@hesperanzarahal\" \/>\n<meta name=\"twitter:label1\" content=\"Tiempo de lectura\" \/>\n\t<meta name=\"twitter:data1\" content=\"2 minutos\" \/>\n<script type=\"application\/ld+json\" class=\"yoast-schema-graph\">{\"@context\":\"https:\/\/schema.org\",\"@graph\":[{\"@type\":\"WebPage\",\"@id\":\"https:\/\/hermandadesperanzaarahal.es\/blog\/el-escultor-manuel-pineda-calderon\/\",\"url\":\"https:\/\/hermandadesperanzaarahal.es\/blog\/el-escultor-manuel-pineda-calderon\/\",\"name\":\"EL ESCULTOR MANUEL PINEDA CALDER\u00d3N\",\"isPartOf\":{\"@id\":\"https:\/\/hermandadesperanzaarahal.es\/blog\/#website\"},\"datePublished\":\"2013-11-29T17:37:02+00:00\",\"dateModified\":\"2020-12-15T11:42:38+00:00\",\"description\":\"Manuel Pineda Calder\u00f3n (1906-1974), fue uno de los imagineros m\u00e1s activos en la etapa posterior a la Guerra Civil espa\u00f1ola de 1936, en la que se hab\u00eda\",\"breadcrumb\":{\"@id\":\"https:\/\/hermandadesperanzaarahal.es\/blog\/el-escultor-manuel-pineda-calderon\/#breadcrumb\"},\"inLanguage\":\"es\",\"potentialAction\":[{\"@type\":\"ReadAction\",\"target\":[\"https:\/\/hermandadesperanzaarahal.es\/blog\/el-escultor-manuel-pineda-calderon\/\"]}]},{\"@type\":\"BreadcrumbList\",\"@id\":\"https:\/\/hermandadesperanzaarahal.es\/blog\/el-escultor-manuel-pineda-calderon\/#breadcrumb\",\"itemListElement\":[{\"@type\":\"ListItem\",\"position\":1,\"name\":\"Portada\",\"item\":\"https:\/\/hermandadesperanzaarahal.es\/blog\/\"},{\"@type\":\"ListItem\",\"position\":2,\"name\":\"EL ESCULTOR MANUEL PINEDA CALDER\u00d3N\"}]},{\"@type\":\"WebSite\",\"@id\":\"https:\/\/hermandadesperanzaarahal.es\/blog\/#website\",\"url\":\"https:\/\/hermandadesperanzaarahal.es\/blog\/\",\"name\":\"Web Oficial de la Real Hermandad Sacramental y Cofrad\u00eda de Nazarenos del Sant\u00edsimo Cristo de la Esperanza, Nuestra Se\u00f1ora de las Angustias, San Juan Evangelista y Santa Mar\u00eda Magdalena de Arahal (Sevilla).\",\"description\":\"Web Oficial de la Real Hermandad Sacramental y Cofrad\u00eda de Nazarenos del Sant\u00edsimo Cristo de la Esperanza, Nuestra Se\u00f1ora de las Angustias, San Juan Evangelista y Santa Mar\u00eda Magdalena de Arahal (Sevilla).\",\"publisher\":{\"@id\":\"https:\/\/hermandadesperanzaarahal.es\/blog\/#organization\"},\"alternateName\":\"Real Hermandad Sacramental y Cofrad\u00eda de Nazarenos del Sant\u00edsimo Cristo de la Esperanza, Nuestra Se\u00f1ora de las Angustias, San Juan Evangelista y Santa Mar\u00eda Magdalena de Arahal (Sevilla)\",\"potentialAction\":[{\"@type\":\"SearchAction\",\"target\":{\"@type\":\"EntryPoint\",\"urlTemplate\":\"https:\/\/hermandadesperanzaarahal.es\/blog\/?s={search_term_string}\"},\"query-input\":{\"@type\":\"PropertyValueSpecification\",\"valueRequired\":true,\"valueName\":\"search_term_string\"}}],\"inLanguage\":\"es\"},{\"@type\":\"Organization\",\"@id\":\"https:\/\/hermandadesperanzaarahal.es\/blog\/#organization\",\"name\":\"Real Hermandad Sacramental del Sant\u00edsimo Cristo de la Esperanza, Nuestra Se\u00f1ora de las Angustias, San Juan Evangelista y Santa Mar\u00eda Magdalena\",\"alternateName\":\"Real Hermandad Sacramental del Sant\u00edsimo Cristo de la Esperanza - Arahal (Sevilla)\",\"url\":\"https:\/\/hermandadesperanzaarahal.es\/blog\/\",\"logo\":{\"@type\":\"ImageObject\",\"inLanguage\":\"es\",\"@id\":\"https:\/\/hermandadesperanzaarahal.es\/blog\/#\/schema\/logo\/image\/\",\"url\":\"https:\/\/hermandadesperanzaarahal.es\/blog\/wp-content\/uploads\/2021\/03\/ESCUDO-HERMANDAD-ESPERANZA-ARAHAL.png\",\"contentUrl\":\"https:\/\/hermandadesperanzaarahal.es\/blog\/wp-content\/uploads\/2021\/03\/ESCUDO-HERMANDAD-ESPERANZA-ARAHAL.png\",\"width\":1793,\"height\":2472,\"caption\":\"Real Hermandad Sacramental del Sant\u00edsimo Cristo de la Esperanza, Nuestra Se\u00f1ora de las Angustias, San Juan Evangelista y Santa Mar\u00eda Magdalena\"},\"image\":{\"@id\":\"https:\/\/hermandadesperanzaarahal.es\/blog\/#\/schema\/logo\/image\/\"},\"sameAs\":[\"https:\/\/www.facebook.com\/RealHermandadEsperanzaDeArahal\",\"https:\/\/x.com\/hesperanzarahal\"]}]}<\/script>\n<!-- \/ Yoast SEO plugin. -->","yoast_head_json":{"title":"EL ESCULTOR MANUEL PINEDA CALDER\u00d3N","description":"Manuel Pineda Calder\u00f3n (1906-1974), fue uno de los imagineros m\u00e1s activos en la etapa posterior a la Guerra Civil espa\u00f1ola de 1936, en la que se hab\u00eda","robots":{"index":"index","follow":"follow","max-snippet":"max-snippet:-1","max-image-preview":"max-image-preview:large","max-video-preview":"max-video-preview:-1"},"canonical":"https:\/\/hermandadesperanzaarahal.es\/blog\/el-escultor-manuel-pineda-calderon\/","og_locale":"es_ES","og_type":"article","og_title":"EL ESCULTOR MANUEL PINEDA CALDER\u00d3N","og_description":"Manuel Pineda Calder\u00f3n (1906-1974), fue uno de los imagineros m\u00e1s activos en la etapa posterior a la Guerra Civil espa\u00f1ola de 1936, en la que se hab\u00eda","og_url":"https:\/\/hermandadesperanzaarahal.es\/blog\/el-escultor-manuel-pineda-calderon\/","og_site_name":"Real Hermandad Sacramental del Sant\u00edsimo Cristo de la Esperanza, Nuestra Se\u00f1ora de las Angustias, San Juan Evangelista y Santa Mar\u00eda Magdalena","article_publisher":"https:\/\/www.facebook.com\/RealHermandadEsperanzaDeArahal","article_modified_time":"2020-12-15T11:42:38+00:00","og_image":[{"width":512,"height":512,"url":"https:\/\/hermandadesperanzaarahal.es\/blog\/wp-content\/uploads\/2021\/03\/escudo512.jpg","type":"image\/jpeg"}],"twitter_card":"summary_large_image","twitter_site":"@hesperanzarahal","twitter_misc":{"Tiempo de lectura":"2 minutos"},"schema":{"@context":"https:\/\/schema.org","@graph":[{"@type":"WebPage","@id":"https:\/\/hermandadesperanzaarahal.es\/blog\/el-escultor-manuel-pineda-calderon\/","url":"https:\/\/hermandadesperanzaarahal.es\/blog\/el-escultor-manuel-pineda-calderon\/","name":"EL ESCULTOR MANUEL PINEDA CALDER\u00d3N","isPartOf":{"@id":"https:\/\/hermandadesperanzaarahal.es\/blog\/#website"},"datePublished":"2013-11-29T17:37:02+00:00","dateModified":"2020-12-15T11:42:38+00:00","description":"Manuel Pineda Calder\u00f3n (1906-1974), fue uno de los imagineros m\u00e1s activos en la etapa posterior a la Guerra Civil espa\u00f1ola de 1936, en la que se hab\u00eda","breadcrumb":{"@id":"https:\/\/hermandadesperanzaarahal.es\/blog\/el-escultor-manuel-pineda-calderon\/#breadcrumb"},"inLanguage":"es","potentialAction":[{"@type":"ReadAction","target":["https:\/\/hermandadesperanzaarahal.es\/blog\/el-escultor-manuel-pineda-calderon\/"]}]},{"@type":"BreadcrumbList","@id":"https:\/\/hermandadesperanzaarahal.es\/blog\/el-escultor-manuel-pineda-calderon\/#breadcrumb","itemListElement":[{"@type":"ListItem","position":1,"name":"Portada","item":"https:\/\/hermandadesperanzaarahal.es\/blog\/"},{"@type":"ListItem","position":2,"name":"EL ESCULTOR MANUEL PINEDA CALDER\u00d3N"}]},{"@type":"WebSite","@id":"https:\/\/hermandadesperanzaarahal.es\/blog\/#website","url":"https:\/\/hermandadesperanzaarahal.es\/blog\/","name":"Web Oficial de la Real Hermandad Sacramental y Cofrad\u00eda de Nazarenos del Sant\u00edsimo Cristo de la Esperanza, Nuestra Se\u00f1ora de las Angustias, San Juan Evangelista y Santa Mar\u00eda Magdalena de Arahal (Sevilla).","description":"Web Oficial de la Real Hermandad Sacramental y Cofrad\u00eda de Nazarenos del Sant\u00edsimo Cristo de la Esperanza, Nuestra Se\u00f1ora de las Angustias, San Juan Evangelista y Santa Mar\u00eda Magdalena de Arahal (Sevilla).","publisher":{"@id":"https:\/\/hermandadesperanzaarahal.es\/blog\/#organization"},"alternateName":"Real Hermandad Sacramental y Cofrad\u00eda de Nazarenos del Sant\u00edsimo Cristo de la Esperanza, Nuestra Se\u00f1ora de las Angustias, San Juan Evangelista y Santa Mar\u00eda Magdalena de Arahal (Sevilla)","potentialAction":[{"@type":"SearchAction","target":{"@type":"EntryPoint","urlTemplate":"https:\/\/hermandadesperanzaarahal.es\/blog\/?s={search_term_string}"},"query-input":{"@type":"PropertyValueSpecification","valueRequired":true,"valueName":"search_term_string"}}],"inLanguage":"es"},{"@type":"Organization","@id":"https:\/\/hermandadesperanzaarahal.es\/blog\/#organization","name":"Real Hermandad Sacramental del Sant\u00edsimo Cristo de la Esperanza, Nuestra Se\u00f1ora de las Angustias, San Juan Evangelista y Santa Mar\u00eda Magdalena","alternateName":"Real Hermandad Sacramental del Sant\u00edsimo Cristo de la Esperanza - Arahal (Sevilla)","url":"https:\/\/hermandadesperanzaarahal.es\/blog\/","logo":{"@type":"ImageObject","inLanguage":"es","@id":"https:\/\/hermandadesperanzaarahal.es\/blog\/#\/schema\/logo\/image\/","url":"https:\/\/hermandadesperanzaarahal.es\/blog\/wp-content\/uploads\/2021\/03\/ESCUDO-HERMANDAD-ESPERANZA-ARAHAL.png","contentUrl":"https:\/\/hermandadesperanzaarahal.es\/blog\/wp-content\/uploads\/2021\/03\/ESCUDO-HERMANDAD-ESPERANZA-ARAHAL.png","width":1793,"height":2472,"caption":"Real Hermandad Sacramental del Sant\u00edsimo Cristo de la Esperanza, Nuestra Se\u00f1ora de las Angustias, San Juan Evangelista y Santa Mar\u00eda Magdalena"},"image":{"@id":"https:\/\/hermandadesperanzaarahal.es\/blog\/#\/schema\/logo\/image\/"},"sameAs":["https:\/\/www.facebook.com\/RealHermandadEsperanzaDeArahal","https:\/\/x.com\/hesperanzarahal"]}]}},"_links":{"self":[{"href":"https:\/\/hermandadesperanzaarahal.es\/blog\/wp-json\/wp\/v2\/pages\/125","targetHints":{"allow":["GET"]}}],"collection":[{"href":"https:\/\/hermandadesperanzaarahal.es\/blog\/wp-json\/wp\/v2\/pages"}],"about":[{"href":"https:\/\/hermandadesperanzaarahal.es\/blog\/wp-json\/wp\/v2\/types\/page"}],"author":[{"embeddable":true,"href":"https:\/\/hermandadesperanzaarahal.es\/blog\/wp-json\/wp\/v2\/users\/1"}],"replies":[{"embeddable":true,"href":"https:\/\/hermandadesperanzaarahal.es\/blog\/wp-json\/wp\/v2\/comments?post=125"}],"version-history":[{"count":1,"href":"https:\/\/hermandadesperanzaarahal.es\/blog\/wp-json\/wp\/v2\/pages\/125\/revisions"}],"predecessor-version":[{"id":2654,"href":"https:\/\/hermandadesperanzaarahal.es\/blog\/wp-json\/wp\/v2\/pages\/125\/revisions\/2654"}],"wp:attachment":[{"href":"https:\/\/hermandadesperanzaarahal.es\/blog\/wp-json\/wp\/v2\/media?parent=125"}],"curies":[{"name":"wp","href":"https:\/\/api.w.org\/{rel}","templated":true}]}}